{"id":6606,"date":"2025-05-21T12:48:07","date_gmt":"2025-05-21T12:48:07","guid":{"rendered":"https:\/\/sc.digimotions.be\/brochures\/revor-brochures\/"},"modified":"2025-05-27T13:21:30","modified_gmt":"2025-05-27T13:21:30","slug":"brochures-revor","status":"publish","type":"page","link":"https:\/\/sc.digimotions.be\/fr\/brochures\/brochures-revor\/","title":{"rendered":"Revor brochures"},"content":{"rendered":"\n\n\t<h1>\n\t\t\t\tBrochures Revor\n\t\t\t<\/h1>\n\t<blockquote><p>Revor est une marque 100% belge qui propose des solutions de sommeil de haute qualit\u00e9 depuis 1972. Avec plus de 50 ans d&rsquo;exp\u00e9rience, Revor allie savoir-faire et innovation pour un confort ergonomique. Ses produits sont fabriqu\u00e9s \u00e0 partir de mat\u00e9riaux de qualit\u00e9 tels que le latex, la mousse \u00e0 m\u00e9moire de forme et les mousses hybrides, d\u00e9velopp\u00e9s en collaboration avec des experts du sommeil. Revor est \u00e9galement tr\u00e8s attach\u00e9 au d\u00e9veloppement durable, avec des initiatives telles que l&rsquo;\u00e9nergie solaire et les matelas circulaires. Chaque lit et matelas est enti\u00e8rement personnalisable, du rev\u00eatement aux pieds, et constitue un atout pour votre int\u00e9rieur, tant sur le plan fonctionnel qu&rsquo;esth\u00e9tique.<\/p><\/blockquote>\n\t\t\t\t<img loading=\"lazy\" decoding=\"async\" src=\"https:\/\/sc.digimotions.be\/wp-content\/uploads\/2025\/05\/Revor-brochure.jpg\" alt=\"Revor-brochure\" itemprop=\"image\" height=\"1500\" width=\"1061\" title=\"Revor-brochure\" onerror=\"this.style.display='none'\"  \/>\n\t<h4>\n\t\t\t\tRevor &#8211; \u00c0 la carte\n\t\t\t<\/h4>\n\t\t\t<a href=\"https:\/\/sc.digimotions.be\/fr\/brochures\/brochures-revor\/revor-a-la-carte\/\" title=\"Click Here\" target=\"_self\" role=\"button\" aria-label=\"Demande de brochure\" rel=\"noopener\">\n\t\t\t\t\t\t\tDemande de brochure\n\t\t<\/a>\n\t<h3>\n\t\t\t\tVous voulez vous r\u00e9veiller chaque jour en vous sentant bien repos\u00e9 ?\n\t\t\t<\/h3>\n\t\t\t<p>Alors, venez nous rendre une petite visite. Dans une atmosph\u00e8re d\u00e9tendue et conviviale, nous vous aiderons \u00e0 trouver votre confort de sommeil optimal.<\/p>\t\n\t\t\t<a href=\"https:\/\/sc.digimotions.be\/fr\/contactez-nous\/\" title=\"Click Here\" target=\"_self\" role=\"button\" aria-label=\"Venez nous voir\" rel=\"noopener\">\n\t\t\t\t\t\t\tVenez nous voir\n\t\t<\/a>\n\n","protected":false},"excerpt":{"rendered":"<p>Brochures Revor Revor est une marque 100% belge qui propose des solutions de sommeil de haute qualit\u00e9 depuis 1972. Avec plus de 50 ans d&rsquo;exp\u00e9rience, Revor allie savoir-faire et innovation pour un confort ergonomique. Ses produits sont fabriqu\u00e9s \u00e0 partir de mat\u00e9riaux de qualit\u00e9 tels que le latex, la mousse \u00e0 m\u00e9moire de forme et [&hellip;]<\/p>\n","protected":false},"author":1,"featured_media":0,"parent":3328,"menu_order":0,"comment_status":"closed","ping_status":"closed","template":"","meta":{"_uag_custom_page_level_css":"","site-sidebar-layout":"no-sidebar","site-content-layout":"page-builder","ast-site-content-layout":"full-width-container","site-content-style":"unboxed","site-sidebar-style":"unboxed","ast-global-header-display":"","ast-banner-title-visibility":"","ast-main-header-display":"","ast-hfb-above-header-display":"","ast-hfb-below-header-display":"","ast-hfb-mobile-header-display":"","site-post-title":"disabled","ast-breadcrumbs-content":"","ast-featured-img":"disabled","footer-sml-layout":"","ast-disable-related-posts":"","theme-transparent-header-meta":"default","adv-header-id-meta":"","stick-header-meta":"default","header-above-stick-meta":"","header-main-stick-meta":"","header-below-stick-meta":"","astra-migrate-meta-layouts":"set","ast-page-background-enabled":"default","ast-page-background-meta":{"desktop":{"background-color":"","background-image":"","background-repeat":"repeat","background-position":"center center","background-size":"auto","background-attachment":"scroll","background-type":"","background-media":"","overlay-type":"","overlay-color":"","overlay-opacity":"","overlay-gradient":""},"tablet":{"background-color":"","background-image":"","background-repeat":"repeat","background-position":"center center","background-size":"auto","background-attachment":"scroll","background-type":"","background-media":"","overlay-type":"","overlay-color":"","overlay-opacity":"","overlay-gradient":""},"mobile":{"background-color":"","background-image":"","background-repeat":"repeat","background-position":"center center","background-size":"auto","background-attachment":"scroll","background-type":"","background-media":"","overlay-type":"","overlay-color":"","overlay-opacity":"","overlay-gradient":""}},"ast-content-background-meta":{"desktop":{"background-color":"var(--ast-global-color-5)","background-image":"","background-repeat":"repeat","background-position":"center center","background-size":"auto","background-attachment":"scroll","background-type":"","background-media":"","overlay-type":"","overlay-color":"","overlay-opacity":"","overlay-gradient":""},"tablet":{"background-color":"var(--ast-global-color-5)","background-image":"","background-repeat":"repeat","background-position":"center center","background-size":"auto","background-attachment":"scroll","background-type":"","background-media":"","overlay-type":"","overlay-color":"","overlay-opacity":"","overlay-gradient":""},"mobile":{"background-color":"var(--ast-global-color-5)","background-image":"","background-repeat":"repeat","background-position":"center center","background-size":"auto","background-attachment":"scroll","background-type":"","background-media":"","overlay-type":"","overlay-color":"","overlay-opacity":"","overlay-gradient":""}},"footnotes":""},"class_list":["post-6606","page","type-page","status-publish","hentry"],"yoast_head":"<!-- This site is optimized with the Yoast SEO plugin v27.4 - https:\/\/yoast.com\/product\/yoast-seo-wordpress\/ -->\n<title>T\u00e9l\u00e9charger nos brochures Revor | Slaap Concept \u00c0 Ninove<\/title>\n<meta name=\"description\" content=\"En qu\u00eate d&#039;inspiration ? T\u00e9l\u00e9chargez gratuitement l&#039;une de nos brochures Revor.\" \/>\n<meta name=\"robots\" content=\"index, follow, max-snippet:-1, max-image-preview:large, max-video-preview:-1\" \/>\n<link rel=\"canonical\" href=\"https:\/\/sc.digimotions.be\/fr\/brochures\/brochures-revor\/\" \/>\n<meta property=\"og:locale\" content=\"fr_FR\" \/>\n<meta property=\"og:type\" content=\"article\" \/>\n<meta property=\"og:title\" content=\"T\u00e9l\u00e9charger nos brochures Revor | Slaap Concept \u00c0 Ninove\" \/>\n<meta property=\"og:description\" content=\"En qu\u00eate d&#039;inspiration ? T\u00e9l\u00e9chargez gratuitement l&#039;une de nos brochures Revor.\" \/>\n<meta property=\"og:url\" content=\"https:\/\/sc.digimotions.be\/fr\/brochures\/brochures-revor\/\" \/>\n<meta property=\"og:site_name\" content=\"Slaap Concept\" \/>\n<meta property=\"article:modified_time\" content=\"2025-05-27T13:21:30+00:00\" \/>\n<meta property=\"og:image\" content=\"https:\/\/sc.digimotions.be\/wp-content\/uploads\/2025\/05\/Revor-brochure.jpg\" \/>\n<meta name=\"twitter:card\" content=\"summary_large_image\" \/>\n<meta name=\"twitter:label1\" content=\"Dur\u00e9e de lecture estim\u00e9e\" \/>\n\t<meta name=\"twitter:data1\" content=\"1 minute\" \/>\n<script type=\"application\/ld+json\" class=\"yoast-schema-graph\">{\"@context\":\"https:\\\/\\\/schema.org\",\"@graph\":[{\"@type\":\"WebPage\",\"@id\":\"https:\\\/\\\/sc.digimotions.be\\\/fr\\\/brochures\\\/brochures-revor\\\/\",\"url\":\"https:\\\/\\\/sc.digimotions.be\\\/fr\\\/brochures\\\/brochures-revor\\\/\",\"name\":\"T\u00e9l\u00e9charger nos brochures Revor | Slaap Concept \u00c0 Ninove\",\"isPartOf\":{\"@id\":\"https:\\\/\\\/sc.digimotions.be\\\/fr\\\/#website\"},\"primaryImageOfPage\":{\"@id\":\"https:\\\/\\\/sc.digimotions.be\\\/fr\\\/brochures\\\/brochures-revor\\\/#primaryimage\"},\"image\":{\"@id\":\"https:\\\/\\\/sc.digimotions.be\\\/fr\\\/brochures\\\/brochures-revor\\\/#primaryimage\"},\"thumbnailUrl\":\"https:\\\/\\\/sc.digimotions.be\\\/wp-content\\\/uploads\\\/2025\\\/05\\\/Revor-brochure.jpg\",\"datePublished\":\"2025-05-21T12:48:07+00:00\",\"dateModified\":\"2025-05-27T13:21:30+00:00\",\"description\":\"En qu\u00eate d'inspiration ? T\u00e9l\u00e9chargez gratuitement l'une de nos brochures Revor.\",\"breadcrumb\":{\"@id\":\"https:\\\/\\\/sc.digimotions.be\\\/fr\\\/brochures\\\/brochures-revor\\\/#breadcrumb\"},\"inLanguage\":\"fr-FR\",\"potentialAction\":[{\"@type\":\"ReadAction\",\"target\":[\"https:\\\/\\\/sc.digimotions.be\\\/fr\\\/brochures\\\/brochures-revor\\\/\"]}]},{\"@type\":\"ImageObject\",\"inLanguage\":\"fr-FR\",\"@id\":\"https:\\\/\\\/sc.digimotions.be\\\/fr\\\/brochures\\\/brochures-revor\\\/#primaryimage\",\"url\":\"https:\\\/\\\/sc.digimotions.be\\\/wp-content\\\/uploads\\\/2025\\\/05\\\/Revor-brochure.jpg\",\"contentUrl\":\"https:\\\/\\\/sc.digimotions.be\\\/wp-content\\\/uploads\\\/2025\\\/05\\\/Revor-brochure.jpg\"},{\"@type\":\"BreadcrumbList\",\"@id\":\"https:\\\/\\\/sc.digimotions.be\\\/fr\\\/brochures\\\/brochures-revor\\\/#breadcrumb\",\"itemListElement\":[{\"@type\":\"ListItem\",\"position\":1,\"name\":\"Home\",\"item\":\"https:\\\/\\\/sc.digimotions.be\\\/fr\\\/\"},{\"@type\":\"ListItem\",\"position\":2,\"name\":\"Brochures\",\"item\":\"https:\\\/\\\/sc.digimotions.be\\\/fr\\\/brochures\\\/\"},{\"@type\":\"ListItem\",\"position\":3,\"name\":\"Revor brochures\"}]},{\"@type\":\"WebSite\",\"@id\":\"https:\\\/\\\/sc.digimotions.be\\\/fr\\\/#website\",\"url\":\"https:\\\/\\\/sc.digimotions.be\\\/fr\\\/\",\"name\":\"Slaap Concept\",\"description\":\"Jouw ultieme slaapervaring vind je bij Slaap Concept\",\"publisher\":{\"@id\":\"https:\\\/\\\/sc.digimotions.be\\\/fr\\\/#organization\"},\"potentialAction\":[{\"@type\":\"SearchAction\",\"target\":{\"@type\":\"EntryPoint\",\"urlTemplate\":\"https:\\\/\\\/sc.digimotions.be\\\/fr\\\/?s={search_term_string}\"},\"query-input\":{\"@type\":\"PropertyValueSpecification\",\"valueRequired\":true,\"valueName\":\"search_term_string\"}}],\"inLanguage\":\"fr-FR\"},{\"@type\":\"Organization\",\"@id\":\"https:\\\/\\\/sc.digimotions.be\\\/fr\\\/#organization\",\"name\":\"Slaap Concept\",\"url\":\"https:\\\/\\\/sc.digimotions.be\\\/fr\\\/\",\"logo\":{\"@type\":\"ImageObject\",\"inLanguage\":\"fr-FR\",\"@id\":\"https:\\\/\\\/sc.digimotions.be\\\/fr\\\/#\\\/schema\\\/logo\\\/image\\\/\",\"url\":\"https:\\\/\\\/sc.digimotions.be\\\/wp-content\\\/uploads\\\/2021\\\/04\\\/logo.png\",\"contentUrl\":\"https:\\\/\\\/sc.digimotions.be\\\/wp-content\\\/uploads\\\/2021\\\/04\\\/logo.png\",\"width\":645,\"height\":241,\"caption\":\"Slaap Concept\"},\"image\":{\"@id\":\"https:\\\/\\\/sc.digimotions.be\\\/fr\\\/#\\\/schema\\\/logo\\\/image\\\/\"}}]}<\/script>\n<!-- \/ Yoast SEO plugin. -->","yoast_head_json":{"title":"T\u00e9l\u00e9charger nos brochures Revor | Slaap Concept \u00c0 Ninove","description":"En qu\u00eate d'inspiration ? T\u00e9l\u00e9chargez gratuitement l'une de nos brochures Revor.","robots":{"index":"index","follow":"follow","max-snippet":"max-snippet:-1","max-image-preview":"max-image-preview:large","max-video-preview":"max-video-preview:-1"},"canonical":"https:\/\/sc.digimotions.be\/fr\/brochures\/brochures-revor\/","og_locale":"fr_FR","og_type":"article","og_title":"T\u00e9l\u00e9charger nos brochures Revor | Slaap Concept \u00c0 Ninove","og_description":"En qu\u00eate d'inspiration ? T\u00e9l\u00e9chargez gratuitement l'une de nos brochures Revor.","og_url":"https:\/\/sc.digimotions.be\/fr\/brochures\/brochures-revor\/","og_site_name":"Slaap Concept","article_modified_time":"2025-05-27T13:21:30+00:00","og_image":[{"url":"https:\/\/sc.digimotions.be\/wp-content\/uploads\/2025\/05\/Revor-brochure.jpg","type":"","width":"","height":""}],"twitter_card":"summary_large_image","twitter_misc":{"Dur\u00e9e de lecture estim\u00e9e":"1 minute"},"schema":{"@context":"https:\/\/schema.org","@graph":[{"@type":"WebPage","@id":"https:\/\/sc.digimotions.be\/fr\/brochures\/brochures-revor\/","url":"https:\/\/sc.digimotions.be\/fr\/brochures\/brochures-revor\/","name":"T\u00e9l\u00e9charger nos brochures Revor | Slaap Concept \u00c0 Ninove","isPartOf":{"@id":"https:\/\/sc.digimotions.be\/fr\/#website"},"primaryImageOfPage":{"@id":"https:\/\/sc.digimotions.be\/fr\/brochures\/brochures-revor\/#primaryimage"},"image":{"@id":"https:\/\/sc.digimotions.be\/fr\/brochures\/brochures-revor\/#primaryimage"},"thumbnailUrl":"https:\/\/sc.digimotions.be\/wp-content\/uploads\/2025\/05\/Revor-brochure.jpg","datePublished":"2025-05-21T12:48:07+00:00","dateModified":"2025-05-27T13:21:30+00:00","description":"En qu\u00eate d'inspiration ? T\u00e9l\u00e9chargez gratuitement l'une de nos brochures Revor.","breadcrumb":{"@id":"https:\/\/sc.digimotions.be\/fr\/brochures\/brochures-revor\/#breadcrumb"},"inLanguage":"fr-FR","potentialAction":[{"@type":"ReadAction","target":["https:\/\/sc.digimotions.be\/fr\/brochures\/brochures-revor\/"]}]},{"@type":"ImageObject","inLanguage":"fr-FR","@id":"https:\/\/sc.digimotions.be\/fr\/brochures\/brochures-revor\/#primaryimage","url":"https:\/\/sc.digimotions.be\/wp-content\/uploads\/2025\/05\/Revor-brochure.jpg","contentUrl":"https:\/\/sc.digimotions.be\/wp-content\/uploads\/2025\/05\/Revor-brochure.jpg"},{"@type":"BreadcrumbList","@id":"https:\/\/sc.digimotions.be\/fr\/brochures\/brochures-revor\/#breadcrumb","itemListElement":[{"@type":"ListItem","position":1,"name":"Home","item":"https:\/\/sc.digimotions.be\/fr\/"},{"@type":"ListItem","position":2,"name":"Brochures","item":"https:\/\/sc.digimotions.be\/fr\/brochures\/"},{"@type":"ListItem","position":3,"name":"Revor brochures"}]},{"@type":"WebSite","@id":"https:\/\/sc.digimotions.be\/fr\/#website","url":"https:\/\/sc.digimotions.be\/fr\/","name":"Slaap Concept","description":"Jouw ultieme slaapervaring vind je bij Slaap Concept","publisher":{"@id":"https:\/\/sc.digimotions.be\/fr\/#organization"},"potentialAction":[{"@type":"SearchAction","target":{"@type":"EntryPoint","urlTemplate":"https:\/\/sc.digimotions.be\/fr\/?s={search_term_string}"},"query-input":{"@type":"PropertyValueSpecification","valueRequired":true,"valueName":"search_term_string"}}],"inLanguage":"fr-FR"},{"@type":"Organization","@id":"https:\/\/sc.digimotions.be\/fr\/#organization","name":"Slaap Concept","url":"https:\/\/sc.digimotions.be\/fr\/","logo":{"@type":"ImageObject","inLanguage":"fr-FR","@id":"https:\/\/sc.digimotions.be\/fr\/#\/schema\/logo\/image\/","url":"https:\/\/sc.digimotions.be\/wp-content\/uploads\/2021\/04\/logo.png","contentUrl":"https:\/\/sc.digimotions.be\/wp-content\/uploads\/2021\/04\/logo.png","width":645,"height":241,"caption":"Slaap Concept"},"image":{"@id":"https:\/\/sc.digimotions.be\/fr\/#\/schema\/logo\/image\/"}}]}},"uagb_featured_image_src":{"full":false,"thumbnail":false,"medium":false,"medium_large":false,"large":false,"1536x1536":false,"2048x2048":false,"gform-image-choice-sm":false,"gform-image-choice-md":false,"gform-image-choice-lg":false,"woocommerce_thumbnail":false,"woocommerce_single":false,"woocommerce_gallery_thumbnail":false},"uagb_author_info":{"display_name":"admin","author_link":"https:\/\/sc.digimotions.be\/fr\/author\/admin\/"},"uagb_comment_info":0,"uagb_excerpt":"Brochures Revor Revor est une marque 100% belge qui propose des solutions de sommeil de haute qualit\u00e9 depuis 1972. Avec plus de 50 ans d&rsquo;exp\u00e9rience, Revor allie savoir-faire et innovation pour un confort ergonomique. Ses produits sont fabriqu\u00e9s \u00e0 partir de mat\u00e9riaux de qualit\u00e9 tels que le latex, la mousse \u00e0 m\u00e9moire de forme et\u2026","_links":{"self":[{"href":"https:\/\/sc.digimotions.be\/fr\/wp-json\/wp\/v2\/pages\/6606","targetHints":{"allow":["GET"]}}],"collection":[{"href":"https:\/\/sc.digimotions.be\/fr\/wp-json\/wp\/v2\/pages"}],"about":[{"href":"https:\/\/sc.digimotions.be\/fr\/wp-json\/wp\/v2\/types\/page"}],"author":[{"embeddable":true,"href":"https:\/\/sc.digimotions.be\/fr\/wp-json\/wp\/v2\/users\/1"}],"replies":[{"embeddable":true,"href":"https:\/\/sc.digimotions.be\/fr\/wp-json\/wp\/v2\/comments?post=6606"}],"version-history":[{"count":2,"href":"https:\/\/sc.digimotions.be\/fr\/wp-json\/wp\/v2\/pages\/6606\/revisions"}],"predecessor-version":[{"id":6608,"href":"https:\/\/sc.digimotions.be\/fr\/wp-json\/wp\/v2\/pages\/6606\/revisions\/6608"}],"up":[{"embeddable":true,"href":"https:\/\/sc.digimotions.be\/fr\/wp-json\/wp\/v2\/pages\/3328"}],"wp:attachment":[{"href":"https:\/\/sc.digimotions.be\/fr\/wp-json\/wp\/v2\/media?parent=6606"}],"curies":[{"name":"wp","href":"https:\/\/api.w.org\/{rel}","templated":true}]}}