{"id":6603,"date":"2025-05-21T13:02:44","date_gmt":"2025-05-21T13:02:44","guid":{"rendered":"https:\/\/sc.digimotions.be\/revor-a-la-carte\/"},"modified":"2025-05-27T13:10:52","modified_gmt":"2025-05-27T13:10:52","slug":"revor-a-la-carte","status":"publish","type":"page","link":"https:\/\/sc.digimotions.be\/fr\/brochures\/brochures-revor\/revor-a-la-carte\/","title":{"rendered":"Brochure a la carte Revor"},"content":{"rendered":"\n\n\t\t\t\t<img loading=\"lazy\" decoding=\"async\" src=\"https:\/\/sc.digimotions.be\/wp-content\/uploads\/2025\/05\/Revor-brochure.jpg\" alt=\"Revor-brochure\" itemprop=\"image\" height=\"1500\" width=\"1061\" title=\"Revor-brochure\" onerror=\"this.style.display='none'\"  \/>\n\t<h3>\n\t\t\t\tRevor &#8211; Brochure \u00c0 la carte\n\t\t\t<\/h3>\n\t\t\t<p>Remplissez vos coordonn\u00e9es ci-dessous et t\u00e9l\u00e9chargez gratuitement la brochure \u00ab \u00c0 la carte \u00bb de Revor.<\/p>\t\n\t<h3>\n\t\t\t\tVous voulez vous r\u00e9veiller chaque jour en vous sentant bien repos\u00e9 ?\n\t\t\t<\/h3>\n\t\t\t<p>Alors, venez nous rendre une petite visite. Dans une atmosph\u00e8re d\u00e9tendue et conviviale, nous vous aiderons \u00e0 trouver votre confort de sommeil optimal.<\/p>\t\n\t\t\t<a href=\"https:\/\/sc.digimotions.be\/fr\/contactez-nous\/\" title=\"Click Here\" target=\"_self\" role=\"button\" aria-label=\"Venez nous voir\" rel=\"noopener\">\n\t\t\t\t\t\t\tVenez nous voir\n\t\t<\/a>\n\n","protected":false},"excerpt":{"rendered":"<p>Revor &#8211; Brochure \u00c0 la carte Remplissez vos coordonn\u00e9es ci-dessous et t\u00e9l\u00e9chargez gratuitement la brochure \u00ab \u00c0 la carte \u00bb de Revor. Vous voulez vous r\u00e9veiller chaque jour en vous sentant bien repos\u00e9 ? Alors, venez nous rendre une petite visite. Dans une atmosph\u00e8re d\u00e9tendue et conviviale, nous vous aiderons \u00e0 trouver votre confort de [&hellip;]<\/p>\n","protected":false},"author":1,"featured_media":0,"parent":6606,"menu_order":0,"comment_status":"closed","ping_status":"closed","template":"","meta":{"_uag_custom_page_level_css":"","site-sidebar-layout":"no-sidebar","site-content-layout":"page-builder","ast-site-content-layout":"full-width-container","site-content-style":"unboxed","site-sidebar-style":"unboxed","ast-global-header-display":"","ast-banner-title-visibility":"","ast-main-header-display":"","ast-hfb-above-header-display":"","ast-hfb-below-header-display":"","ast-hfb-mobile-header-display":"","site-post-title":"disabled","ast-breadcrumbs-content":"","ast-featured-img":"disabled","footer-sml-layout":"","ast-disable-related-posts":"","theme-transparent-header-meta":"default","adv-header-id-meta":"","stick-header-meta":"default","header-above-stick-meta":"","header-main-stick-meta":"","header-below-stick-meta":"","astra-migrate-meta-layouts":"set","ast-page-background-enabled":"default","ast-page-background-meta":{"desktop":{"background-color":"","background-image":"","background-repeat":"repeat","background-position":"center center","background-size":"auto","background-attachment":"scroll","background-type":"","background-media":"","overlay-type":"","overlay-color":"","overlay-opacity":"","overlay-gradient":""},"tablet":{"background-color":"","background-image":"","background-repeat":"repeat","background-position":"center center","background-size":"auto","background-attachment":"scroll","background-type":"","background-media":"","overlay-type":"","overlay-color":"","overlay-opacity":"","overlay-gradient":""},"mobile":{"background-color":"","background-image":"","background-repeat":"repeat","background-position":"center center","background-size":"auto","background-attachment":"scroll","background-type":"","background-media":"","overlay-type":"","overlay-color":"","overlay-opacity":"","overlay-gradient":""}},"ast-content-background-meta":{"desktop":{"background-color":"var(--ast-global-color-5)","background-image":"","background-repeat":"repeat","background-position":"center center","background-size":"auto","background-attachment":"scroll","background-type":"","background-media":"","overlay-type":"","overlay-color":"","overlay-opacity":"","overlay-gradient":""},"tablet":{"background-color":"var(--ast-global-color-5)","background-image":"","background-repeat":"repeat","background-position":"center center","background-size":"auto","background-attachment":"scroll","background-type":"","background-media":"","overlay-type":"","overlay-color":"","overlay-opacity":"","overlay-gradient":""},"mobile":{"background-color":"var(--ast-global-color-5)","background-image":"","background-repeat":"repeat","background-position":"center center","background-size":"auto","background-attachment":"scroll","background-type":"","background-media":"","overlay-type":"","overlay-color":"","overlay-opacity":"","overlay-gradient":""}},"footnotes":""},"class_list":["post-6603","page","type-page","status-publish","hentry"],"yoast_head":"<!-- This site is optimized with the Yoast SEO plugin v27.4 - https:\/\/yoast.com\/product\/yoast-seo-wordpress\/ -->\n<title>Revor - \u00c0 la carte brochure | Slaap Concept \u00c0 Ninove<\/title>\n<meta name=\"description\" content=\"En qu\u00eate d&#039;inspiration ? T\u00e9l\u00e9chargez gratuitement la brochure \u00c0 la carte de Revor. Parcourez-la rapidement.\" \/>\n<meta name=\"robots\" content=\"index, follow, max-snippet:-1, max-image-preview:large, max-video-preview:-1\" \/>\n<link rel=\"canonical\" href=\"https:\/\/sc.digimotions.be\/fr\/brochures\/brochures-revor\/revor-a-la-carte\/\" \/>\n<meta property=\"og:locale\" content=\"fr_FR\" \/>\n<meta property=\"og:type\" content=\"article\" \/>\n<meta property=\"og:title\" content=\"Revor - \u00c0 la carte brochure | Slaap Concept \u00c0 Ninove\" \/>\n<meta property=\"og:description\" content=\"En qu\u00eate d&#039;inspiration ? T\u00e9l\u00e9chargez gratuitement la brochure \u00c0 la carte de Revor. Parcourez-la rapidement.\" \/>\n<meta property=\"og:url\" content=\"https:\/\/sc.digimotions.be\/fr\/brochures\/brochures-revor\/revor-a-la-carte\/\" \/>\n<meta property=\"og:site_name\" content=\"Slaap Concept\" \/>\n<meta property=\"article:modified_time\" content=\"2025-05-27T13:10:52+00:00\" \/>\n<meta property=\"og:image\" content=\"https:\/\/sc.digimotions.be\/wp-content\/uploads\/2025\/05\/Revor-brochure.jpg\" \/>\n<meta name=\"twitter:card\" content=\"summary_large_image\" \/>\n<meta name=\"twitter:label1\" content=\"Dur\u00e9e de lecture estim\u00e9e\" \/>\n\t<meta name=\"twitter:data1\" content=\"1 minute\" \/>\n<script type=\"application\/ld+json\" class=\"yoast-schema-graph\">{\"@context\":\"https:\\\/\\\/schema.org\",\"@graph\":[{\"@type\":\"WebPage\",\"@id\":\"https:\\\/\\\/sc.digimotions.be\\\/fr\\\/brochures\\\/brochures-revor\\\/revor-a-la-carte\\\/\",\"url\":\"https:\\\/\\\/sc.digimotions.be\\\/fr\\\/brochures\\\/brochures-revor\\\/revor-a-la-carte\\\/\",\"name\":\"Revor - \u00c0 la carte brochure | Slaap Concept \u00c0 Ninove\",\"isPartOf\":{\"@id\":\"https:\\\/\\\/sc.digimotions.be\\\/fr\\\/#website\"},\"primaryImageOfPage\":{\"@id\":\"https:\\\/\\\/sc.digimotions.be\\\/fr\\\/brochures\\\/brochures-revor\\\/revor-a-la-carte\\\/#primaryimage\"},\"image\":{\"@id\":\"https:\\\/\\\/sc.digimotions.be\\\/fr\\\/brochures\\\/brochures-revor\\\/revor-a-la-carte\\\/#primaryimage\"},\"thumbnailUrl\":\"https:\\\/\\\/sc.digimotions.be\\\/wp-content\\\/uploads\\\/2025\\\/05\\\/Revor-brochure.jpg\",\"datePublished\":\"2025-05-21T13:02:44+00:00\",\"dateModified\":\"2025-05-27T13:10:52+00:00\",\"description\":\"En qu\u00eate d'inspiration ? T\u00e9l\u00e9chargez gratuitement la brochure \u00c0 la carte de Revor. Parcourez-la rapidement.\",\"breadcrumb\":{\"@id\":\"https:\\\/\\\/sc.digimotions.be\\\/fr\\\/brochures\\\/brochures-revor\\\/revor-a-la-carte\\\/#breadcrumb\"},\"inLanguage\":\"fr-FR\",\"potentialAction\":[{\"@type\":\"ReadAction\",\"target\":[\"https:\\\/\\\/sc.digimotions.be\\\/fr\\\/brochures\\\/brochures-revor\\\/revor-a-la-carte\\\/\"]}]},{\"@type\":\"ImageObject\",\"inLanguage\":\"fr-FR\",\"@id\":\"https:\\\/\\\/sc.digimotions.be\\\/fr\\\/brochures\\\/brochures-revor\\\/revor-a-la-carte\\\/#primaryimage\",\"url\":\"https:\\\/\\\/sc.digimotions.be\\\/wp-content\\\/uploads\\\/2025\\\/05\\\/Revor-brochure.jpg\",\"contentUrl\":\"https:\\\/\\\/sc.digimotions.be\\\/wp-content\\\/uploads\\\/2025\\\/05\\\/Revor-brochure.jpg\"},{\"@type\":\"BreadcrumbList\",\"@id\":\"https:\\\/\\\/sc.digimotions.be\\\/fr\\\/brochures\\\/brochures-revor\\\/revor-a-la-carte\\\/#breadcrumb\",\"itemListElement\":[{\"@type\":\"ListItem\",\"position\":1,\"name\":\"Home\",\"item\":\"https:\\\/\\\/sc.digimotions.be\\\/fr\\\/\"},{\"@type\":\"ListItem\",\"position\":2,\"name\":\"Brochure a la carte Revor\"}]},{\"@type\":\"WebSite\",\"@id\":\"https:\\\/\\\/sc.digimotions.be\\\/fr\\\/#website\",\"url\":\"https:\\\/\\\/sc.digimotions.be\\\/fr\\\/\",\"name\":\"Slaap Concept\",\"description\":\"Jouw ultieme slaapervaring vind je bij Slaap Concept\",\"publisher\":{\"@id\":\"https:\\\/\\\/sc.digimotions.be\\\/fr\\\/#organization\"},\"potentialAction\":[{\"@type\":\"SearchAction\",\"target\":{\"@type\":\"EntryPoint\",\"urlTemplate\":\"https:\\\/\\\/sc.digimotions.be\\\/fr\\\/?s={search_term_string}\"},\"query-input\":{\"@type\":\"PropertyValueSpecification\",\"valueRequired\":true,\"valueName\":\"search_term_string\"}}],\"inLanguage\":\"fr-FR\"},{\"@type\":\"Organization\",\"@id\":\"https:\\\/\\\/sc.digimotions.be\\\/fr\\\/#organization\",\"name\":\"Slaap Concept\",\"url\":\"https:\\\/\\\/sc.digimotions.be\\\/fr\\\/\",\"logo\":{\"@type\":\"ImageObject\",\"inLanguage\":\"fr-FR\",\"@id\":\"https:\\\/\\\/sc.digimotions.be\\\/fr\\\/#\\\/schema\\\/logo\\\/image\\\/\",\"url\":\"https:\\\/\\\/sc.digimotions.be\\\/wp-content\\\/uploads\\\/2021\\\/04\\\/logo.png\",\"contentUrl\":\"https:\\\/\\\/sc.digimotions.be\\\/wp-content\\\/uploads\\\/2021\\\/04\\\/logo.png\",\"width\":645,\"height\":241,\"caption\":\"Slaap Concept\"},\"image\":{\"@id\":\"https:\\\/\\\/sc.digimotions.be\\\/fr\\\/#\\\/schema\\\/logo\\\/image\\\/\"}}]}<\/script>\n<!-- \/ Yoast SEO plugin. -->","yoast_head_json":{"title":"Revor - \u00c0 la carte brochure | Slaap Concept \u00c0 Ninove","description":"En qu\u00eate d'inspiration ? T\u00e9l\u00e9chargez gratuitement la brochure \u00c0 la carte de Revor. Parcourez-la rapidement.","robots":{"index":"index","follow":"follow","max-snippet":"max-snippet:-1","max-image-preview":"max-image-preview:large","max-video-preview":"max-video-preview:-1"},"canonical":"https:\/\/sc.digimotions.be\/fr\/brochures\/brochures-revor\/revor-a-la-carte\/","og_locale":"fr_FR","og_type":"article","og_title":"Revor - \u00c0 la carte brochure | Slaap Concept \u00c0 Ninove","og_description":"En qu\u00eate d'inspiration ? T\u00e9l\u00e9chargez gratuitement la brochure \u00c0 la carte de Revor. Parcourez-la rapidement.","og_url":"https:\/\/sc.digimotions.be\/fr\/brochures\/brochures-revor\/revor-a-la-carte\/","og_site_name":"Slaap Concept","article_modified_time":"2025-05-27T13:10:52+00:00","og_image":[{"url":"https:\/\/sc.digimotions.be\/wp-content\/uploads\/2025\/05\/Revor-brochure.jpg","type":"","width":"","height":""}],"twitter_card":"summary_large_image","twitter_misc":{"Dur\u00e9e de lecture estim\u00e9e":"1 minute"},"schema":{"@context":"https:\/\/schema.org","@graph":[{"@type":"WebPage","@id":"https:\/\/sc.digimotions.be\/fr\/brochures\/brochures-revor\/revor-a-la-carte\/","url":"https:\/\/sc.digimotions.be\/fr\/brochures\/brochures-revor\/revor-a-la-carte\/","name":"Revor - \u00c0 la carte brochure | Slaap Concept \u00c0 Ninove","isPartOf":{"@id":"https:\/\/sc.digimotions.be\/fr\/#website"},"primaryImageOfPage":{"@id":"https:\/\/sc.digimotions.be\/fr\/brochures\/brochures-revor\/revor-a-la-carte\/#primaryimage"},"image":{"@id":"https:\/\/sc.digimotions.be\/fr\/brochures\/brochures-revor\/revor-a-la-carte\/#primaryimage"},"thumbnailUrl":"https:\/\/sc.digimotions.be\/wp-content\/uploads\/2025\/05\/Revor-brochure.jpg","datePublished":"2025-05-21T13:02:44+00:00","dateModified":"2025-05-27T13:10:52+00:00","description":"En qu\u00eate d'inspiration ? T\u00e9l\u00e9chargez gratuitement la brochure \u00c0 la carte de Revor. Parcourez-la rapidement.","breadcrumb":{"@id":"https:\/\/sc.digimotions.be\/fr\/brochures\/brochures-revor\/revor-a-la-carte\/#breadcrumb"},"inLanguage":"fr-FR","potentialAction":[{"@type":"ReadAction","target":["https:\/\/sc.digimotions.be\/fr\/brochures\/brochures-revor\/revor-a-la-carte\/"]}]},{"@type":"ImageObject","inLanguage":"fr-FR","@id":"https:\/\/sc.digimotions.be\/fr\/brochures\/brochures-revor\/revor-a-la-carte\/#primaryimage","url":"https:\/\/sc.digimotions.be\/wp-content\/uploads\/2025\/05\/Revor-brochure.jpg","contentUrl":"https:\/\/sc.digimotions.be\/wp-content\/uploads\/2025\/05\/Revor-brochure.jpg"},{"@type":"BreadcrumbList","@id":"https:\/\/sc.digimotions.be\/fr\/brochures\/brochures-revor\/revor-a-la-carte\/#breadcrumb","itemListElement":[{"@type":"ListItem","position":1,"name":"Home","item":"https:\/\/sc.digimotions.be\/fr\/"},{"@type":"ListItem","position":2,"name":"Brochure a la carte Revor"}]},{"@type":"WebSite","@id":"https:\/\/sc.digimotions.be\/fr\/#website","url":"https:\/\/sc.digimotions.be\/fr\/","name":"Slaap Concept","description":"Jouw ultieme slaapervaring vind je bij Slaap Concept","publisher":{"@id":"https:\/\/sc.digimotions.be\/fr\/#organization"},"potentialAction":[{"@type":"SearchAction","target":{"@type":"EntryPoint","urlTemplate":"https:\/\/sc.digimotions.be\/fr\/?s={search_term_string}"},"query-input":{"@type":"PropertyValueSpecification","valueRequired":true,"valueName":"search_term_string"}}],"inLanguage":"fr-FR"},{"@type":"Organization","@id":"https:\/\/sc.digimotions.be\/fr\/#organization","name":"Slaap Concept","url":"https:\/\/sc.digimotions.be\/fr\/","logo":{"@type":"ImageObject","inLanguage":"fr-FR","@id":"https:\/\/sc.digimotions.be\/fr\/#\/schema\/logo\/image\/","url":"https:\/\/sc.digimotions.be\/wp-content\/uploads\/2021\/04\/logo.png","contentUrl":"https:\/\/sc.digimotions.be\/wp-content\/uploads\/2021\/04\/logo.png","width":645,"height":241,"caption":"Slaap Concept"},"image":{"@id":"https:\/\/sc.digimotions.be\/fr\/#\/schema\/logo\/image\/"}}]}},"uagb_featured_image_src":{"full":false,"thumbnail":false,"medium":false,"medium_large":false,"large":false,"1536x1536":false,"2048x2048":false,"gform-image-choice-sm":false,"gform-image-choice-md":false,"gform-image-choice-lg":false,"woocommerce_thumbnail":false,"woocommerce_single":false,"woocommerce_gallery_thumbnail":false},"uagb_author_info":{"display_name":"admin","author_link":"https:\/\/sc.digimotions.be\/fr\/author\/admin\/"},"uagb_comment_info":0,"uagb_excerpt":"Revor &#8211; Brochure \u00c0 la carte Remplissez vos coordonn\u00e9es ci-dessous et t\u00e9l\u00e9chargez gratuitement la brochure \u00ab \u00c0 la carte \u00bb de Revor. Vous voulez vous r\u00e9veiller chaque jour en vous sentant bien repos\u00e9 ? Alors, venez nous rendre une petite visite. Dans une atmosph\u00e8re d\u00e9tendue et conviviale, nous vous aiderons \u00e0 trouver votre confort de\u2026","_links":{"self":[{"href":"https:\/\/sc.digimotions.be\/fr\/wp-json\/wp\/v2\/pages\/6603","targetHints":{"allow":["GET"]}}],"collection":[{"href":"https:\/\/sc.digimotions.be\/fr\/wp-json\/wp\/v2\/pages"}],"about":[{"href":"https:\/\/sc.digimotions.be\/fr\/wp-json\/wp\/v2\/types\/page"}],"author":[{"embeddable":true,"href":"https:\/\/sc.digimotions.be\/fr\/wp-json\/wp\/v2\/users\/1"}],"replies":[{"embeddable":true,"href":"https:\/\/sc.digimotions.be\/fr\/wp-json\/wp\/v2\/comments?post=6603"}],"version-history":[{"count":2,"href":"https:\/\/sc.digimotions.be\/fr\/wp-json\/wp\/v2\/pages\/6603\/revisions"}],"predecessor-version":[{"id":6605,"href":"https:\/\/sc.digimotions.be\/fr\/wp-json\/wp\/v2\/pages\/6603\/revisions\/6605"}],"up":[{"embeddable":true,"href":"https:\/\/sc.digimotions.be\/fr\/wp-json\/wp\/v2\/pages\/6606"}],"wp:attachment":[{"href":"https:\/\/sc.digimotions.be\/fr\/wp-json\/wp\/v2\/media?parent=6603"}],"curies":[{"name":"wp","href":"https:\/\/api.w.org\/{rel}","templated":true}]}}