{"id":5995,"date":"2022-11-17T14:57:26","date_gmt":"2022-11-17T14:57:26","guid":{"rendered":"https:\/\/sc.digimotions.be\/brochures\/recor-bedding-brochures\/"},"modified":"2024-08-26T10:21:17","modified_gmt":"2024-08-26T10:21:17","slug":"recor-bedding-brochures","status":"publish","type":"page","link":"https:\/\/sc.digimotions.be\/fr\/brochures\/recor-bedding-brochures\/","title":{"rendered":"Brochures Recor Bedding"},"content":{"rendered":"\n\n\t<h1>\n\t\t\t\tRecor Bedding brochures\n\t\t\t<\/h1>\n\t<blockquote><p>Parce que bien dormir est essentiel pour le corps et l&rsquo;esprit. C&rsquo;est selon cette devise que\u00a0<a href=\"https:\/\/sc.digimotions.be\/fr\/recor-bedding\/\">Recor Bedding<\/a>\u00a0fabrique depuis plus de 70 ans des lits et des matelas qui respirent une simplicit\u00e9 absolue et une grande qualit\u00e9. Des caract\u00e9ristiques que l&rsquo;on retrouve \u00e9galement dans leurs sommiers \u00e0 lattes innovants. Vous b\u00e9n\u00e9ficiez ainsi d&rsquo;un soutien parfait pendant votre sommeil.<\/p><\/blockquote>\n\t\t\t\t<img loading=\"lazy\" decoding=\"async\" src=\"https:\/\/sc.digimotions.be\/wp-content\/uploads\/2024\/08\/Aura_Brochure_2024_NL_LR.jpg\" alt=\"Aura_Brochure_2024_NL_LR\" itemprop=\"image\" height=\"2339\" width=\"1654\" title=\"Aura_Brochure_2024_NL_LR\" onerror=\"this.style.display='none'\"  \/>\n\t<h4>\n\t\t\t\tRecor Bedding &#8211; Aura\n\t\t\t<\/h4>\n\t\t\t<a href=\"https:\/\/sc.digimotions.be\/fr\/brochures\/recor-bedding-brochures\/brochure-aura-recor-bedding\/\" title=\"Click Here\" target=\"_self\" role=\"button\" aria-label=\"Demander la brochure\" rel=\"noopener\">\n\t\t\t\t\t\t\tDemander la brochure\n\t\t<\/a>\n\t\t\t\t<img loading=\"lazy\" decoding=\"async\" src=\"https:\/\/sc.digimotions.be\/wp-content\/uploads\/2024\/08\/Infini_Brochure_2024_NL_LR.jpg\" alt=\"Infini_Brochure_2024_NL_LR\" itemprop=\"image\" height=\"2339\" width=\"1654\" title=\"Infini_Brochure_2024_NL_LR\" onerror=\"this.style.display='none'\"  \/>\n\t<h4>\n\t\t\t\tRecor Bedding &#8211; Infini\n\t\t\t<\/h4>\n\t\t\t<a href=\"https:\/\/sc.digimotions.be\/fr\/brochures\/recor-bedding-brochures\/recor-bedding-infini-brochure\/\" title=\"Click Here\" target=\"_self\" role=\"button\" aria-label=\"Demander la brochure\" rel=\"noopener\">\n\t\t\t\t\t\t\tDemander la brochure\n\t\t<\/a>\n\t\t\t\t<img loading=\"lazy\" decoding=\"async\" src=\"https:\/\/sc.digimotions.be\/wp-content\/uploads\/2024\/08\/RECORbedding_BROCHURE_2024_NL_LR.jpg\" alt=\"RECORbedding_BROCHURE_2024_NL_LR\" itemprop=\"image\" height=\"1357\" width=\"959\" title=\"RECORbedding_BROCHURE_2024_NL_LR\" onerror=\"this.style.display='none'\"  \/>\n\t<h4>\n\t\t\t\tRecor Bedding &#8211; Recor Bedding\n\t\t\t<\/h4>\n\t\t\t<a href=\"https:\/\/sc.digimotions.be\/fr\/brochures\/recor-bedding-brochures\/recor-bedding-recor-bedding-brochure\/\" title=\"Click Here\" target=\"_self\" role=\"button\" aria-label=\"Demander la brochure\" rel=\"noopener\">\n\t\t\t\t\t\t\tDemander la brochure\n\t\t<\/a>\n\t<h3>\n\t\t\t\tVous voulez vous r\u00e9veiller chaque jour en vous sentant bien repos\u00e9 ?\n\t\t\t<\/h3>\n\t\t\t<p>Alors, venez nous rendre une petite visite. Dans une atmosph\u00e8re d\u00e9tendue et conviviale, nous vous aiderons \u00e0 trouver votre confort de sommeil optimal.<\/p>\t\n\t\t\t<a href=\"https:\/\/sc.digimotions.be\/fr\/contactez-nous\/\" title=\"Click Here\" target=\"_self\" role=\"button\" aria-label=\"Venez nous voir\" rel=\"noopener\">\n\t\t\t\t\t\t\tVenez nous voir\n\t\t<\/a>\n\n","protected":false},"excerpt":{"rendered":"<p>Recor Bedding brochures Parce que bien dormir est essentiel pour le corps et l&rsquo;esprit. C&rsquo;est selon cette devise que\u00a0Recor Bedding\u00a0fabrique depuis plus de 70 ans des lits et des matelas qui respirent une simplicit\u00e9 absolue et une grande qualit\u00e9. Des caract\u00e9ristiques que l&rsquo;on retrouve \u00e9galement dans leurs sommiers \u00e0 lattes innovants. Vous b\u00e9n\u00e9ficiez ainsi d&rsquo;un [&hellip;]<\/p>\n","protected":false},"author":1,"featured_media":2909,"parent":3328,"menu_order":0,"comment_status":"closed","ping_status":"closed","template":"","meta":{"_uag_custom_page_level_css":"","site-sidebar-layout":"no-sidebar","site-content-layout":null,"ast-site-content-layout":"full-width-container","site-content-style":"unboxed","site-sidebar-style":"unboxed","ast-global-header-display":"","ast-banner-title-visibility":"","ast-main-header-display":"","ast-hfb-above-header-display":"","ast-hfb-below-header-display":null,"ast-hfb-mobile-header-display":"","site-post-title":"disabled","ast-breadcrumbs-content":null,"ast-featured-img":"disabled","footer-sml-layout":"","ast-disable-related-posts":"","theme-transparent-header-meta":"default","adv-header-id-meta":"","stick-header-meta":"default","header-above-stick-meta":"","header-main-stick-meta":"","header-below-stick-meta":null,"astra-migrate-meta-layouts":"set","ast-page-background-enabled":"default","ast-page-background-meta":{"desktop":{"background-color":"","background-image":"","background-repeat":"repeat","background-position":"center center","background-size":"auto","background-attachment":"scroll","background-type":"","background-media":"","overlay-type":"","overlay-color":"","overlay-opacity":"","overlay-gradient":""},"tablet":{"background-color":"","background-image":"","background-repeat":"repeat","background-position":"center center","background-size":"auto","background-attachment":"scroll","background-type":"","background-media":"","overlay-type":"","overlay-color":"","overlay-opacity":"","overlay-gradient":""},"mobile":{"background-color":"","background-image":"","background-repeat":"repeat","background-position":"center center","background-size":"auto","background-attachment":"scroll","background-type":"","background-media":"","overlay-type":"","overlay-color":"","overlay-opacity":"","overlay-gradient":""}},"ast-content-background-meta":{"desktop":{"background-color":"var(--ast-global-color-5)","background-image":"","background-repeat":"repeat","background-position":"center center","background-size":"auto","background-attachment":"scroll","background-type":"","background-media":"","overlay-type":"","overlay-color":"","overlay-opacity":"","overlay-gradient":""},"tablet":{"background-color":"var(--ast-global-color-5)","background-image":"","background-repeat":"repeat","background-position":"center center","background-size":"auto","background-attachment":"scroll","background-type":"","background-media":"","overlay-type":"","overlay-color":"","overlay-opacity":"","overlay-gradient":""},"mobile":{"background-color":"var(--ast-global-color-5)","background-image":"","background-repeat":"repeat","background-position":"center center","background-size":"auto","background-attachment":"scroll","background-type":"","background-media":"","overlay-type":"","overlay-color":"","overlay-opacity":"","overlay-gradient":""}},"footnotes":""},"class_list":["post-5995","page","type-page","status-publish","has-post-thumbnail","hentry"],"yoast_head":"<!-- This site is optimized with the Yoast SEO plugin v27.4 - https:\/\/yoast.com\/product\/yoast-seo-wordpress\/ -->\n<title>T\u00e9l\u00e9charger nos brochures Recor Bedding | Slaap Concept Ninove<\/title>\n<meta name=\"description\" content=\"En qu\u00eate d&#039;inspiration ? T\u00e9l\u00e9chargez gratuitement l&#039;une de nos brochures de Recor Bedding.\" \/>\n<meta name=\"robots\" content=\"index, follow, max-snippet:-1, max-image-preview:large, max-video-preview:-1\" \/>\n<link rel=\"canonical\" href=\"https:\/\/sc.digimotions.be\/fr\/brochures\/recor-bedding-brochures\/\" \/>\n<meta property=\"og:locale\" content=\"fr_FR\" \/>\n<meta property=\"og:type\" content=\"article\" \/>\n<meta property=\"og:title\" content=\"T\u00e9l\u00e9charger nos brochures Recor Bedding | Slaap Concept Ninove\" \/>\n<meta property=\"og:description\" content=\"En qu\u00eate d&#039;inspiration ? T\u00e9l\u00e9chargez gratuitement l&#039;une de nos brochures de Recor Bedding.\" \/>\n<meta property=\"og:url\" content=\"https:\/\/sc.digimotions.be\/fr\/brochures\/recor-bedding-brochures\/\" \/>\n<meta property=\"og:site_name\" content=\"Slaap Concept\" \/>\n<meta property=\"article:modified_time\" content=\"2024-08-26T10:21:17+00:00\" \/>\n<meta property=\"og:image\" content=\"https:\/\/sc.digimotions.be\/wp-content\/uploads\/2022\/03\/LowRes-MyBed-Wide-1-1.jpg\" \/>\n\t<meta property=\"og:image:width\" content=\"2200\" \/>\n\t<meta property=\"og:image:height\" content=\"1650\" \/>\n\t<meta property=\"og:image:type\" content=\"image\/jpeg\" \/>\n<meta name=\"twitter:card\" content=\"summary_large_image\" \/>\n<meta name=\"twitter:label1\" content=\"Dur\u00e9e de lecture estim\u00e9e\" \/>\n\t<meta name=\"twitter:data1\" content=\"1 minute\" \/>\n<script type=\"application\/ld+json\" class=\"yoast-schema-graph\">{\"@context\":\"https:\\\/\\\/schema.org\",\"@graph\":[{\"@type\":\"WebPage\",\"@id\":\"https:\\\/\\\/sc.digimotions.be\\\/fr\\\/brochures\\\/recor-bedding-brochures\\\/\",\"url\":\"https:\\\/\\\/sc.digimotions.be\\\/fr\\\/brochures\\\/recor-bedding-brochures\\\/\",\"name\":\"T\u00e9l\u00e9charger nos brochures Recor Bedding | Slaap Concept Ninove\",\"isPartOf\":{\"@id\":\"https:\\\/\\\/sc.digimotions.be\\\/fr\\\/#website\"},\"primaryImageOfPage\":{\"@id\":\"https:\\\/\\\/sc.digimotions.be\\\/fr\\\/brochures\\\/recor-bedding-brochures\\\/#primaryimage\"},\"image\":{\"@id\":\"https:\\\/\\\/sc.digimotions.be\\\/fr\\\/brochures\\\/recor-bedding-brochures\\\/#primaryimage\"},\"thumbnailUrl\":\"https:\\\/\\\/sc.digimotions.be\\\/wp-content\\\/uploads\\\/2022\\\/03\\\/LowRes-MyBed-Wide-1-1.jpg\",\"datePublished\":\"2022-11-17T14:57:26+00:00\",\"dateModified\":\"2024-08-26T10:21:17+00:00\",\"description\":\"En qu\u00eate d'inspiration ? T\u00e9l\u00e9chargez gratuitement l'une de nos brochures de Recor Bedding.\",\"breadcrumb\":{\"@id\":\"https:\\\/\\\/sc.digimotions.be\\\/fr\\\/brochures\\\/recor-bedding-brochures\\\/#breadcrumb\"},\"inLanguage\":\"fr-FR\",\"potentialAction\":[{\"@type\":\"ReadAction\",\"target\":[\"https:\\\/\\\/sc.digimotions.be\\\/fr\\\/brochures\\\/recor-bedding-brochures\\\/\"]}]},{\"@type\":\"ImageObject\",\"inLanguage\":\"fr-FR\",\"@id\":\"https:\\\/\\\/sc.digimotions.be\\\/fr\\\/brochures\\\/recor-bedding-brochures\\\/#primaryimage\",\"url\":\"https:\\\/\\\/sc.digimotions.be\\\/wp-content\\\/uploads\\\/2022\\\/03\\\/LowRes-MyBed-Wide-1-1.jpg\",\"contentUrl\":\"https:\\\/\\\/sc.digimotions.be\\\/wp-content\\\/uploads\\\/2022\\\/03\\\/LowRes-MyBed-Wide-1-1.jpg\",\"width\":2200,\"height\":1650,\"caption\":\"Recor Bedding My bed\"},{\"@type\":\"BreadcrumbList\",\"@id\":\"https:\\\/\\\/sc.digimotions.be\\\/fr\\\/brochures\\\/recor-bedding-brochures\\\/#breadcrumb\",\"itemListElement\":[{\"@type\":\"ListItem\",\"position\":1,\"name\":\"Home\",\"item\":\"https:\\\/\\\/sc.digimotions.be\\\/fr\\\/\"},{\"@type\":\"ListItem\",\"position\":2,\"name\":\"Brochures\",\"item\":\"https:\\\/\\\/sc.digimotions.be\\\/fr\\\/brochures\\\/\"},{\"@type\":\"ListItem\",\"position\":3,\"name\":\"Brochures Recor Bedding\"}]},{\"@type\":\"WebSite\",\"@id\":\"https:\\\/\\\/sc.digimotions.be\\\/fr\\\/#website\",\"url\":\"https:\\\/\\\/sc.digimotions.be\\\/fr\\\/\",\"name\":\"Slaap Concept\",\"description\":\"Jouw ultieme slaapervaring vind je bij Slaap Concept\",\"publisher\":{\"@id\":\"https:\\\/\\\/sc.digimotions.be\\\/fr\\\/#organization\"},\"potentialAction\":[{\"@type\":\"SearchAction\",\"target\":{\"@type\":\"EntryPoint\",\"urlTemplate\":\"https:\\\/\\\/sc.digimotions.be\\\/fr\\\/?s={search_term_string}\"},\"query-input\":{\"@type\":\"PropertyValueSpecification\",\"valueRequired\":true,\"valueName\":\"search_term_string\"}}],\"inLanguage\":\"fr-FR\"},{\"@type\":\"Organization\",\"@id\":\"https:\\\/\\\/sc.digimotions.be\\\/fr\\\/#organization\",\"name\":\"Slaap Concept\",\"url\":\"https:\\\/\\\/sc.digimotions.be\\\/fr\\\/\",\"logo\":{\"@type\":\"ImageObject\",\"inLanguage\":\"fr-FR\",\"@id\":\"https:\\\/\\\/sc.digimotions.be\\\/fr\\\/#\\\/schema\\\/logo\\\/image\\\/\",\"url\":\"https:\\\/\\\/sc.digimotions.be\\\/wp-content\\\/uploads\\\/2021\\\/04\\\/logo.png\",\"contentUrl\":\"https:\\\/\\\/sc.digimotions.be\\\/wp-content\\\/uploads\\\/2021\\\/04\\\/logo.png\",\"width\":645,\"height\":241,\"caption\":\"Slaap Concept\"},\"image\":{\"@id\":\"https:\\\/\\\/sc.digimotions.be\\\/fr\\\/#\\\/schema\\\/logo\\\/image\\\/\"}}]}<\/script>\n<!-- \/ Yoast SEO plugin. -->","yoast_head_json":{"title":"T\u00e9l\u00e9charger nos brochures Recor Bedding | Slaap Concept Ninove","description":"En qu\u00eate d'inspiration ? T\u00e9l\u00e9chargez gratuitement l'une de nos brochures de Recor Bedding.","robots":{"index":"index","follow":"follow","max-snippet":"max-snippet:-1","max-image-preview":"max-image-preview:large","max-video-preview":"max-video-preview:-1"},"canonical":"https:\/\/sc.digimotions.be\/fr\/brochures\/recor-bedding-brochures\/","og_locale":"fr_FR","og_type":"article","og_title":"T\u00e9l\u00e9charger nos brochures Recor Bedding | Slaap Concept Ninove","og_description":"En qu\u00eate d'inspiration ? T\u00e9l\u00e9chargez gratuitement l'une de nos brochures de Recor Bedding.","og_url":"https:\/\/sc.digimotions.be\/fr\/brochures\/recor-bedding-brochures\/","og_site_name":"Slaap Concept","article_modified_time":"2024-08-26T10:21:17+00:00","og_image":[{"width":2200,"height":1650,"url":"https:\/\/sc.digimotions.be\/wp-content\/uploads\/2022\/03\/LowRes-MyBed-Wide-1-1.jpg","type":"image\/jpeg"}],"twitter_card":"summary_large_image","twitter_misc":{"Dur\u00e9e de lecture estim\u00e9e":"1 minute"},"schema":{"@context":"https:\/\/schema.org","@graph":[{"@type":"WebPage","@id":"https:\/\/sc.digimotions.be\/fr\/brochures\/recor-bedding-brochures\/","url":"https:\/\/sc.digimotions.be\/fr\/brochures\/recor-bedding-brochures\/","name":"T\u00e9l\u00e9charger nos brochures Recor Bedding | Slaap Concept Ninove","isPartOf":{"@id":"https:\/\/sc.digimotions.be\/fr\/#website"},"primaryImageOfPage":{"@id":"https:\/\/sc.digimotions.be\/fr\/brochures\/recor-bedding-brochures\/#primaryimage"},"image":{"@id":"https:\/\/sc.digimotions.be\/fr\/brochures\/recor-bedding-brochures\/#primaryimage"},"thumbnailUrl":"https:\/\/sc.digimotions.be\/wp-content\/uploads\/2022\/03\/LowRes-MyBed-Wide-1-1.jpg","datePublished":"2022-11-17T14:57:26+00:00","dateModified":"2024-08-26T10:21:17+00:00","description":"En qu\u00eate d'inspiration ? T\u00e9l\u00e9chargez gratuitement l'une de nos brochures de Recor Bedding.","breadcrumb":{"@id":"https:\/\/sc.digimotions.be\/fr\/brochures\/recor-bedding-brochures\/#breadcrumb"},"inLanguage":"fr-FR","potentialAction":[{"@type":"ReadAction","target":["https:\/\/sc.digimotions.be\/fr\/brochures\/recor-bedding-brochures\/"]}]},{"@type":"ImageObject","inLanguage":"fr-FR","@id":"https:\/\/sc.digimotions.be\/fr\/brochures\/recor-bedding-brochures\/#primaryimage","url":"https:\/\/sc.digimotions.be\/wp-content\/uploads\/2022\/03\/LowRes-MyBed-Wide-1-1.jpg","contentUrl":"https:\/\/sc.digimotions.be\/wp-content\/uploads\/2022\/03\/LowRes-MyBed-Wide-1-1.jpg","width":2200,"height":1650,"caption":"Recor Bedding My bed"},{"@type":"BreadcrumbList","@id":"https:\/\/sc.digimotions.be\/fr\/brochures\/recor-bedding-brochures\/#breadcrumb","itemListElement":[{"@type":"ListItem","position":1,"name":"Home","item":"https:\/\/sc.digimotions.be\/fr\/"},{"@type":"ListItem","position":2,"name":"Brochures","item":"https:\/\/sc.digimotions.be\/fr\/brochures\/"},{"@type":"ListItem","position":3,"name":"Brochures Recor Bedding"}]},{"@type":"WebSite","@id":"https:\/\/sc.digimotions.be\/fr\/#website","url":"https:\/\/sc.digimotions.be\/fr\/","name":"Slaap Concept","description":"Jouw ultieme slaapervaring vind je bij Slaap Concept","publisher":{"@id":"https:\/\/sc.digimotions.be\/fr\/#organization"},"potentialAction":[{"@type":"SearchAction","target":{"@type":"EntryPoint","urlTemplate":"https:\/\/sc.digimotions.be\/fr\/?s={search_term_string}"},"query-input":{"@type":"PropertyValueSpecification","valueRequired":true,"valueName":"search_term_string"}}],"inLanguage":"fr-FR"},{"@type":"Organization","@id":"https:\/\/sc.digimotions.be\/fr\/#organization","name":"Slaap Concept","url":"https:\/\/sc.digimotions.be\/fr\/","logo":{"@type":"ImageObject","inLanguage":"fr-FR","@id":"https:\/\/sc.digimotions.be\/fr\/#\/schema\/logo\/image\/","url":"https:\/\/sc.digimotions.be\/wp-content\/uploads\/2021\/04\/logo.png","contentUrl":"https:\/\/sc.digimotions.be\/wp-content\/uploads\/2021\/04\/logo.png","width":645,"height":241,"caption":"Slaap Concept"},"image":{"@id":"https:\/\/sc.digimotions.be\/fr\/#\/schema\/logo\/image\/"}}]}},"uagb_featured_image_src":{"full":["https:\/\/sc.digimotions.be\/wp-content\/uploads\/2022\/03\/LowRes-MyBed-Wide-1-1.jpg",2200,1650,false],"thumbnail":["https:\/\/sc.digimotions.be\/wp-content\/uploads\/2022\/03\/LowRes-MyBed-Wide-1-1-150x150.jpg",150,150,true],"medium":["https:\/\/sc.digimotions.be\/wp-content\/uploads\/2022\/03\/LowRes-MyBed-Wide-1-1-300x225.jpg",300,225,true],"medium_large":["https:\/\/sc.digimotions.be\/wp-content\/uploads\/2022\/03\/LowRes-MyBed-Wide-1-1-768x576.jpg",768,576,true],"large":["https:\/\/sc.digimotions.be\/wp-content\/uploads\/2022\/03\/LowRes-MyBed-Wide-1-1-1024x768.jpg",1024,768,true],"1536x1536":["https:\/\/sc.digimotions.be\/wp-content\/uploads\/2022\/03\/LowRes-MyBed-Wide-1-1-1536x1152.jpg",1536,1152,true],"2048x2048":["https:\/\/sc.digimotions.be\/wp-content\/uploads\/2022\/03\/LowRes-MyBed-Wide-1-1-2048x1536.jpg",2048,1536,true],"gform-image-choice-sm":["https:\/\/sc.digimotions.be\/wp-content\/uploads\/2022\/03\/LowRes-MyBed-Wide-1-1.jpg",300,225,false],"gform-image-choice-md":["https:\/\/sc.digimotions.be\/wp-content\/uploads\/2022\/03\/LowRes-MyBed-Wide-1-1.jpg",400,300,false],"gform-image-choice-lg":["https:\/\/sc.digimotions.be\/wp-content\/uploads\/2022\/03\/LowRes-MyBed-Wide-1-1.jpg",600,450,false],"woocommerce_thumbnail":["https:\/\/sc.digimotions.be\/wp-content\/uploads\/2022\/03\/LowRes-MyBed-Wide-1-1.jpg",736,552,false],"woocommerce_single":["https:\/\/sc.digimotions.be\/wp-content\/uploads\/2022\/03\/LowRes-MyBed-Wide-1-1.jpg",736,552,false],"woocommerce_gallery_thumbnail":["https:\/\/sc.digimotions.be\/wp-content\/uploads\/2022\/03\/LowRes-MyBed-Wide-1-1-100x100.jpg",100,100,true]},"uagb_author_info":{"display_name":"admin","author_link":"https:\/\/sc.digimotions.be\/fr\/author\/admin\/"},"uagb_comment_info":0,"uagb_excerpt":"Recor Bedding brochures Parce que bien dormir est essentiel pour le corps et l&rsquo;esprit. C&rsquo;est selon cette devise que\u00a0Recor Bedding\u00a0fabrique depuis plus de 70 ans des lits et des matelas qui respirent une simplicit\u00e9 absolue et une grande qualit\u00e9. Des caract\u00e9ristiques que l&rsquo;on retrouve \u00e9galement dans leurs sommiers \u00e0 lattes innovants. Vous b\u00e9n\u00e9ficiez ainsi d&rsquo;un\u2026","_links":{"self":[{"href":"https:\/\/sc.digimotions.be\/fr\/wp-json\/wp\/v2\/pages\/5995","targetHints":{"allow":["GET"]}}],"collection":[{"href":"https:\/\/sc.digimotions.be\/fr\/wp-json\/wp\/v2\/pages"}],"about":[{"href":"https:\/\/sc.digimotions.be\/fr\/wp-json\/wp\/v2\/types\/page"}],"author":[{"embeddable":true,"href":"https:\/\/sc.digimotions.be\/fr\/wp-json\/wp\/v2\/users\/1"}],"replies":[{"embeddable":true,"href":"https:\/\/sc.digimotions.be\/fr\/wp-json\/wp\/v2\/comments?post=5995"}],"version-history":[{"count":5,"href":"https:\/\/sc.digimotions.be\/fr\/wp-json\/wp\/v2\/pages\/5995\/revisions"}],"predecessor-version":[{"id":6024,"href":"https:\/\/sc.digimotions.be\/fr\/wp-json\/wp\/v2\/pages\/5995\/revisions\/6024"}],"up":[{"embeddable":true,"href":"https:\/\/sc.digimotions.be\/fr\/wp-json\/wp\/v2\/pages\/3328"}],"wp:featuredmedia":[{"embeddable":true,"href":"https:\/\/sc.digimotions.be\/fr\/wp-json\/wp\/v2\/media\/2909"}],"wp:attachment":[{"href":"https:\/\/sc.digimotions.be\/fr\/wp-json\/wp\/v2\/media?parent=5995"}],"curies":[{"name":"wp","href":"https:\/\/api.w.org\/{rel}","templated":true}]}}