{"id":5436,"date":"2023-10-18T09:15:21","date_gmt":"2023-10-18T09:15:21","guid":{"rendered":"https:\/\/sc.digimotions.be\/brochures\/brochures-nomo\/"},"modified":"2024-06-03T07:02:40","modified_gmt":"2024-06-03T07:02:40","slug":"brochures-nomo","status":"publish","type":"page","link":"https:\/\/sc.digimotions.be\/fr\/brochures\/brochures-nomo\/","title":{"rendered":"Brochures NOMO"},"content":{"rendered":"\n\n\t<h1>\n\t\t\t\tBrochures NOMO\n\t\t\t<\/h1>\n\t<blockquote><p>La marque belge NOMO est synonyme de linge de maison d\u00e9contract\u00e9 et moderne, avec le souci du d\u00e9tail. Du linge de lit paradisiaque pour r\u00eaver. Demandez notre brochure NOMO gratuite ci-dessous.<\/p><\/blockquote>\n\t\t\t\t<a href=\"https:\/\/sc.digimotions.be\/fr\/brochures\/brochures-nomo\/brochure-dinspiration-et-de-tendances-nomo\/\" target=\"_self\" itemprop=\"url\" rel=\"noopener\">\n\t\t\t\t<img loading=\"lazy\" decoding=\"async\" src=\"https:\/\/sc.digimotions.be\/wp-content\/uploads\/2024\/05\/CATALOOG-NOMO-LZ-2024-1_Pagina_001.jpg\" alt=\"CATALOOG-NOMO-LZ-2024-(1)_Pagina_001\" itemprop=\"image\" height=\"1000\" width=\"700\" title=\"CATALOOG-NOMO-LZ-2024-(1)_Pagina_001\" onerror=\"this.style.display='none'\"  \/>\n\t\t\t\t<\/a>\n\t<h4>\n\t\t\t\tInspiration et tendances\n\t\t\t<\/h4>\n\t\t\t<a href=\"https:\/\/sc.digimotions.be\/fr\/brochures\/brochures-nomo\/brochure-dinspiration-et-de-tendances-nomo\/\" target=\"_self\" role=\"button\" aria-label=\"Demander la brochure\" rel=\"noopener\">\n\t\t\t\t\t\t\tDemander la brochure\n\t\t<\/a>\n\t<h3>\n\t\t\t\tVous voulez vous r\u00e9veiller chaque jour en vous sentant bien repos\u00e9 ?\n\t\t\t<\/h3>\n\t\t\t<p>Alors, venez nous rendre une petite visite. Dans une atmosph\u00e8re d\u00e9tendue et conviviale, nous vous aiderons \u00e0 trouver votre confort de sommeil optimal.<\/p>\t\n\t\t\t<a href=\"https:\/\/sc.digimotions.be\/fr\/contactez-nous\/\" target=\"_self\" role=\"button\" aria-label=\"Venez nous voir\" rel=\"noopener\">\n\t\t\t\t\t\t\tVenez nous voir\n\t\t<\/a>\n\n","protected":false},"excerpt":{"rendered":"<p>Brochures NOMO La marque belge NOMO est synonyme de linge de maison d\u00e9contract\u00e9 et moderne, avec le souci du d\u00e9tail. Du linge de lit paradisiaque pour r\u00eaver. Demandez notre brochure NOMO gratuite ci-dessous. Inspiration et tendances Demander la brochure Vous voulez vous r\u00e9veiller chaque jour en vous sentant bien repos\u00e9 ? Alors, venez nous rendre [&hellip;]<\/p>\n","protected":false},"author":1,"featured_media":0,"parent":3328,"menu_order":0,"comment_status":"closed","ping_status":"closed","template":"","meta":{"_uag_custom_page_level_css":"","site-sidebar-layout":"no-sidebar","site-content-layout":"page-builder","ast-site-content-layout":"default","site-content-style":"default","site-sidebar-style":"default","ast-global-header-display":"","ast-banner-title-visibility":"","ast-main-header-display":"","ast-hfb-above-header-display":"","ast-hfb-below-header-display":"","ast-hfb-mobile-header-display":"","site-post-title":"disabled","ast-breadcrumbs-content":"","ast-featured-img":"disabled","footer-sml-layout":"","ast-disable-related-posts":"","theme-transparent-header-meta":"default","adv-header-id-meta":"","stick-header-meta":"default","header-above-stick-meta":"","header-main-stick-meta":"","header-below-stick-meta":"","astra-migrate-meta-layouts":"default","ast-page-background-enabled":"default","ast-page-background-meta":{"desktop":{"background-color":"","background-image":"","background-repeat":"repeat","background-position":"center center","background-size":"auto","background-attachment":"scroll","background-type":"","background-media":"","overlay-type":"","overlay-color":"","overlay-opacity":"","overlay-gradient":""},"tablet":{"background-color":"","background-image":"","background-repeat":"repeat","background-position":"center center","background-size":"auto","background-attachment":"scroll","background-type":"","background-media":"","overlay-type":"","overlay-color":"","overlay-opacity":"","overlay-gradient":""},"mobile":{"background-color":"","background-image":"","background-repeat":"repeat","background-position":"center center","background-size":"auto","background-attachment":"scroll","background-type":"","background-media":"","overlay-type":"","overlay-color":"","overlay-opacity":"","overlay-gradient":""}},"ast-content-background-meta":{"desktop":{"background-color":"var(--ast-global-color-5)","background-image":"","background-repeat":"repeat","background-position":"center center","background-size":"auto","background-attachment":"scroll","background-type":"","background-media":"","overlay-type":"","overlay-color":"","overlay-opacity":"","overlay-gradient":""},"tablet":{"background-color":"var(--ast-global-color-5)","background-image":"","background-repeat":"repeat","background-position":"center center","background-size":"auto","background-attachment":"scroll","background-type":"","background-media":"","overlay-type":"","overlay-color":"","overlay-opacity":"","overlay-gradient":""},"mobile":{"background-color":"var(--ast-global-color-5)","background-image":"","background-repeat":"repeat","background-position":"center center","background-size":"auto","background-attachment":"scroll","background-type":"","background-media":"","overlay-type":"","overlay-color":"","overlay-opacity":"","overlay-gradient":""}},"footnotes":""},"class_list":["post-5436","page","type-page","status-publish","hentry"],"yoast_head":"<!-- This site is optimized with the Yoast SEO plugin v27.4 - https:\/\/yoast.com\/product\/yoast-seo-wordpress\/ -->\n<title>T\u00e9l\u00e9charger nos brochures NOMO gratuites | Slaap Concept \u00e0 Ninove<\/title>\n<meta name=\"description\" content=\"En qu\u00eate d&#039;inspiration ? T\u00e9l\u00e9chargez gratuitement l&#039;une de nos brochures sur NOMO.\" \/>\n<meta name=\"robots\" content=\"index, follow, max-snippet:-1, max-image-preview:large, max-video-preview:-1\" \/>\n<link rel=\"canonical\" href=\"https:\/\/sc.digimotions.be\/fr\/brochures\/brochures-nomo\/\" \/>\n<meta property=\"og:locale\" content=\"fr_FR\" \/>\n<meta property=\"og:type\" content=\"article\" \/>\n<meta property=\"og:title\" content=\"T\u00e9l\u00e9charger nos brochures NOMO gratuites | Slaap Concept \u00e0 Ninove\" \/>\n<meta property=\"og:description\" content=\"En qu\u00eate d&#039;inspiration ? T\u00e9l\u00e9chargez gratuitement l&#039;une de nos brochures sur NOMO.\" \/>\n<meta property=\"og:url\" content=\"https:\/\/sc.digimotions.be\/fr\/brochures\/brochures-nomo\/\" \/>\n<meta property=\"og:site_name\" content=\"Slaap Concept\" \/>\n<meta property=\"article:modified_time\" content=\"2024-06-03T07:02:40+00:00\" \/>\n<meta property=\"og:image\" content=\"https:\/\/sc.digimotions.be\/wp-content\/uploads\/2024\/05\/CATALOOG-NOMO-LZ-2024-1_Pagina_001.jpg\" \/>\n<meta name=\"twitter:card\" content=\"summary_large_image\" \/>\n<script type=\"application\/ld+json\" class=\"yoast-schema-graph\">{\"@context\":\"https:\\\/\\\/schema.org\",\"@graph\":[{\"@type\":\"WebPage\",\"@id\":\"https:\\\/\\\/sc.digimotions.be\\\/fr\\\/brochures\\\/brochures-nomo\\\/\",\"url\":\"https:\\\/\\\/sc.digimotions.be\\\/fr\\\/brochures\\\/brochures-nomo\\\/\",\"name\":\"T\u00e9l\u00e9charger nos brochures NOMO gratuites | Slaap Concept \u00e0 Ninove\",\"isPartOf\":{\"@id\":\"https:\\\/\\\/sc.digimotions.be\\\/fr\\\/#website\"},\"primaryImageOfPage\":{\"@id\":\"https:\\\/\\\/sc.digimotions.be\\\/fr\\\/brochures\\\/brochures-nomo\\\/#primaryimage\"},\"image\":{\"@id\":\"https:\\\/\\\/sc.digimotions.be\\\/fr\\\/brochures\\\/brochures-nomo\\\/#primaryimage\"},\"thumbnailUrl\":\"https:\\\/\\\/sc.digimotions.be\\\/wp-content\\\/uploads\\\/2024\\\/05\\\/CATALOOG-NOMO-LZ-2024-1_Pagina_001.jpg\",\"datePublished\":\"2023-10-18T09:15:21+00:00\",\"dateModified\":\"2024-06-03T07:02:40+00:00\",\"description\":\"En qu\u00eate d'inspiration ? T\u00e9l\u00e9chargez gratuitement l'une de nos brochures sur NOMO.\",\"breadcrumb\":{\"@id\":\"https:\\\/\\\/sc.digimotions.be\\\/fr\\\/brochures\\\/brochures-nomo\\\/#breadcrumb\"},\"inLanguage\":\"fr-FR\",\"potentialAction\":[{\"@type\":\"ReadAction\",\"target\":[\"https:\\\/\\\/sc.digimotions.be\\\/fr\\\/brochures\\\/brochures-nomo\\\/\"]}]},{\"@type\":\"ImageObject\",\"inLanguage\":\"fr-FR\",\"@id\":\"https:\\\/\\\/sc.digimotions.be\\\/fr\\\/brochures\\\/brochures-nomo\\\/#primaryimage\",\"url\":\"https:\\\/\\\/sc.digimotions.be\\\/wp-content\\\/uploads\\\/2024\\\/05\\\/CATALOOG-NOMO-LZ-2024-1_Pagina_001.jpg\",\"contentUrl\":\"https:\\\/\\\/sc.digimotions.be\\\/wp-content\\\/uploads\\\/2024\\\/05\\\/CATALOOG-NOMO-LZ-2024-1_Pagina_001.jpg\"},{\"@type\":\"BreadcrumbList\",\"@id\":\"https:\\\/\\\/sc.digimotions.be\\\/fr\\\/brochures\\\/brochures-nomo\\\/#breadcrumb\",\"itemListElement\":[{\"@type\":\"ListItem\",\"position\":1,\"name\":\"Home\",\"item\":\"https:\\\/\\\/sc.digimotions.be\\\/fr\\\/\"},{\"@type\":\"ListItem\",\"position\":2,\"name\":\"Brochures\",\"item\":\"https:\\\/\\\/sc.digimotions.be\\\/fr\\\/brochures\\\/\"},{\"@type\":\"ListItem\",\"position\":3,\"name\":\"Brochures NOMO\"}]},{\"@type\":\"WebSite\",\"@id\":\"https:\\\/\\\/sc.digimotions.be\\\/fr\\\/#website\",\"url\":\"https:\\\/\\\/sc.digimotions.be\\\/fr\\\/\",\"name\":\"Slaap Concept\",\"description\":\"Jouw ultieme slaapervaring vind je bij Slaap Concept\",\"publisher\":{\"@id\":\"https:\\\/\\\/sc.digimotions.be\\\/fr\\\/#organization\"},\"potentialAction\":[{\"@type\":\"SearchAction\",\"target\":{\"@type\":\"EntryPoint\",\"urlTemplate\":\"https:\\\/\\\/sc.digimotions.be\\\/fr\\\/?s={search_term_string}\"},\"query-input\":{\"@type\":\"PropertyValueSpecification\",\"valueRequired\":true,\"valueName\":\"search_term_string\"}}],\"inLanguage\":\"fr-FR\"},{\"@type\":\"Organization\",\"@id\":\"https:\\\/\\\/sc.digimotions.be\\\/fr\\\/#organization\",\"name\":\"Slaap Concept\",\"url\":\"https:\\\/\\\/sc.digimotions.be\\\/fr\\\/\",\"logo\":{\"@type\":\"ImageObject\",\"inLanguage\":\"fr-FR\",\"@id\":\"https:\\\/\\\/sc.digimotions.be\\\/fr\\\/#\\\/schema\\\/logo\\\/image\\\/\",\"url\":\"https:\\\/\\\/sc.digimotions.be\\\/wp-content\\\/uploads\\\/2021\\\/04\\\/logo.png\",\"contentUrl\":\"https:\\\/\\\/sc.digimotions.be\\\/wp-content\\\/uploads\\\/2021\\\/04\\\/logo.png\",\"width\":645,\"height\":241,\"caption\":\"Slaap Concept\"},\"image\":{\"@id\":\"https:\\\/\\\/sc.digimotions.be\\\/fr\\\/#\\\/schema\\\/logo\\\/image\\\/\"}}]}<\/script>\n<!-- \/ Yoast SEO plugin. -->","yoast_head_json":{"title":"T\u00e9l\u00e9charger nos brochures NOMO gratuites | Slaap Concept \u00e0 Ninove","description":"En qu\u00eate d'inspiration ? T\u00e9l\u00e9chargez gratuitement l'une de nos brochures sur NOMO.","robots":{"index":"index","follow":"follow","max-snippet":"max-snippet:-1","max-image-preview":"max-image-preview:large","max-video-preview":"max-video-preview:-1"},"canonical":"https:\/\/sc.digimotions.be\/fr\/brochures\/brochures-nomo\/","og_locale":"fr_FR","og_type":"article","og_title":"T\u00e9l\u00e9charger nos brochures NOMO gratuites | Slaap Concept \u00e0 Ninove","og_description":"En qu\u00eate d'inspiration ? T\u00e9l\u00e9chargez gratuitement l'une de nos brochures sur NOMO.","og_url":"https:\/\/sc.digimotions.be\/fr\/brochures\/brochures-nomo\/","og_site_name":"Slaap Concept","article_modified_time":"2024-06-03T07:02:40+00:00","og_image":[{"url":"https:\/\/sc.digimotions.be\/wp-content\/uploads\/2024\/05\/CATALOOG-NOMO-LZ-2024-1_Pagina_001.jpg","type":"","width":"","height":""}],"twitter_card":"summary_large_image","schema":{"@context":"https:\/\/schema.org","@graph":[{"@type":"WebPage","@id":"https:\/\/sc.digimotions.be\/fr\/brochures\/brochures-nomo\/","url":"https:\/\/sc.digimotions.be\/fr\/brochures\/brochures-nomo\/","name":"T\u00e9l\u00e9charger nos brochures NOMO gratuites | Slaap Concept \u00e0 Ninove","isPartOf":{"@id":"https:\/\/sc.digimotions.be\/fr\/#website"},"primaryImageOfPage":{"@id":"https:\/\/sc.digimotions.be\/fr\/brochures\/brochures-nomo\/#primaryimage"},"image":{"@id":"https:\/\/sc.digimotions.be\/fr\/brochures\/brochures-nomo\/#primaryimage"},"thumbnailUrl":"https:\/\/sc.digimotions.be\/wp-content\/uploads\/2024\/05\/CATALOOG-NOMO-LZ-2024-1_Pagina_001.jpg","datePublished":"2023-10-18T09:15:21+00:00","dateModified":"2024-06-03T07:02:40+00:00","description":"En qu\u00eate d'inspiration ? T\u00e9l\u00e9chargez gratuitement l'une de nos brochures sur NOMO.","breadcrumb":{"@id":"https:\/\/sc.digimotions.be\/fr\/brochures\/brochures-nomo\/#breadcrumb"},"inLanguage":"fr-FR","potentialAction":[{"@type":"ReadAction","target":["https:\/\/sc.digimotions.be\/fr\/brochures\/brochures-nomo\/"]}]},{"@type":"ImageObject","inLanguage":"fr-FR","@id":"https:\/\/sc.digimotions.be\/fr\/brochures\/brochures-nomo\/#primaryimage","url":"https:\/\/sc.digimotions.be\/wp-content\/uploads\/2024\/05\/CATALOOG-NOMO-LZ-2024-1_Pagina_001.jpg","contentUrl":"https:\/\/sc.digimotions.be\/wp-content\/uploads\/2024\/05\/CATALOOG-NOMO-LZ-2024-1_Pagina_001.jpg"},{"@type":"BreadcrumbList","@id":"https:\/\/sc.digimotions.be\/fr\/brochures\/brochures-nomo\/#breadcrumb","itemListElement":[{"@type":"ListItem","position":1,"name":"Home","item":"https:\/\/sc.digimotions.be\/fr\/"},{"@type":"ListItem","position":2,"name":"Brochures","item":"https:\/\/sc.digimotions.be\/fr\/brochures\/"},{"@type":"ListItem","position":3,"name":"Brochures NOMO"}]},{"@type":"WebSite","@id":"https:\/\/sc.digimotions.be\/fr\/#website","url":"https:\/\/sc.digimotions.be\/fr\/","name":"Slaap Concept","description":"Jouw ultieme slaapervaring vind je bij Slaap Concept","publisher":{"@id":"https:\/\/sc.digimotions.be\/fr\/#organization"},"potentialAction":[{"@type":"SearchAction","target":{"@type":"EntryPoint","urlTemplate":"https:\/\/sc.digimotions.be\/fr\/?s={search_term_string}"},"query-input":{"@type":"PropertyValueSpecification","valueRequired":true,"valueName":"search_term_string"}}],"inLanguage":"fr-FR"},{"@type":"Organization","@id":"https:\/\/sc.digimotions.be\/fr\/#organization","name":"Slaap Concept","url":"https:\/\/sc.digimotions.be\/fr\/","logo":{"@type":"ImageObject","inLanguage":"fr-FR","@id":"https:\/\/sc.digimotions.be\/fr\/#\/schema\/logo\/image\/","url":"https:\/\/sc.digimotions.be\/wp-content\/uploads\/2021\/04\/logo.png","contentUrl":"https:\/\/sc.digimotions.be\/wp-content\/uploads\/2021\/04\/logo.png","width":645,"height":241,"caption":"Slaap Concept"},"image":{"@id":"https:\/\/sc.digimotions.be\/fr\/#\/schema\/logo\/image\/"}}]}},"uagb_featured_image_src":{"full":false,"thumbnail":false,"medium":false,"medium_large":false,"large":false,"1536x1536":false,"2048x2048":false,"gform-image-choice-sm":false,"gform-image-choice-md":false,"gform-image-choice-lg":false,"woocommerce_thumbnail":false,"woocommerce_single":false,"woocommerce_gallery_thumbnail":false},"uagb_author_info":{"display_name":"admin","author_link":"https:\/\/sc.digimotions.be\/fr\/author\/admin\/"},"uagb_comment_info":0,"uagb_excerpt":"Brochures NOMO La marque belge NOMO est synonyme de linge de maison d\u00e9contract\u00e9 et moderne, avec le souci du d\u00e9tail. Du linge de lit paradisiaque pour r\u00eaver. Demandez notre brochure NOMO gratuite ci-dessous. Inspiration et tendances Demander la brochure Vous voulez vous r\u00e9veiller chaque jour en vous sentant bien repos\u00e9 ? Alors, venez nous rendre\u2026","_links":{"self":[{"href":"https:\/\/sc.digimotions.be\/fr\/wp-json\/wp\/v2\/pages\/5436","targetHints":{"allow":["GET"]}}],"collection":[{"href":"https:\/\/sc.digimotions.be\/fr\/wp-json\/wp\/v2\/pages"}],"about":[{"href":"https:\/\/sc.digimotions.be\/fr\/wp-json\/wp\/v2\/types\/page"}],"author":[{"embeddable":true,"href":"https:\/\/sc.digimotions.be\/fr\/wp-json\/wp\/v2\/users\/1"}],"replies":[{"embeddable":true,"href":"https:\/\/sc.digimotions.be\/fr\/wp-json\/wp\/v2\/comments?post=5436"}],"version-history":[{"count":3,"href":"https:\/\/sc.digimotions.be\/fr\/wp-json\/wp\/v2\/pages\/5436\/revisions"}],"predecessor-version":[{"id":5868,"href":"https:\/\/sc.digimotions.be\/fr\/wp-json\/wp\/v2\/pages\/5436\/revisions\/5868"}],"up":[{"embeddable":true,"href":"https:\/\/sc.digimotions.be\/fr\/wp-json\/wp\/v2\/pages\/3328"}],"wp:attachment":[{"href":"https:\/\/sc.digimotions.be\/fr\/wp-json\/wp\/v2\/media?parent=5436"}],"curies":[{"name":"wp","href":"https:\/\/api.w.org\/{rel}","templated":true}]}}