{"id":4947,"date":"2023-04-24T09:50:40","date_gmt":"2023-04-24T09:50:40","guid":{"rendered":"https:\/\/sc.digimotions.be\/kreamat-des-solutions-de-couchage-flexibles\/"},"modified":"2023-04-24T09:50:40","modified_gmt":"2023-04-24T09:50:40","slug":"kreamat-des-solutions-de-couchage-flexibles","status":"publish","type":"page","link":"https:\/\/sc.digimotions.be\/fr\/kreamat-des-solutions-de-couchage-flexibles\/","title":{"rendered":"Kreamat : des solutions de couchage flexibles"},"content":{"rendered":"","protected":false},"excerpt":{"rendered":"","protected":false},"author":1,"featured_media":4604,"parent":0,"menu_order":0,"comment_status":"closed","ping_status":"closed","template":"","meta":{"_uag_custom_page_level_css":"","site-sidebar-layout":"no-sidebar","site-content-layout":"page-builder","ast-site-content-layout":"default","site-content-style":"default","site-sidebar-style":"default","ast-global-header-display":"","ast-banner-title-visibility":"","ast-main-header-display":"","ast-hfb-above-header-display":"","ast-hfb-below-header-display":"","ast-hfb-mobile-header-display":"","site-post-title":"disabled","ast-breadcrumbs-content":"","ast-featured-img":"disabled","footer-sml-layout":"","ast-disable-related-posts":"","theme-transparent-header-meta":"default","adv-header-id-meta":"","stick-header-meta":"default","header-above-stick-meta":"","header-main-stick-meta":"","header-below-stick-meta":"","astra-migrate-meta-layouts":"default","ast-page-background-enabled":"default","ast-page-background-meta":{"desktop":{"background-color":"","background-image":"","background-repeat":"repeat","background-position":"center center","background-size":"auto","background-attachment":"scroll","background-type":"","background-media":"","overlay-type":"","overlay-color":"","overlay-opacity":"","overlay-gradient":""},"tablet":{"background-color":"","background-image":"","background-repeat":"repeat","background-position":"center center","background-size":"auto","background-attachment":"scroll","background-type":"","background-media":"","overlay-type":"","overlay-color":"","overlay-opacity":"","overlay-gradient":""},"mobile":{"background-color":"","background-image":"","background-repeat":"repeat","background-position":"center center","background-size":"auto","background-attachment":"scroll","background-type":"","background-media":"","overlay-type":"","overlay-color":"","overlay-opacity":"","overlay-gradient":""}},"ast-content-background-meta":{"desktop":{"background-color":"var(--ast-global-color-5)","background-image":"","background-repeat":"repeat","background-position":"center center","background-size":"auto","background-attachment":"scroll","background-type":"","background-media":"","overlay-type":"","overlay-color":"","overlay-opacity":"","overlay-gradient":""},"tablet":{"background-color":"var(--ast-global-color-5)","background-image":"","background-repeat":"repeat","background-position":"center center","background-size":"auto","background-attachment":"scroll","background-type":"","background-media":"","overlay-type":"","overlay-color":"","overlay-opacity":"","overlay-gradient":""},"mobile":{"background-color":"var(--ast-global-color-5)","background-image":"","background-repeat":"repeat","background-position":"center center","background-size":"auto","background-attachment":"scroll","background-type":"","background-media":"","overlay-type":"","overlay-color":"","overlay-opacity":"","overlay-gradient":""}},"footnotes":""},"class_list":["post-4947","page","type-page","status-publish","has-post-thumbnail","hentry"],"yoast_head":"<!-- This site is optimized with the Yoast SEO plugin v27.4 - https:\/\/yoast.com\/product\/yoast-seo-wordpress\/ -->\n<title>Kreamat matelas ou boxspring fait main \u2013 Slaap Concept<\/title>\n<meta name=\"description\" content=\"Composez votre solution de couchage optimale avec un matelas ou un boxspring Kreamat. Fabriqu\u00e9 \u00e0 la main avec une technologie d&#039;\u00e9paule brevet\u00e9e.\" \/>\n<meta name=\"robots\" content=\"index, follow, max-snippet:-1, max-image-preview:large, max-video-preview:-1\" \/>\n<link rel=\"canonical\" href=\"https:\/\/sc.digimotions.be\/fr\/kreamat-des-solutions-de-couchage-flexibles\/\" \/>\n<meta property=\"og:locale\" content=\"fr_FR\" \/>\n<meta property=\"og:type\" content=\"article\" \/>\n<meta property=\"og:title\" content=\"Kreamat matelas ou boxspring fait main \u2013 Slaap Concept\" \/>\n<meta property=\"og:description\" content=\"Composez votre solution de couchage optimale avec un matelas ou un boxspring Kreamat. Fabriqu\u00e9 \u00e0 la main avec une technologie d&#039;\u00e9paule brevet\u00e9e.\" \/>\n<meta property=\"og:url\" content=\"https:\/\/sc.digimotions.be\/fr\/kreamat-des-solutions-de-couchage-flexibles\/\" \/>\n<meta property=\"og:site_name\" content=\"Slaap Concept\" \/>\n<meta property=\"og:image\" content=\"https:\/\/sc.digimotions.be\/wp-content\/uploads\/2023\/04\/Kreamat-.jpg\" \/>\n\t<meta property=\"og:image:width\" content=\"2200\" \/>\n\t<meta property=\"og:image:height\" content=\"1650\" \/>\n\t<meta property=\"og:image:type\" content=\"image\/jpeg\" \/>\n<meta name=\"twitter:card\" content=\"summary_large_image\" \/>\n<script type=\"application\/ld+json\" class=\"yoast-schema-graph\">{\"@context\":\"https:\\\/\\\/schema.org\",\"@graph\":[{\"@type\":\"WebPage\",\"@id\":\"https:\\\/\\\/sc.digimotions.be\\\/fr\\\/kreamat-des-solutions-de-couchage-flexibles\\\/\",\"url\":\"https:\\\/\\\/sc.digimotions.be\\\/fr\\\/kreamat-des-solutions-de-couchage-flexibles\\\/\",\"name\":\"Kreamat matelas ou boxspring fait main \u2013 Slaap Concept\",\"isPartOf\":{\"@id\":\"https:\\\/\\\/sc.digimotions.be\\\/fr\\\/#website\"},\"primaryImageOfPage\":{\"@id\":\"https:\\\/\\\/sc.digimotions.be\\\/fr\\\/kreamat-des-solutions-de-couchage-flexibles\\\/#primaryimage\"},\"image\":{\"@id\":\"https:\\\/\\\/sc.digimotions.be\\\/fr\\\/kreamat-des-solutions-de-couchage-flexibles\\\/#primaryimage\"},\"thumbnailUrl\":\"https:\\\/\\\/sc.digimotions.be\\\/wp-content\\\/uploads\\\/2023\\\/04\\\/Kreamat-.jpg\",\"datePublished\":\"2023-04-24T09:50:40+00:00\",\"description\":\"Composez votre solution de couchage optimale avec un matelas ou un boxspring Kreamat. Fabriqu\u00e9 \u00e0 la main avec une technologie d'\u00e9paule brevet\u00e9e.\",\"breadcrumb\":{\"@id\":\"https:\\\/\\\/sc.digimotions.be\\\/fr\\\/kreamat-des-solutions-de-couchage-flexibles\\\/#breadcrumb\"},\"inLanguage\":\"fr-FR\",\"potentialAction\":[{\"@type\":\"ReadAction\",\"target\":[\"https:\\\/\\\/sc.digimotions.be\\\/fr\\\/kreamat-des-solutions-de-couchage-flexibles\\\/\"]}]},{\"@type\":\"ImageObject\",\"inLanguage\":\"fr-FR\",\"@id\":\"https:\\\/\\\/sc.digimotions.be\\\/fr\\\/kreamat-des-solutions-de-couchage-flexibles\\\/#primaryimage\",\"url\":\"https:\\\/\\\/sc.digimotions.be\\\/wp-content\\\/uploads\\\/2023\\\/04\\\/Kreamat-.jpg\",\"contentUrl\":\"https:\\\/\\\/sc.digimotions.be\\\/wp-content\\\/uploads\\\/2023\\\/04\\\/Kreamat-.jpg\",\"width\":2200,\"height\":1650,\"caption\":\"Kreamat\"},{\"@type\":\"BreadcrumbList\",\"@id\":\"https:\\\/\\\/sc.digimotions.be\\\/fr\\\/kreamat-des-solutions-de-couchage-flexibles\\\/#breadcrumb\",\"itemListElement\":[{\"@type\":\"ListItem\",\"position\":1,\"name\":\"Home\",\"item\":\"https:\\\/\\\/sc.digimotions.be\\\/fr\\\/\"},{\"@type\":\"ListItem\",\"position\":2,\"name\":\"Kreamat : des solutions de couchage flexibles\"}]},{\"@type\":\"WebSite\",\"@id\":\"https:\\\/\\\/sc.digimotions.be\\\/fr\\\/#website\",\"url\":\"https:\\\/\\\/sc.digimotions.be\\\/fr\\\/\",\"name\":\"Slaap Concept\",\"description\":\"Jouw ultieme slaapervaring vind je bij Slaap Concept\",\"publisher\":{\"@id\":\"https:\\\/\\\/sc.digimotions.be\\\/fr\\\/#organization\"},\"potentialAction\":[{\"@type\":\"SearchAction\",\"target\":{\"@type\":\"EntryPoint\",\"urlTemplate\":\"https:\\\/\\\/sc.digimotions.be\\\/fr\\\/?s={search_term_string}\"},\"query-input\":{\"@type\":\"PropertyValueSpecification\",\"valueRequired\":true,\"valueName\":\"search_term_string\"}}],\"inLanguage\":\"fr-FR\"},{\"@type\":\"Organization\",\"@id\":\"https:\\\/\\\/sc.digimotions.be\\\/fr\\\/#organization\",\"name\":\"Slaap Concept\",\"url\":\"https:\\\/\\\/sc.digimotions.be\\\/fr\\\/\",\"logo\":{\"@type\":\"ImageObject\",\"inLanguage\":\"fr-FR\",\"@id\":\"https:\\\/\\\/sc.digimotions.be\\\/fr\\\/#\\\/schema\\\/logo\\\/image\\\/\",\"url\":\"https:\\\/\\\/sc.digimotions.be\\\/wp-content\\\/uploads\\\/2021\\\/04\\\/logo.png\",\"contentUrl\":\"https:\\\/\\\/sc.digimotions.be\\\/wp-content\\\/uploads\\\/2021\\\/04\\\/logo.png\",\"width\":645,\"height\":241,\"caption\":\"Slaap Concept\"},\"image\":{\"@id\":\"https:\\\/\\\/sc.digimotions.be\\\/fr\\\/#\\\/schema\\\/logo\\\/image\\\/\"}}]}<\/script>\n<!-- \/ Yoast SEO plugin. -->","yoast_head_json":{"title":"Kreamat matelas ou boxspring fait main \u2013 Slaap Concept","description":"Composez votre solution de couchage optimale avec un matelas ou un boxspring Kreamat. Fabriqu\u00e9 \u00e0 la main avec une technologie d'\u00e9paule brevet\u00e9e.","robots":{"index":"index","follow":"follow","max-snippet":"max-snippet:-1","max-image-preview":"max-image-preview:large","max-video-preview":"max-video-preview:-1"},"canonical":"https:\/\/sc.digimotions.be\/fr\/kreamat-des-solutions-de-couchage-flexibles\/","og_locale":"fr_FR","og_type":"article","og_title":"Kreamat matelas ou boxspring fait main \u2013 Slaap Concept","og_description":"Composez votre solution de couchage optimale avec un matelas ou un boxspring Kreamat. Fabriqu\u00e9 \u00e0 la main avec une technologie d'\u00e9paule brevet\u00e9e.","og_url":"https:\/\/sc.digimotions.be\/fr\/kreamat-des-solutions-de-couchage-flexibles\/","og_site_name":"Slaap Concept","og_image":[{"width":2200,"height":1650,"url":"https:\/\/sc.digimotions.be\/wp-content\/uploads\/2023\/04\/Kreamat-.jpg","type":"image\/jpeg"}],"twitter_card":"summary_large_image","schema":{"@context":"https:\/\/schema.org","@graph":[{"@type":"WebPage","@id":"https:\/\/sc.digimotions.be\/fr\/kreamat-des-solutions-de-couchage-flexibles\/","url":"https:\/\/sc.digimotions.be\/fr\/kreamat-des-solutions-de-couchage-flexibles\/","name":"Kreamat matelas ou boxspring fait main \u2013 Slaap Concept","isPartOf":{"@id":"https:\/\/sc.digimotions.be\/fr\/#website"},"primaryImageOfPage":{"@id":"https:\/\/sc.digimotions.be\/fr\/kreamat-des-solutions-de-couchage-flexibles\/#primaryimage"},"image":{"@id":"https:\/\/sc.digimotions.be\/fr\/kreamat-des-solutions-de-couchage-flexibles\/#primaryimage"},"thumbnailUrl":"https:\/\/sc.digimotions.be\/wp-content\/uploads\/2023\/04\/Kreamat-.jpg","datePublished":"2023-04-24T09:50:40+00:00","description":"Composez votre solution de couchage optimale avec un matelas ou un boxspring Kreamat. Fabriqu\u00e9 \u00e0 la main avec une technologie d'\u00e9paule brevet\u00e9e.","breadcrumb":{"@id":"https:\/\/sc.digimotions.be\/fr\/kreamat-des-solutions-de-couchage-flexibles\/#breadcrumb"},"inLanguage":"fr-FR","potentialAction":[{"@type":"ReadAction","target":["https:\/\/sc.digimotions.be\/fr\/kreamat-des-solutions-de-couchage-flexibles\/"]}]},{"@type":"ImageObject","inLanguage":"fr-FR","@id":"https:\/\/sc.digimotions.be\/fr\/kreamat-des-solutions-de-couchage-flexibles\/#primaryimage","url":"https:\/\/sc.digimotions.be\/wp-content\/uploads\/2023\/04\/Kreamat-.jpg","contentUrl":"https:\/\/sc.digimotions.be\/wp-content\/uploads\/2023\/04\/Kreamat-.jpg","width":2200,"height":1650,"caption":"Kreamat"},{"@type":"BreadcrumbList","@id":"https:\/\/sc.digimotions.be\/fr\/kreamat-des-solutions-de-couchage-flexibles\/#breadcrumb","itemListElement":[{"@type":"ListItem","position":1,"name":"Home","item":"https:\/\/sc.digimotions.be\/fr\/"},{"@type":"ListItem","position":2,"name":"Kreamat : des solutions de couchage flexibles"}]},{"@type":"WebSite","@id":"https:\/\/sc.digimotions.be\/fr\/#website","url":"https:\/\/sc.digimotions.be\/fr\/","name":"Slaap Concept","description":"Jouw ultieme slaapervaring vind je bij Slaap Concept","publisher":{"@id":"https:\/\/sc.digimotions.be\/fr\/#organization"},"potentialAction":[{"@type":"SearchAction","target":{"@type":"EntryPoint","urlTemplate":"https:\/\/sc.digimotions.be\/fr\/?s={search_term_string}"},"query-input":{"@type":"PropertyValueSpecification","valueRequired":true,"valueName":"search_term_string"}}],"inLanguage":"fr-FR"},{"@type":"Organization","@id":"https:\/\/sc.digimotions.be\/fr\/#organization","name":"Slaap Concept","url":"https:\/\/sc.digimotions.be\/fr\/","logo":{"@type":"ImageObject","inLanguage":"fr-FR","@id":"https:\/\/sc.digimotions.be\/fr\/#\/schema\/logo\/image\/","url":"https:\/\/sc.digimotions.be\/wp-content\/uploads\/2021\/04\/logo.png","contentUrl":"https:\/\/sc.digimotions.be\/wp-content\/uploads\/2021\/04\/logo.png","width":645,"height":241,"caption":"Slaap Concept"},"image":{"@id":"https:\/\/sc.digimotions.be\/fr\/#\/schema\/logo\/image\/"}}]}},"uagb_featured_image_src":{"full":["https:\/\/sc.digimotions.be\/wp-content\/uploads\/2023\/04\/Kreamat-.jpg",2200,1650,false],"thumbnail":["https:\/\/sc.digimotions.be\/wp-content\/uploads\/2023\/04\/Kreamat--150x150.jpg",150,150,true],"medium":["https:\/\/sc.digimotions.be\/wp-content\/uploads\/2023\/04\/Kreamat--300x225.jpg",300,225,true],"medium_large":["https:\/\/sc.digimotions.be\/wp-content\/uploads\/2023\/04\/Kreamat--768x576.jpg",768,576,true],"large":["https:\/\/sc.digimotions.be\/wp-content\/uploads\/2023\/04\/Kreamat--1024x768.jpg",1024,768,true],"1536x1536":["https:\/\/sc.digimotions.be\/wp-content\/uploads\/2023\/04\/Kreamat--1536x1152.jpg",1536,1152,true],"2048x2048":["https:\/\/sc.digimotions.be\/wp-content\/uploads\/2023\/04\/Kreamat--2048x1536.jpg",2048,1536,true],"gform-image-choice-sm":["https:\/\/sc.digimotions.be\/wp-content\/uploads\/2023\/04\/Kreamat-.jpg",300,225,false],"gform-image-choice-md":["https:\/\/sc.digimotions.be\/wp-content\/uploads\/2023\/04\/Kreamat-.jpg",400,300,false],"gform-image-choice-lg":["https:\/\/sc.digimotions.be\/wp-content\/uploads\/2023\/04\/Kreamat-.jpg",600,450,false],"woocommerce_thumbnail":["https:\/\/sc.digimotions.be\/wp-content\/uploads\/2023\/04\/Kreamat--736x552.jpg",736,552,true],"woocommerce_single":["https:\/\/sc.digimotions.be\/wp-content\/uploads\/2023\/04\/Kreamat--736x552.jpg",736,552,true],"woocommerce_gallery_thumbnail":["https:\/\/sc.digimotions.be\/wp-content\/uploads\/2023\/04\/Kreamat--100x100.jpg",100,100,true]},"uagb_author_info":{"display_name":"admin","author_link":"https:\/\/sc.digimotions.be\/fr\/author\/admin\/"},"uagb_comment_info":0,"uagb_excerpt":null,"_links":{"self":[{"href":"https:\/\/sc.digimotions.be\/fr\/wp-json\/wp\/v2\/pages\/4947","targetHints":{"allow":["GET"]}}],"collection":[{"href":"https:\/\/sc.digimotions.be\/fr\/wp-json\/wp\/v2\/pages"}],"about":[{"href":"https:\/\/sc.digimotions.be\/fr\/wp-json\/wp\/v2\/types\/page"}],"author":[{"embeddable":true,"href":"https:\/\/sc.digimotions.be\/fr\/wp-json\/wp\/v2\/users\/1"}],"replies":[{"embeddable":true,"href":"https:\/\/sc.digimotions.be\/fr\/wp-json\/wp\/v2\/comments?post=4947"}],"version-history":[{"count":0,"href":"https:\/\/sc.digimotions.be\/fr\/wp-json\/wp\/v2\/pages\/4947\/revisions"}],"wp:featuredmedia":[{"embeddable":true,"href":"https:\/\/sc.digimotions.be\/fr\/wp-json\/wp\/v2\/media\/4604"}],"wp:attachment":[{"href":"https:\/\/sc.digimotions.be\/fr\/wp-json\/wp\/v2\/media?parent=4947"}],"curies":[{"name":"wp","href":"https:\/\/api.w.org\/{rel}","templated":true}]}}