{"id":4821,"date":"2023-04-18T07:54:17","date_gmt":"2023-04-18T07:54:17","guid":{"rendered":"https:\/\/sc.digimotions.be\/solutions-de-sommeil\/"},"modified":"2024-04-02T14:22:05","modified_gmt":"2024-04-02T14:22:05","slug":"solutions-de-sommeil","status":"publish","type":"page","link":"https:\/\/sc.digimotions.be\/fr\/solutions-de-sommeil\/","title":{"rendered":"Solutions de sommeil"},"content":{"rendered":"\n\n\t\t\t<a href=\"https:\/\/sc.digimotions.be\/fr\/contactez-nous\/\" target=\"_self\" role=\"button\" aria-label=\"Contact et heures d&#039;ouverture\" rel=\"noopener\">\n\t\t\t\t\t\t\tContact et heures d&rsquo;ouverture\n\t\t<\/a>\n\t\t\t\t<a href=\"https:\/\/sc.digimotions.be\/fr\/acheter-un-nouveau-lit\/\" target=\"_self\" itemprop=\"url\" rel=\"noopener\">\n\t\t\t\t<img loading=\"lazy\" decoding=\"async\" src=\"https:\/\/sc.digimotions.be\/wp-content\/uploads\/2021\/07\/SlaapConcept_deel2-29.jpg\" alt=\"SlaapConcept_deel2-29\" itemprop=\"image\" height=\"1001\" width=\"1500\" title=\"SlaapConcept_deel2-29\" onerror=\"this.style.display='none'\"  \/>\n\t\t\t\t<\/a>\n\t<h3>\n\t\t\t\tLits\n\t\t\t<\/h3>\n\t\t\tChoisissez un lit belge de haute qualit\u00e9 et soigneusement s\u00e9lectionn\u00e9 pour y r\u00eaver.\t\n\t\t\t\t<a href=\"https:\/\/sc.digimotions.be\/fr\/acheter-boxspring\/\" target=\"_self\" itemprop=\"url\" rel=\"noopener\">\n\t\t\t\t<img loading=\"lazy\" decoding=\"async\" src=\"https:\/\/sc.digimotions.be\/wp-content\/uploads\/2021\/04\/15-M_Classico_Comfort-Lift_HR.jpg\" alt=\"15---M_Classico_Comfort-Lift_HR\" itemprop=\"image\" height=\"1331\" width=\"2000\" title=\"15---M_Classico_Comfort-Lift_HR\" onerror=\"this.style.display='none'\"  \/>\n\t\t\t\t<\/a>\n\t<h3>\n\t\t\t\tBoxsprings\n\t\t\t<\/h3>\n\t\t\tR\u00e9veillez-vous dans votre propre lit d&rsquo;h\u00f4tel luxueux avec l&rsquo;un de nos boxsprings \u00e9l\u00e9gants.\t\n\t\t\t\t<a href=\"https:\/\/sc.digimotions.be\/fr\/acheter-un-nouveau-matelas\/\" target=\"_self\" itemprop=\"url\" rel=\"noopener\">\n\t\t\t\t<img loading=\"lazy\" decoding=\"async\" src=\"https:\/\/sc.digimotions.be\/wp-content\/uploads\/2022\/08\/Matrassen_Equilli.jpg\" alt=\"Matrassen_Equilli\" itemprop=\"image\" height=\"1331\" width=\"2000\" title=\"Matrassen_Equilli\" onerror=\"this.style.display='none'\"  \/>\n\t\t\t\t<\/a>\n\t<h3>\n\t\t\t\tMatelas\n\t\t\t<\/h3>\n\t\t\tLe matelas d\u00e9termine en grande partie le confort de votre couchage. Choisissez donc un matelas adapt\u00e9 \u00e0 votre corps.\t\n\t\t\t\t<a href=\"https:\/\/sc.digimotions.be\/fr\/sommiers-a-lattes\/\" target=\"_self\" itemprop=\"url\" rel=\"noopener\">\n\t\t\t\t<img loading=\"lazy\" decoding=\"async\" src=\"https:\/\/sc.digimotions.be\/wp-content\/uploads\/2021\/06\/lattenbodems.jpg\" alt=\"lattenbodems\" itemprop=\"image\" height=\"1331\" width=\"2000\" title=\"lattenbodems\" onerror=\"this.style.display='none'\"  \/>\n\t\t\t\t<\/a>\n\t<h3>\n\t\t\t\tSommiers \u00e0 lattes\n\t\t\t<\/h3>\n\t\t\tDonnez \u00e0 votre corps et \u00e0 votre matelas le soutien parfait gr\u00e2ce \u00e0 nos sommiers \u00e0 lattes de qualit\u00e9.\t\n\t\t\t\t<a href=\"https:\/\/sc.digimotions.be\/fr\/meilleur-oreiller\/\" target=\"_self\" itemprop=\"url\" rel=\"noopener\">\n\t\t\t\t<img loading=\"lazy\" decoding=\"async\" src=\"https:\/\/sc.digimotions.be\/wp-content\/uploads\/2021\/07\/SlaapConcept_deel2-51.jpg\" alt=\"SlaapConcept_deel2-51\" itemprop=\"image\" height=\"1001\" width=\"1500\" title=\"SlaapConcept_deel2-51\" onerror=\"this.style.display='none'\"  \/>\n\t\t\t\t<\/a>\n\t<h3>\n\t\t\t\tOreillers\n\t\t\t<\/h3>\n\t\t\tUn bon oreiller est tout aussi important que votre lit, votre matelas et votre couette pour un sommeil optimal.\t\n\t\t\t\t<a href=\"https:\/\/sc.digimotions.be\/fr\/linge-de-lit\/\" target=\"_self\" itemprop=\"url\" rel=\"noopener\">\n\t\t\t\t<img loading=\"lazy\" decoding=\"async\" src=\"https:\/\/sc.digimotions.be\/wp-content\/uploads\/2021\/07\/SlaapConcept-27.jpg\" alt=\"SlaapConcept-27\" itemprop=\"image\" height=\"1001\" width=\"1500\" title=\"SlaapConcept-27\" onerror=\"this.style.display='none'\"  \/>\n\t\t\t\t<\/a>\n\t<h3>\n\t\t\t\t<a href=\"https:\/\/sc.digimotions.be\/fr\/linge-de-lit\/\" title=\"Linge de lit\" target=\"_self\" rel=\"noopener\">\n\t\t\t\tLinge de lit\n\t\t\t\t<\/a>\n\t\t\t<\/h3>\n\t\t\tAvec notre belle literie, non seulement vous dormirez mieux, mais votre chambre \u00e0 coucher sera \u00e9galement plus belle.\t\n\t<h2>\n\t\t\t\tNOS MARQUES\n\t\t\t<\/h2>\n\t\t\t\t<a href=\"https:\/\/sc.digimotions.be\/fr\/matelas-equilli\/\" target=\"_self\" itemprop=\"url\" rel=\"noopener\">\n\t\t\t\t<img decoding=\"async\" src=\"https:\/\/sc.digimotions.be\/wp-content\/uploads\/2021\/04\/equilli.png\" alt=\"equilli\" title=\"equilli\" itemprop=\"image\"  \/>\n\t\t\t\t\t\t<\/a>\n\t\t\t\t<a href=\"https:\/\/sc.digimotions.be\/fr\/lit-magnitude\/\" target=\"_self\" itemprop=\"url\" rel=\"noopener\">\n\t\t\t\t<img decoding=\"async\" src=\"https:\/\/sc.digimotions.be\/wp-content\/uploads\/2021\/04\/magnitude.png\" alt=\"magnitude\" title=\"magnitude\" itemprop=\"image\"  \/>\n\t\t\t\t\t\t<\/a>\n\t\t\t\t<a href=\"https:\/\/sc.digimotions.be\/fr\/recor-bedding\/\" target=\"_self\" itemprop=\"url\" rel=\"noopener\">\n\t\t\t\t<img decoding=\"async\" src=\"https:\/\/sc.digimotions.be\/wp-content\/uploads\/2024\/04\/recor-bedding-logo-nieuw.png\" alt=\"recor-bedding-logo-nieuw\" title=\"recor-bedding-logo-nieuw\" itemprop=\"image\"  \/>\n\t\t\t\t\t\t<\/a>\n\t\t\t\t<img decoding=\"async\" src=\"https:\/\/sc.digimotions.be\/wp-content\/uploads\/2023\/04\/Logo-Kreamat.png\" alt=\"Logo Kreamat\" title=\"Logo Kreamat\" itemprop=\"image\"  \/>\n\t<h3>\n\t\t\t\tVous voulez vous r\u00e9veiller chaque jour en vous sentant bien repos\u00e9 ?\n\t\t\t<\/h3>\n\t\t\t<p>Alors, venez nous rendre une petite visite. Dans une atmosph\u00e8re d\u00e9tendue et conviviale, nous vous aiderons \u00e0 trouver votre confort de sommeil optimal.<\/p>\t\n\t\t\t<a href=\"https:\/\/sc.digimotions.be\/fr\/contactez-nous\/\" target=\"_self\" role=\"button\" aria-label=\"Venez nous voir\" rel=\"noopener\">\n\t\t\t\t\t\t\tVenez nous voir\n\t\t<\/a>\n\n","protected":false},"excerpt":{"rendered":"<p>Contact et heures d&rsquo;ouverture Lits Choisissez un lit belge de haute qualit\u00e9 et soigneusement s\u00e9lectionn\u00e9 pour y r\u00eaver. Boxsprings R\u00e9veillez-vous dans votre propre lit d&rsquo;h\u00f4tel luxueux avec l&rsquo;un de nos boxsprings \u00e9l\u00e9gants. Matelas Le matelas d\u00e9termine en grande partie le confort de votre couchage. Choisissez donc un matelas adapt\u00e9 \u00e0 votre corps. Sommiers \u00e0 lattes [&hellip;]<\/p>\n","protected":false},"author":1,"featured_media":0,"parent":0,"menu_order":0,"comment_status":"closed","ping_status":"closed","template":"","meta":{"_uag_custom_page_level_css":"","site-sidebar-layout":"no-sidebar","site-content-layout":"page-builder","ast-site-content-layout":"default","site-content-style":"default","site-sidebar-style":"default","ast-global-header-display":"","ast-banner-title-visibility":"","ast-main-header-display":"","ast-hfb-above-header-display":"","ast-hfb-below-header-display":"","ast-hfb-mobile-header-display":"","site-post-title":"disabled","ast-breadcrumbs-content":"","ast-featured-img":"disabled","footer-sml-layout":"","ast-disable-related-posts":"","theme-transparent-header-meta":"default","adv-header-id-meta":"","stick-header-meta":"default","header-above-stick-meta":"","header-main-stick-meta":"","header-below-stick-meta":"","astra-migrate-meta-layouts":"default","ast-page-background-enabled":"default","ast-page-background-meta":{"desktop":{"background-color":"","background-image":"","background-repeat":"repeat","background-position":"center center","background-size":"auto","background-attachment":"scroll","background-type":"","background-media":"","overlay-type":"","overlay-color":"","overlay-opacity":"","overlay-gradient":""},"tablet":{"background-color":"","background-image":"","background-repeat":"repeat","background-position":"center center","background-size":"auto","background-attachment":"scroll","background-type":"","background-media":"","overlay-type":"","overlay-color":"","overlay-opacity":"","overlay-gradient":""},"mobile":{"background-color":"","background-image":"","background-repeat":"repeat","background-position":"center center","background-size":"auto","background-attachment":"scroll","background-type":"","background-media":"","overlay-type":"","overlay-color":"","overlay-opacity":"","overlay-gradient":""}},"ast-content-background-meta":{"desktop":{"background-color":"var(--ast-global-color-5)","background-image":"","background-repeat":"repeat","background-position":"center center","background-size":"auto","background-attachment":"scroll","background-type":"","background-media":"","overlay-type":"","overlay-color":"","overlay-opacity":"","overlay-gradient":""},"tablet":{"background-color":"var(--ast-global-color-5)","background-image":"","background-repeat":"repeat","background-position":"center center","background-size":"auto","background-attachment":"scroll","background-type":"","background-media":"","overlay-type":"","overlay-color":"","overlay-opacity":"","overlay-gradient":""},"mobile":{"background-color":"var(--ast-global-color-5)","background-image":"","background-repeat":"repeat","background-position":"center center","background-size":"auto","background-attachment":"scroll","background-type":"","background-media":"","overlay-type":"","overlay-color":"","overlay-opacity":"","overlay-gradient":""}},"footnotes":""},"class_list":["post-4821","page","type-page","status-publish","hentry"],"yoast_head":"<!-- This site is optimized with the Yoast SEO plugin v27.4 - https:\/\/yoast.com\/product\/yoast-seo-wordpress\/ -->\n<title>D\u00e9couvrez nos solutions de sommeil personnalis\u00e9es | Slaap Concept \u00e0 Ninove<\/title>\n<meta name=\"description\" content=\"Besoin d&#039;une nouvelle solution de sommeil ? Nous trouverons avec vous la solution adapt\u00e9e \u00e0 votre corps. D\u00e9couvrez rapidement notre gamme ou passez nous voir dans notre showroom.\" \/>\n<meta name=\"robots\" content=\"index, follow, max-snippet:-1, max-image-preview:large, max-video-preview:-1\" \/>\n<link rel=\"canonical\" href=\"https:\/\/sc.digimotions.be\/fr\/solutions-de-sommeil\/\" \/>\n<meta property=\"og:locale\" content=\"fr_FR\" \/>\n<meta property=\"og:type\" content=\"article\" \/>\n<meta property=\"og:title\" content=\"D\u00e9couvrez nos solutions de sommeil personnalis\u00e9es | Slaap Concept \u00e0 Ninove\" \/>\n<meta property=\"og:description\" content=\"Besoin d&#039;une nouvelle solution de sommeil ? Nous trouverons avec vous la solution adapt\u00e9e \u00e0 votre corps. D\u00e9couvrez rapidement notre gamme ou passez nous voir dans notre showroom.\" \/>\n<meta property=\"og:url\" content=\"https:\/\/sc.digimotions.be\/fr\/solutions-de-sommeil\/\" \/>\n<meta property=\"og:site_name\" content=\"Slaap Concept\" \/>\n<meta property=\"article:modified_time\" content=\"2024-04-02T14:22:05+00:00\" \/>\n<meta property=\"og:image\" content=\"https:\/\/sc.digimotions.be\/wp-content\/uploads\/2021\/07\/SlaapConcept_deel2-29.jpg\" \/>\n<meta name=\"twitter:card\" content=\"summary_large_image\" \/>\n<meta name=\"twitter:label1\" content=\"Dur\u00e9e de lecture estim\u00e9e\" \/>\n\t<meta name=\"twitter:data1\" content=\"1 minute\" \/>\n<script type=\"application\/ld+json\" class=\"yoast-schema-graph\">{\"@context\":\"https:\\\/\\\/schema.org\",\"@graph\":[{\"@type\":\"WebPage\",\"@id\":\"https:\\\/\\\/sc.digimotions.be\\\/fr\\\/solutions-de-sommeil\\\/\",\"url\":\"https:\\\/\\\/sc.digimotions.be\\\/fr\\\/solutions-de-sommeil\\\/\",\"name\":\"D\u00e9couvrez nos solutions de sommeil personnalis\u00e9es | Slaap Concept \u00e0 Ninove\",\"isPartOf\":{\"@id\":\"https:\\\/\\\/sc.digimotions.be\\\/fr\\\/#website\"},\"primaryImageOfPage\":{\"@id\":\"https:\\\/\\\/sc.digimotions.be\\\/fr\\\/solutions-de-sommeil\\\/#primaryimage\"},\"image\":{\"@id\":\"https:\\\/\\\/sc.digimotions.be\\\/fr\\\/solutions-de-sommeil\\\/#primaryimage\"},\"thumbnailUrl\":\"https:\\\/\\\/sc.digimotions.be\\\/wp-content\\\/uploads\\\/2021\\\/07\\\/SlaapConcept_deel2-29.jpg\",\"datePublished\":\"2023-04-18T07:54:17+00:00\",\"dateModified\":\"2024-04-02T14:22:05+00:00\",\"description\":\"Besoin d'une nouvelle solution de sommeil ? Nous trouverons avec vous la solution adapt\u00e9e \u00e0 votre corps. D\u00e9couvrez rapidement notre gamme ou passez nous voir dans notre showroom.\",\"breadcrumb\":{\"@id\":\"https:\\\/\\\/sc.digimotions.be\\\/fr\\\/solutions-de-sommeil\\\/#breadcrumb\"},\"inLanguage\":\"fr-FR\",\"potentialAction\":[{\"@type\":\"ReadAction\",\"target\":[\"https:\\\/\\\/sc.digimotions.be\\\/fr\\\/solutions-de-sommeil\\\/\"]}]},{\"@type\":\"ImageObject\",\"inLanguage\":\"fr-FR\",\"@id\":\"https:\\\/\\\/sc.digimotions.be\\\/fr\\\/solutions-de-sommeil\\\/#primaryimage\",\"url\":\"https:\\\/\\\/sc.digimotions.be\\\/wp-content\\\/uploads\\\/2021\\\/07\\\/SlaapConcept_deel2-29.jpg\",\"contentUrl\":\"https:\\\/\\\/sc.digimotions.be\\\/wp-content\\\/uploads\\\/2021\\\/07\\\/SlaapConcept_deel2-29.jpg\"},{\"@type\":\"BreadcrumbList\",\"@id\":\"https:\\\/\\\/sc.digimotions.be\\\/fr\\\/solutions-de-sommeil\\\/#breadcrumb\",\"itemListElement\":[{\"@type\":\"ListItem\",\"position\":1,\"name\":\"Home\",\"item\":\"https:\\\/\\\/sc.digimotions.be\\\/fr\\\/\"},{\"@type\":\"ListItem\",\"position\":2,\"name\":\"Solutions de sommeil\"}]},{\"@type\":\"WebSite\",\"@id\":\"https:\\\/\\\/sc.digimotions.be\\\/fr\\\/#website\",\"url\":\"https:\\\/\\\/sc.digimotions.be\\\/fr\\\/\",\"name\":\"Slaap Concept\",\"description\":\"Jouw ultieme slaapervaring vind je bij Slaap Concept\",\"publisher\":{\"@id\":\"https:\\\/\\\/sc.digimotions.be\\\/fr\\\/#organization\"},\"potentialAction\":[{\"@type\":\"SearchAction\",\"target\":{\"@type\":\"EntryPoint\",\"urlTemplate\":\"https:\\\/\\\/sc.digimotions.be\\\/fr\\\/?s={search_term_string}\"},\"query-input\":{\"@type\":\"PropertyValueSpecification\",\"valueRequired\":true,\"valueName\":\"search_term_string\"}}],\"inLanguage\":\"fr-FR\"},{\"@type\":\"Organization\",\"@id\":\"https:\\\/\\\/sc.digimotions.be\\\/fr\\\/#organization\",\"name\":\"Slaap Concept\",\"url\":\"https:\\\/\\\/sc.digimotions.be\\\/fr\\\/\",\"logo\":{\"@type\":\"ImageObject\",\"inLanguage\":\"fr-FR\",\"@id\":\"https:\\\/\\\/sc.digimotions.be\\\/fr\\\/#\\\/schema\\\/logo\\\/image\\\/\",\"url\":\"https:\\\/\\\/sc.digimotions.be\\\/wp-content\\\/uploads\\\/2021\\\/04\\\/logo.png\",\"contentUrl\":\"https:\\\/\\\/sc.digimotions.be\\\/wp-content\\\/uploads\\\/2021\\\/04\\\/logo.png\",\"width\":645,\"height\":241,\"caption\":\"Slaap Concept\"},\"image\":{\"@id\":\"https:\\\/\\\/sc.digimotions.be\\\/fr\\\/#\\\/schema\\\/logo\\\/image\\\/\"}}]}<\/script>\n<!-- \/ Yoast SEO plugin. -->","yoast_head_json":{"title":"D\u00e9couvrez nos solutions de sommeil personnalis\u00e9es | Slaap Concept \u00e0 Ninove","description":"Besoin d'une nouvelle solution de sommeil ? Nous trouverons avec vous la solution adapt\u00e9e \u00e0 votre corps. D\u00e9couvrez rapidement notre gamme ou passez nous voir dans notre showroom.","robots":{"index":"index","follow":"follow","max-snippet":"max-snippet:-1","max-image-preview":"max-image-preview:large","max-video-preview":"max-video-preview:-1"},"canonical":"https:\/\/sc.digimotions.be\/fr\/solutions-de-sommeil\/","og_locale":"fr_FR","og_type":"article","og_title":"D\u00e9couvrez nos solutions de sommeil personnalis\u00e9es | Slaap Concept \u00e0 Ninove","og_description":"Besoin d'une nouvelle solution de sommeil ? Nous trouverons avec vous la solution adapt\u00e9e \u00e0 votre corps. D\u00e9couvrez rapidement notre gamme ou passez nous voir dans notre showroom.","og_url":"https:\/\/sc.digimotions.be\/fr\/solutions-de-sommeil\/","og_site_name":"Slaap Concept","article_modified_time":"2024-04-02T14:22:05+00:00","og_image":[{"url":"https:\/\/sc.digimotions.be\/wp-content\/uploads\/2021\/07\/SlaapConcept_deel2-29.jpg","type":"","width":"","height":""}],"twitter_card":"summary_large_image","twitter_misc":{"Dur\u00e9e de lecture estim\u00e9e":"1 minute"},"schema":{"@context":"https:\/\/schema.org","@graph":[{"@type":"WebPage","@id":"https:\/\/sc.digimotions.be\/fr\/solutions-de-sommeil\/","url":"https:\/\/sc.digimotions.be\/fr\/solutions-de-sommeil\/","name":"D\u00e9couvrez nos solutions de sommeil personnalis\u00e9es | Slaap Concept \u00e0 Ninove","isPartOf":{"@id":"https:\/\/sc.digimotions.be\/fr\/#website"},"primaryImageOfPage":{"@id":"https:\/\/sc.digimotions.be\/fr\/solutions-de-sommeil\/#primaryimage"},"image":{"@id":"https:\/\/sc.digimotions.be\/fr\/solutions-de-sommeil\/#primaryimage"},"thumbnailUrl":"https:\/\/sc.digimotions.be\/wp-content\/uploads\/2021\/07\/SlaapConcept_deel2-29.jpg","datePublished":"2023-04-18T07:54:17+00:00","dateModified":"2024-04-02T14:22:05+00:00","description":"Besoin d'une nouvelle solution de sommeil ? Nous trouverons avec vous la solution adapt\u00e9e \u00e0 votre corps. D\u00e9couvrez rapidement notre gamme ou passez nous voir dans notre showroom.","breadcrumb":{"@id":"https:\/\/sc.digimotions.be\/fr\/solutions-de-sommeil\/#breadcrumb"},"inLanguage":"fr-FR","potentialAction":[{"@type":"ReadAction","target":["https:\/\/sc.digimotions.be\/fr\/solutions-de-sommeil\/"]}]},{"@type":"ImageObject","inLanguage":"fr-FR","@id":"https:\/\/sc.digimotions.be\/fr\/solutions-de-sommeil\/#primaryimage","url":"https:\/\/sc.digimotions.be\/wp-content\/uploads\/2021\/07\/SlaapConcept_deel2-29.jpg","contentUrl":"https:\/\/sc.digimotions.be\/wp-content\/uploads\/2021\/07\/SlaapConcept_deel2-29.jpg"},{"@type":"BreadcrumbList","@id":"https:\/\/sc.digimotions.be\/fr\/solutions-de-sommeil\/#breadcrumb","itemListElement":[{"@type":"ListItem","position":1,"name":"Home","item":"https:\/\/sc.digimotions.be\/fr\/"},{"@type":"ListItem","position":2,"name":"Solutions de sommeil"}]},{"@type":"WebSite","@id":"https:\/\/sc.digimotions.be\/fr\/#website","url":"https:\/\/sc.digimotions.be\/fr\/","name":"Slaap Concept","description":"Jouw ultieme slaapervaring vind je bij Slaap Concept","publisher":{"@id":"https:\/\/sc.digimotions.be\/fr\/#organization"},"potentialAction":[{"@type":"SearchAction","target":{"@type":"EntryPoint","urlTemplate":"https:\/\/sc.digimotions.be\/fr\/?s={search_term_string}"},"query-input":{"@type":"PropertyValueSpecification","valueRequired":true,"valueName":"search_term_string"}}],"inLanguage":"fr-FR"},{"@type":"Organization","@id":"https:\/\/sc.digimotions.be\/fr\/#organization","name":"Slaap Concept","url":"https:\/\/sc.digimotions.be\/fr\/","logo":{"@type":"ImageObject","inLanguage":"fr-FR","@id":"https:\/\/sc.digimotions.be\/fr\/#\/schema\/logo\/image\/","url":"https:\/\/sc.digimotions.be\/wp-content\/uploads\/2021\/04\/logo.png","contentUrl":"https:\/\/sc.digimotions.be\/wp-content\/uploads\/2021\/04\/logo.png","width":645,"height":241,"caption":"Slaap Concept"},"image":{"@id":"https:\/\/sc.digimotions.be\/fr\/#\/schema\/logo\/image\/"}}]}},"uagb_featured_image_src":{"full":false,"thumbnail":false,"medium":false,"medium_large":false,"large":false,"1536x1536":false,"2048x2048":false,"gform-image-choice-sm":false,"gform-image-choice-md":false,"gform-image-choice-lg":false,"woocommerce_thumbnail":false,"woocommerce_single":false,"woocommerce_gallery_thumbnail":false},"uagb_author_info":{"display_name":"admin","author_link":"https:\/\/sc.digimotions.be\/fr\/author\/admin\/"},"uagb_comment_info":0,"uagb_excerpt":"Contact et heures d&rsquo;ouverture Lits Choisissez un lit belge de haute qualit\u00e9 et soigneusement s\u00e9lectionn\u00e9 pour y r\u00eaver. Boxsprings R\u00e9veillez-vous dans votre propre lit d&rsquo;h\u00f4tel luxueux avec l&rsquo;un de nos boxsprings \u00e9l\u00e9gants. Matelas Le matelas d\u00e9termine en grande partie le confort de votre couchage. Choisissez donc un matelas adapt\u00e9 \u00e0 votre corps. Sommiers \u00e0 lattes\u2026","_links":{"self":[{"href":"https:\/\/sc.digimotions.be\/fr\/wp-json\/wp\/v2\/pages\/4821","targetHints":{"allow":["GET"]}}],"collection":[{"href":"https:\/\/sc.digimotions.be\/fr\/wp-json\/wp\/v2\/pages"}],"about":[{"href":"https:\/\/sc.digimotions.be\/fr\/wp-json\/wp\/v2\/types\/page"}],"author":[{"embeddable":true,"href":"https:\/\/sc.digimotions.be\/fr\/wp-json\/wp\/v2\/users\/1"}],"replies":[{"embeddable":true,"href":"https:\/\/sc.digimotions.be\/fr\/wp-json\/wp\/v2\/comments?post=4821"}],"version-history":[{"count":3,"href":"https:\/\/sc.digimotions.be\/fr\/wp-json\/wp\/v2\/pages\/4821\/revisions"}],"predecessor-version":[{"id":5748,"href":"https:\/\/sc.digimotions.be\/fr\/wp-json\/wp\/v2\/pages\/4821\/revisions\/5748"}],"wp:attachment":[{"href":"https:\/\/sc.digimotions.be\/fr\/wp-json\/wp\/v2\/media?parent=4821"}],"curies":[{"name":"wp","href":"https:\/\/api.w.org\/{rel}","templated":true}]}}