{"id":3365,"date":"2022-06-01T10:25:38","date_gmt":"2022-06-01T10:25:38","guid":{"rendered":"https:\/\/sc.digimotions.be\/voici-comment-choisir-le-meilleur-matelas-pour-votre-corps\/"},"modified":"2022-06-23T15:55:33","modified_gmt":"2022-06-23T15:55:33","slug":"voici-comment-choisir-le-meilleur-matelas-pour-votre-corps","status":"publish","type":"page","link":"https:\/\/sc.digimotions.be\/fr\/voici-comment-choisir-le-meilleur-matelas-pour-votre-corps\/","title":{"rendered":"Voici comment choisir le meilleur matelas pour votre corps"},"content":{"rendered":"\n\n\t<h1>\n\t\t\t\tVoici comment choisir le meilleur matelas pour votre corps\n\t\t\t<\/h1>\n\t\t\tVotre matelas d\u00e9termine en grande partie le confort de votre lit. Il existe bien entendu de nombreux matelas de qualit\u00e9 sur le march\u00e9, mais quel est celui qui vous convient le mieux ? Nous allons vous expliquer comment trouver le meilleur matelas pour votre corps ! \t\n\t\t\t<a href=\"https:\/\/sc.digimotions.be\/fr\/contactez-nous\/\" target=\"_self\" role=\"button\" aria-label=\"Contact et heures d&#039;ouverture\" rel=\"noopener\">\n\t\t\t\t\t\t\tContact et heures d&rsquo;ouverture\n\t\t<\/a>\n\t<h2>\n\t\t\t\tVotre corps, votre matelas \n\t\t\t<\/h2>\n\t<p>Il existe de nombreux facteurs \u00e0 prendre en compte lorsque vous choisissez un nouveau matelas. Chaque corps est diff\u00e9rent et, par cons\u00e9quent, le meilleur matelas pour chacun l&rsquo;est aussi. C&rsquo;est pourquoi il est pr\u00e9f\u00e9rable de choisir un matelas adapt\u00e9 \u00e0 votre corps et \u00e0 votre position de couchage. Chez Slaap Concept, nous travaillons avec des instruments de mesure, tels que le scanner vert\u00e9bral, pour d\u00e9terminer le meilleur matelas. <\/p>\n<h4><strong>Mesurer, c&rsquo;est savoir : le scanner vert\u00e9bral<\/strong><\/h4>\n<p>Le scanner vert\u00e9bral a \u00e9t\u00e9 con\u00e7u, car votre colonne vert\u00e9brale joue un r\u00f4le capital dans votre confort de sommeil. Le scanner vert\u00e9bral sert litt\u00e9ralement \u00e0 cartographier votre colonne vert\u00e9brale. Nous scannons votre dos une premi\u00e8re fois en position verticale (de la nuque jusqu&rsquo;au bas du dos). Ensuite, nous mesurons \u00e0 nouveau votre dos en position couch\u00e9e sur un matelas. Nous comparons les deux r\u00e9sultats et v\u00e9rifions si le matelas convient \u00e0 100 % \u00e0 votre corps. <\/p>\n\t<p>Pourquoi est-ce si important ? Vos disques intervert\u00e9braux agissent comme des amortisseurs et des stabilisateurs et absorbent les chocs subis par votre dos tout au long de la journ\u00e9e. Ces disques intervert\u00e9braux ne peuvent r\u00e9ellement se rel\u00e2cher et r\u00e9cup\u00e9rer que lorsque votre colonne vert\u00e9brale suit sa courbe naturelle en position allong\u00e9e. Le scanner vert\u00e9bral est donc un instrument fiable qui permet de choisir le bon matelas, ind\u00e9pendamment de la marque. <\/p>\n\t<iframe loading=\"lazy\" title=\"Scanner vert\u00e9bral | Slaap Concept\" width=\"500\" height=\"281\" src=\"https:\/\/www.youtube.com\/embed\/zuYpHxDHo5I?feature=oembed\" frameborder=\"0\" allow=\"accelerometer; autoplay; clipboard-write; encrypted-media; gyroscope; picture-in-picture\" allowfullscreen><\/iframe>\n\t\t\t\t<img loading=\"lazy\" decoding=\"async\" src=\"https:\/\/sc.digimotions.be\/wp-content\/uploads\/2022\/03\/gif-mybed.gif\" alt=\"Recor Bedding my bed\" itemprop=\"image\" height=\"531\" width=\"1600\" title=\"gif-mybed\" onerror=\"this.style.display='none'\"  \/>\n\t<h4><strong>Nous d\u00e9terminons ensemble le meilleur matelas <\/strong><\/h4>\n<p>Avec des instruments de mesure tels que le scanner vert\u00e9bral ou le Sleep Scan d&rsquo;Equilli, nous pouvons vous donner des conseils \u00e9tay\u00e9s pour trouver le meilleur matelas. Chez Slaap Concept, nous vous conseillons et vous aidons \u00e0 trouver la solution de couchage qui vous convient le mieux. <a href=\"https:\/\/sc.digimotions.be\/fr\/contactez-nous\/\">Contactez-nous<\/a> ou passez dans notre magasin sp\u00e9cialis\u00e9 \u00e0 Ninove !<\/p>\n\t<h3>\n\t\t\t\tVous voulez vous r\u00e9veiller chaque jour en vous sentant bien repos\u00e9 ?\n\t\t\t<\/h3>\n\t\t\t<p>Alors, venez nous rendre une petite visite. Dans une atmosph\u00e8re d\u00e9tendue et conviviale, nous vous aiderons \u00e0 trouver votre confort de sommeil optimal.<\/p>\t\n\t\t\t<a href=\"https:\/\/sc.digimotions.be\/fr\/contactez-nous\/\" target=\"_self\" role=\"button\" aria-label=\"Venez nous voir\" rel=\"noopener\">\n\t\t\t\t\t\t\tVenez nous voir\n\t\t<\/a>\n\n","protected":false},"excerpt":{"rendered":"<p>Voici comment choisir le meilleur matelas pour votre corps Votre matelas d\u00e9termine en grande partie le confort de votre lit. Il existe bien entendu de nombreux matelas de qualit\u00e9 sur le march\u00e9, mais quel est celui qui vous convient le mieux ? Nous allons vous expliquer comment trouver le meilleur matelas pour votre corps ! [&hellip;]<\/p>\n","protected":false},"author":1,"featured_media":3164,"parent":0,"menu_order":0,"comment_status":"closed","ping_status":"closed","template":"","meta":{"_uag_custom_page_level_css":"","site-sidebar-layout":"no-sidebar","site-content-layout":"page-builder","ast-site-content-layout":"default","site-content-style":"default","site-sidebar-style":"default","ast-global-header-display":"","ast-banner-title-visibility":"","ast-main-header-display":"","ast-hfb-above-header-display":"","ast-hfb-below-header-display":"","ast-hfb-mobile-header-display":"","site-post-title":"disabled","ast-breadcrumbs-content":"","ast-featured-img":"disabled","footer-sml-layout":"","ast-disable-related-posts":"","theme-transparent-header-meta":"default","adv-header-id-meta":"","stick-header-meta":"default","header-above-stick-meta":"","header-main-stick-meta":"","header-below-stick-meta":"","astra-migrate-meta-layouts":"default","ast-page-background-enabled":"default","ast-page-background-meta":{"desktop":{"background-color":"","background-image":"","background-repeat":"repeat","background-position":"center center","background-size":"auto","background-attachment":"scroll","background-type":"","background-media":"","overlay-type":"","overlay-color":"","overlay-opacity":"","overlay-gradient":""},"tablet":{"background-color":"","background-image":"","background-repeat":"repeat","background-position":"center center","background-size":"auto","background-attachment":"scroll","background-type":"","background-media":"","overlay-type":"","overlay-color":"","overlay-opacity":"","overlay-gradient":""},"mobile":{"background-color":"","background-image":"","background-repeat":"repeat","background-position":"center center","background-size":"auto","background-attachment":"scroll","background-type":"","background-media":"","overlay-type":"","overlay-color":"","overlay-opacity":"","overlay-gradient":""}},"ast-content-background-meta":{"desktop":{"background-color":"var(--ast-global-color-5)","background-image":"","background-repeat":"repeat","background-position":"center center","background-size":"auto","background-attachment":"scroll","background-type":"","background-media":"","overlay-type":"","overlay-color":"","overlay-opacity":"","overlay-gradient":""},"tablet":{"background-color":"var(--ast-global-color-5)","background-image":"","background-repeat":"repeat","background-position":"center center","background-size":"auto","background-attachment":"scroll","background-type":"","background-media":"","overlay-type":"","overlay-color":"","overlay-opacity":"","overlay-gradient":""},"mobile":{"background-color":"var(--ast-global-color-5)","background-image":"","background-repeat":"repeat","background-position":"center center","background-size":"auto","background-attachment":"scroll","background-type":"","background-media":"","overlay-type":"","overlay-color":"","overlay-opacity":"","overlay-gradient":""}},"footnotes":""},"class_list":["post-3365","page","type-page","status-publish","has-post-thumbnail","hentry"],"yoast_head":"<!-- This site is optimized with the Yoast SEO plugin v27.4 - https:\/\/yoast.com\/product\/yoast-seo-wordpress\/ -->\n<title>D\u00e9terminez quel est le meilleur matelas avec un scanner vert\u00e9bral | Slaap Concept<\/title>\n<meta name=\"description\" content=\"Avec des instruments de mesure tels que le scanner vert\u00e9bral ou le Sleep Scan d\u2019Equilli, nous pouvons vous donner des conseils \u00e9tay\u00e9s pour trouver le meilleur matelas. D\u00e9couvrez tout ce qu\u2019il faut savoir ici !\" \/>\n<meta name=\"robots\" content=\"index, follow, max-snippet:-1, max-image-preview:large, max-video-preview:-1\" \/>\n<link rel=\"canonical\" href=\"https:\/\/sc.digimotions.be\/fr\/voici-comment-choisir-le-meilleur-matelas-pour-votre-corps\/\" \/>\n<meta property=\"og:locale\" content=\"fr_FR\" \/>\n<meta property=\"og:type\" content=\"article\" \/>\n<meta property=\"og:title\" content=\"D\u00e9terminez quel est le meilleur matelas avec un scanner vert\u00e9bral | Slaap Concept\" \/>\n<meta property=\"og:description\" content=\"Avec des instruments de mesure tels que le scanner vert\u00e9bral ou le Sleep Scan d\u2019Equilli, nous pouvons vous donner des conseils \u00e9tay\u00e9s pour trouver le meilleur matelas. D\u00e9couvrez tout ce qu\u2019il faut savoir ici !\" \/>\n<meta property=\"og:url\" content=\"https:\/\/sc.digimotions.be\/fr\/voici-comment-choisir-le-meilleur-matelas-pour-votre-corps\/\" \/>\n<meta property=\"og:site_name\" content=\"Slaap Concept\" \/>\n<meta property=\"article:modified_time\" content=\"2022-06-23T15:55:33+00:00\" \/>\n<meta property=\"og:image\" content=\"https:\/\/sc.digimotions.be\/wp-content\/uploads\/2022\/04\/beste-matras-wervelscanner-.jpg\" \/>\n\t<meta property=\"og:image:width\" content=\"1000\" \/>\n\t<meta property=\"og:image:height\" content=\"668\" \/>\n\t<meta property=\"og:image:type\" content=\"image\/jpeg\" \/>\n<meta name=\"twitter:card\" content=\"summary_large_image\" \/>\n<meta name=\"twitter:label1\" content=\"Dur\u00e9e de lecture estim\u00e9e\" \/>\n\t<meta name=\"twitter:data1\" content=\"2 minutes\" \/>\n<script type=\"application\/ld+json\" class=\"yoast-schema-graph\">{\"@context\":\"https:\\\/\\\/schema.org\",\"@graph\":[{\"@type\":\"WebPage\",\"@id\":\"https:\\\/\\\/sc.digimotions.be\\\/fr\\\/voici-comment-choisir-le-meilleur-matelas-pour-votre-corps\\\/\",\"url\":\"https:\\\/\\\/sc.digimotions.be\\\/fr\\\/voici-comment-choisir-le-meilleur-matelas-pour-votre-corps\\\/\",\"name\":\"D\u00e9terminez quel est le meilleur matelas avec un scanner vert\u00e9bral | Slaap Concept\",\"isPartOf\":{\"@id\":\"https:\\\/\\\/sc.digimotions.be\\\/fr\\\/#website\"},\"primaryImageOfPage\":{\"@id\":\"https:\\\/\\\/sc.digimotions.be\\\/fr\\\/voici-comment-choisir-le-meilleur-matelas-pour-votre-corps\\\/#primaryimage\"},\"image\":{\"@id\":\"https:\\\/\\\/sc.digimotions.be\\\/fr\\\/voici-comment-choisir-le-meilleur-matelas-pour-votre-corps\\\/#primaryimage\"},\"thumbnailUrl\":\"https:\\\/\\\/sc.digimotions.be\\\/wp-content\\\/uploads\\\/2022\\\/04\\\/beste-matras-wervelscanner-.jpg\",\"datePublished\":\"2022-06-01T10:25:38+00:00\",\"dateModified\":\"2022-06-23T15:55:33+00:00\",\"description\":\"Avec des instruments de mesure tels que le scanner vert\u00e9bral ou le Sleep Scan d\u2019Equilli, nous pouvons vous donner des conseils \u00e9tay\u00e9s pour trouver le meilleur matelas. D\u00e9couvrez tout ce qu\u2019il faut savoir ici !\",\"breadcrumb\":{\"@id\":\"https:\\\/\\\/sc.digimotions.be\\\/fr\\\/voici-comment-choisir-le-meilleur-matelas-pour-votre-corps\\\/#breadcrumb\"},\"inLanguage\":\"fr-FR\",\"potentialAction\":[{\"@type\":\"ReadAction\",\"target\":[\"https:\\\/\\\/sc.digimotions.be\\\/fr\\\/voici-comment-choisir-le-meilleur-matelas-pour-votre-corps\\\/\"]}]},{\"@type\":\"ImageObject\",\"inLanguage\":\"fr-FR\",\"@id\":\"https:\\\/\\\/sc.digimotions.be\\\/fr\\\/voici-comment-choisir-le-meilleur-matelas-pour-votre-corps\\\/#primaryimage\",\"url\":\"https:\\\/\\\/sc.digimotions.be\\\/wp-content\\\/uploads\\\/2022\\\/04\\\/beste-matras-wervelscanner-.jpg\",\"contentUrl\":\"https:\\\/\\\/sc.digimotions.be\\\/wp-content\\\/uploads\\\/2022\\\/04\\\/beste-matras-wervelscanner-.jpg\",\"width\":1000,\"height\":668,\"caption\":\"Meilleur matelas\"},{\"@type\":\"BreadcrumbList\",\"@id\":\"https:\\\/\\\/sc.digimotions.be\\\/fr\\\/voici-comment-choisir-le-meilleur-matelas-pour-votre-corps\\\/#breadcrumb\",\"itemListElement\":[{\"@type\":\"ListItem\",\"position\":1,\"name\":\"Home\",\"item\":\"https:\\\/\\\/sc.digimotions.be\\\/fr\\\/\"},{\"@type\":\"ListItem\",\"position\":2,\"name\":\"Voici comment choisir le meilleur matelas pour votre corps\"}]},{\"@type\":\"WebSite\",\"@id\":\"https:\\\/\\\/sc.digimotions.be\\\/fr\\\/#website\",\"url\":\"https:\\\/\\\/sc.digimotions.be\\\/fr\\\/\",\"name\":\"Slaap Concept\",\"description\":\"Jouw ultieme slaapervaring vind je bij Slaap Concept\",\"publisher\":{\"@id\":\"https:\\\/\\\/sc.digimotions.be\\\/fr\\\/#organization\"},\"potentialAction\":[{\"@type\":\"SearchAction\",\"target\":{\"@type\":\"EntryPoint\",\"urlTemplate\":\"https:\\\/\\\/sc.digimotions.be\\\/fr\\\/?s={search_term_string}\"},\"query-input\":{\"@type\":\"PropertyValueSpecification\",\"valueRequired\":true,\"valueName\":\"search_term_string\"}}],\"inLanguage\":\"fr-FR\"},{\"@type\":\"Organization\",\"@id\":\"https:\\\/\\\/sc.digimotions.be\\\/fr\\\/#organization\",\"name\":\"Slaap Concept\",\"url\":\"https:\\\/\\\/sc.digimotions.be\\\/fr\\\/\",\"logo\":{\"@type\":\"ImageObject\",\"inLanguage\":\"fr-FR\",\"@id\":\"https:\\\/\\\/sc.digimotions.be\\\/fr\\\/#\\\/schema\\\/logo\\\/image\\\/\",\"url\":\"https:\\\/\\\/sc.digimotions.be\\\/wp-content\\\/uploads\\\/2021\\\/04\\\/logo.png\",\"contentUrl\":\"https:\\\/\\\/sc.digimotions.be\\\/wp-content\\\/uploads\\\/2021\\\/04\\\/logo.png\",\"width\":645,\"height\":241,\"caption\":\"Slaap Concept\"},\"image\":{\"@id\":\"https:\\\/\\\/sc.digimotions.be\\\/fr\\\/#\\\/schema\\\/logo\\\/image\\\/\"}}]}<\/script>\n<!-- \/ Yoast SEO plugin. -->","yoast_head_json":{"title":"D\u00e9terminez quel est le meilleur matelas avec un scanner vert\u00e9bral | Slaap Concept","description":"Avec des instruments de mesure tels que le scanner vert\u00e9bral ou le Sleep Scan d\u2019Equilli, nous pouvons vous donner des conseils \u00e9tay\u00e9s pour trouver le meilleur matelas. D\u00e9couvrez tout ce qu\u2019il faut savoir ici !","robots":{"index":"index","follow":"follow","max-snippet":"max-snippet:-1","max-image-preview":"max-image-preview:large","max-video-preview":"max-video-preview:-1"},"canonical":"https:\/\/sc.digimotions.be\/fr\/voici-comment-choisir-le-meilleur-matelas-pour-votre-corps\/","og_locale":"fr_FR","og_type":"article","og_title":"D\u00e9terminez quel est le meilleur matelas avec un scanner vert\u00e9bral | Slaap Concept","og_description":"Avec des instruments de mesure tels que le scanner vert\u00e9bral ou le Sleep Scan d\u2019Equilli, nous pouvons vous donner des conseils \u00e9tay\u00e9s pour trouver le meilleur matelas. D\u00e9couvrez tout ce qu\u2019il faut savoir ici !","og_url":"https:\/\/sc.digimotions.be\/fr\/voici-comment-choisir-le-meilleur-matelas-pour-votre-corps\/","og_site_name":"Slaap Concept","article_modified_time":"2022-06-23T15:55:33+00:00","og_image":[{"width":1000,"height":668,"url":"https:\/\/sc.digimotions.be\/wp-content\/uploads\/2022\/04\/beste-matras-wervelscanner-.jpg","type":"image\/jpeg"}],"twitter_card":"summary_large_image","twitter_misc":{"Dur\u00e9e de lecture estim\u00e9e":"2 minutes"},"schema":{"@context":"https:\/\/schema.org","@graph":[{"@type":"WebPage","@id":"https:\/\/sc.digimotions.be\/fr\/voici-comment-choisir-le-meilleur-matelas-pour-votre-corps\/","url":"https:\/\/sc.digimotions.be\/fr\/voici-comment-choisir-le-meilleur-matelas-pour-votre-corps\/","name":"D\u00e9terminez quel est le meilleur matelas avec un scanner vert\u00e9bral | Slaap Concept","isPartOf":{"@id":"https:\/\/sc.digimotions.be\/fr\/#website"},"primaryImageOfPage":{"@id":"https:\/\/sc.digimotions.be\/fr\/voici-comment-choisir-le-meilleur-matelas-pour-votre-corps\/#primaryimage"},"image":{"@id":"https:\/\/sc.digimotions.be\/fr\/voici-comment-choisir-le-meilleur-matelas-pour-votre-corps\/#primaryimage"},"thumbnailUrl":"https:\/\/sc.digimotions.be\/wp-content\/uploads\/2022\/04\/beste-matras-wervelscanner-.jpg","datePublished":"2022-06-01T10:25:38+00:00","dateModified":"2022-06-23T15:55:33+00:00","description":"Avec des instruments de mesure tels que le scanner vert\u00e9bral ou le Sleep Scan d\u2019Equilli, nous pouvons vous donner des conseils \u00e9tay\u00e9s pour trouver le meilleur matelas. D\u00e9couvrez tout ce qu\u2019il faut savoir ici !","breadcrumb":{"@id":"https:\/\/sc.digimotions.be\/fr\/voici-comment-choisir-le-meilleur-matelas-pour-votre-corps\/#breadcrumb"},"inLanguage":"fr-FR","potentialAction":[{"@type":"ReadAction","target":["https:\/\/sc.digimotions.be\/fr\/voici-comment-choisir-le-meilleur-matelas-pour-votre-corps\/"]}]},{"@type":"ImageObject","inLanguage":"fr-FR","@id":"https:\/\/sc.digimotions.be\/fr\/voici-comment-choisir-le-meilleur-matelas-pour-votre-corps\/#primaryimage","url":"https:\/\/sc.digimotions.be\/wp-content\/uploads\/2022\/04\/beste-matras-wervelscanner-.jpg","contentUrl":"https:\/\/sc.digimotions.be\/wp-content\/uploads\/2022\/04\/beste-matras-wervelscanner-.jpg","width":1000,"height":668,"caption":"Meilleur matelas"},{"@type":"BreadcrumbList","@id":"https:\/\/sc.digimotions.be\/fr\/voici-comment-choisir-le-meilleur-matelas-pour-votre-corps\/#breadcrumb","itemListElement":[{"@type":"ListItem","position":1,"name":"Home","item":"https:\/\/sc.digimotions.be\/fr\/"},{"@type":"ListItem","position":2,"name":"Voici comment choisir le meilleur matelas pour votre corps"}]},{"@type":"WebSite","@id":"https:\/\/sc.digimotions.be\/fr\/#website","url":"https:\/\/sc.digimotions.be\/fr\/","name":"Slaap Concept","description":"Jouw ultieme slaapervaring vind je bij Slaap Concept","publisher":{"@id":"https:\/\/sc.digimotions.be\/fr\/#organization"},"potentialAction":[{"@type":"SearchAction","target":{"@type":"EntryPoint","urlTemplate":"https:\/\/sc.digimotions.be\/fr\/?s={search_term_string}"},"query-input":{"@type":"PropertyValueSpecification","valueRequired":true,"valueName":"search_term_string"}}],"inLanguage":"fr-FR"},{"@type":"Organization","@id":"https:\/\/sc.digimotions.be\/fr\/#organization","name":"Slaap Concept","url":"https:\/\/sc.digimotions.be\/fr\/","logo":{"@type":"ImageObject","inLanguage":"fr-FR","@id":"https:\/\/sc.digimotions.be\/fr\/#\/schema\/logo\/image\/","url":"https:\/\/sc.digimotions.be\/wp-content\/uploads\/2021\/04\/logo.png","contentUrl":"https:\/\/sc.digimotions.be\/wp-content\/uploads\/2021\/04\/logo.png","width":645,"height":241,"caption":"Slaap Concept"},"image":{"@id":"https:\/\/sc.digimotions.be\/fr\/#\/schema\/logo\/image\/"}}]}},"uagb_featured_image_src":{"full":["https:\/\/sc.digimotions.be\/wp-content\/uploads\/2022\/04\/beste-matras-wervelscanner-.jpg",1000,668,false],"thumbnail":["https:\/\/sc.digimotions.be\/wp-content\/uploads\/2022\/04\/beste-matras-wervelscanner--150x150.jpg",150,150,true],"medium":["https:\/\/sc.digimotions.be\/wp-content\/uploads\/2022\/04\/beste-matras-wervelscanner--300x200.jpg",300,200,true],"medium_large":["https:\/\/sc.digimotions.be\/wp-content\/uploads\/2022\/04\/beste-matras-wervelscanner--768x513.jpg",768,513,true],"large":["https:\/\/sc.digimotions.be\/wp-content\/uploads\/2022\/04\/beste-matras-wervelscanner-.jpg",1000,668,false],"1536x1536":["https:\/\/sc.digimotions.be\/wp-content\/uploads\/2022\/04\/beste-matras-wervelscanner-.jpg",1000,668,false],"2048x2048":["https:\/\/sc.digimotions.be\/wp-content\/uploads\/2022\/04\/beste-matras-wervelscanner-.jpg",1000,668,false],"gform-image-choice-sm":["https:\/\/sc.digimotions.be\/wp-content\/uploads\/2022\/04\/beste-matras-wervelscanner-.jpg",300,200,false],"gform-image-choice-md":["https:\/\/sc.digimotions.be\/wp-content\/uploads\/2022\/04\/beste-matras-wervelscanner-.jpg",400,267,false],"gform-image-choice-lg":["https:\/\/sc.digimotions.be\/wp-content\/uploads\/2022\/04\/beste-matras-wervelscanner-.jpg",600,401,false],"woocommerce_thumbnail":["https:\/\/sc.digimotions.be\/wp-content\/uploads\/2022\/04\/beste-matras-wervelscanner-.jpg",736,492,false],"woocommerce_single":["https:\/\/sc.digimotions.be\/wp-content\/uploads\/2022\/04\/beste-matras-wervelscanner-.jpg",736,492,false],"woocommerce_gallery_thumbnail":["https:\/\/sc.digimotions.be\/wp-content\/uploads\/2022\/04\/beste-matras-wervelscanner--100x100.jpg",100,100,true]},"uagb_author_info":{"display_name":"admin","author_link":"https:\/\/sc.digimotions.be\/fr\/author\/admin\/"},"uagb_comment_info":0,"uagb_excerpt":"Voici comment choisir le meilleur matelas pour votre corps Votre matelas d\u00e9termine en grande partie le confort de votre lit. Il existe bien entendu de nombreux matelas de qualit\u00e9 sur le march\u00e9, mais quel est celui qui vous convient le mieux ? Nous allons vous expliquer comment trouver le meilleur matelas pour votre corps !\u2026","_links":{"self":[{"href":"https:\/\/sc.digimotions.be\/fr\/wp-json\/wp\/v2\/pages\/3365","targetHints":{"allow":["GET"]}}],"collection":[{"href":"https:\/\/sc.digimotions.be\/fr\/wp-json\/wp\/v2\/pages"}],"about":[{"href":"https:\/\/sc.digimotions.be\/fr\/wp-json\/wp\/v2\/types\/page"}],"author":[{"embeddable":true,"href":"https:\/\/sc.digimotions.be\/fr\/wp-json\/wp\/v2\/users\/1"}],"replies":[{"embeddable":true,"href":"https:\/\/sc.digimotions.be\/fr\/wp-json\/wp\/v2\/comments?post=3365"}],"version-history":[{"count":3,"href":"https:\/\/sc.digimotions.be\/fr\/wp-json\/wp\/v2\/pages\/3365\/revisions"}],"predecessor-version":[{"id":3647,"href":"https:\/\/sc.digimotions.be\/fr\/wp-json\/wp\/v2\/pages\/3365\/revisions\/3647"}],"wp:featuredmedia":[{"embeddable":true,"href":"https:\/\/sc.digimotions.be\/fr\/wp-json\/wp\/v2\/media\/3164"}],"wp:attachment":[{"href":"https:\/\/sc.digimotions.be\/fr\/wp-json\/wp\/v2\/media?parent=3365"}],"curies":[{"name":"wp","href":"https:\/\/api.w.org\/{rel}","templated":true}]}}