{"id":3296,"date":"2022-05-25T08:40:56","date_gmt":"2022-05-25T08:40:56","guid":{"rendered":"https:\/\/sc.digimotions.be\/brochures-equilli\/"},"modified":"2024-08-26T10:09:35","modified_gmt":"2024-08-26T10:09:35","slug":"brochures-equilli","status":"publish","type":"page","link":"https:\/\/sc.digimotions.be\/fr\/brochures\/brochures-equilli\/","title":{"rendered":"Brochures Equilli"},"content":{"rendered":"\n\n\t<h1>\n\t\t\t\tEquilli brochures\n\t\t\t<\/h1>\n\t<blockquote><p>Depuis 2014, l&rsquo;entreprise belge Equilli se base sur la science : comment dormir mieux et plus sainement. Gr\u00e2ce \u00e0 une mesure pr\u00e9cise de la position du dos et du sommeil, elle fabrique des matelas modulaires. Chaque matelas est unique et enti\u00e8rement personnalis\u00e9 pour ceux qui y dorment. Demandez nos brochures Equilli gratuites ci-dessous !<\/p><\/blockquote>\n\t\t\t\t<img loading=\"lazy\" decoding=\"async\" src=\"https:\/\/sc.digimotions.be\/wp-content\/uploads\/2024\/01\/Equilli-slaapbrochure-revisie-2023.jpg\" alt=\"Equilli-slaapbrochure-revisie-2023\" itemprop=\"image\" height=\"1000\" width=\"700\" title=\"Equilli-slaapbrochure-revisie-2023\" onerror=\"this.style.display='none'\"  \/>\n\t<h4>\n\t\t\t\tBrochure de sommeil\n\t\t\t<\/h4>\n\t\t\t<a href=\"https:\/\/sc.digimotions.be\/fr\/brochures\/brochures-equilli\/equilli-brochure-de-sommeil\/\" title=\"Click Here\" target=\"_self\" role=\"button\" aria-label=\"Demander la brochure\" rel=\"noopener\">\n\t\t\t\t\t\t\tDemander la brochure\n\t\t<\/a>\n\t\t\t\t<img loading=\"lazy\" decoding=\"async\" src=\"https:\/\/sc.digimotions.be\/wp-content\/uploads\/2022\/04\/Equilli-gezond-slapen.jpg\" alt=\"Equilli-gezond-slapen\" itemprop=\"image\" height=\"1000\" width=\"700\" title=\"Equilli-gezond-slapen\" onerror=\"this.style.display='none'\"  \/>\n\t<h4>\n\t\t\t\tSommeil sain\n\t\t\t<\/h4>\n\t\t\t<a href=\"https:\/\/sc.digimotions.be\/fr\/brochures\/brochures-equilli\/equilli-sommeil-sain\/\" title=\"Click Here\" target=\"_self\" role=\"button\" aria-label=\"Demander la brochure\" rel=\"noopener\">\n\t\t\t\t\t\t\tDemander la brochure\n\t\t<\/a>\n\t\t\t\t<img loading=\"lazy\" decoding=\"async\" src=\"https:\/\/sc.digimotions.be\/wp-content\/uploads\/2022\/04\/Equilli-ergonomiegids.jpg\" alt=\"Equilli-ergonomiegids\" itemprop=\"image\" height=\"1000\" width=\"700\" title=\"Equilli-ergonomiegids\" onerror=\"this.style.display='none'\"  \/>\n\t<h4>\n\t\t\t\tGuide d&rsquo;ergonomie\n\t\t\t<\/h4>\n\t\t\t<a href=\"https:\/\/sc.digimotions.be\/fr\/brochures\/brochures-equilli\/equilli-guide-ergonomie\/\" title=\"Click Here\" target=\"_self\" role=\"button\" aria-label=\"Demander la brochure\" rel=\"noopener\">\n\t\t\t\t\t\t\tDemander la brochure\n\t\t<\/a>\n\t\t\t\t<img loading=\"lazy\" decoding=\"async\" src=\"https:\/\/sc.digimotions.be\/wp-content\/uploads\/2023\/02\/Aankoopgids-Equilli.jpg\" alt=\"Aankoopgids-Equilli\" itemprop=\"image\" height=\"1000\" width=\"700\" title=\"Aankoopgids-Equilli\" onerror=\"this.style.display='none'\"  \/>\n\t<h4>\n\t\t\t\tGuide des matelas\n\t\t\t<\/h4>\n\t\t\t<a href=\"https:\/\/sc.digimotions.be\/brochures\/equilli-brochures\/equilli-matrassengids\/\" title=\"Click Here\" target=\"_self\" role=\"button\" aria-label=\"demander la brochure\" rel=\"noopener\">\n\t\t\t\t\t\t\tdemander la brochure\n\t\t<\/a>\n\t<h3>\n\t\t\t\tVous voulez vous r\u00e9veiller chaque jour en vous sentant bien repos\u00e9 ?\n\t\t\t<\/h3>\n\t\t\t<p>Alors, venez nous rendre une petite visite. Dans une atmosph\u00e8re d\u00e9tendue et conviviale, nous vous aiderons \u00e0 trouver votre confort de sommeil optimal.<\/p>\t\n\t\t\t<a href=\"https:\/\/sc.digimotions.be\/fr\/contactez-nous\/\" title=\"Click Here\" target=\"_self\" role=\"button\" aria-label=\"Venez nous voir\" rel=\"noopener\">\n\t\t\t\t\t\t\tVenez nous voir\n\t\t<\/a>\n\n","protected":false},"excerpt":{"rendered":"<p>Equilli brochures Depuis 2014, l&rsquo;entreprise belge Equilli se base sur la science : comment dormir mieux et plus sainement. Gr\u00e2ce \u00e0 une mesure pr\u00e9cise de la position du dos et du sommeil, elle fabrique des matelas modulaires. Chaque matelas est unique et enti\u00e8rement personnalis\u00e9 pour ceux qui y dorment. Demandez nos brochures Equilli gratuites ci-dessous [&hellip;]<\/p>\n","protected":false},"author":1,"featured_media":0,"parent":3328,"menu_order":0,"comment_status":"closed","ping_status":"closed","template":"","meta":{"_uag_custom_page_level_css":"","site-sidebar-layout":"no-sidebar","site-content-layout":"page-builder","ast-site-content-layout":"default","site-content-style":"default","site-sidebar-style":"default","ast-global-header-display":"","ast-banner-title-visibility":"","ast-main-header-display":"","ast-hfb-above-header-display":"","ast-hfb-below-header-display":"","ast-hfb-mobile-header-display":"","site-post-title":"disabled","ast-breadcrumbs-content":"","ast-featured-img":"disabled","footer-sml-layout":"","ast-disable-related-posts":"","theme-transparent-header-meta":"default","adv-header-id-meta":"","stick-header-meta":"default","header-above-stick-meta":"","header-main-stick-meta":"","header-below-stick-meta":"","astra-migrate-meta-layouts":"default","ast-page-background-enabled":"default","ast-page-background-meta":{"desktop":{"background-color":"","background-image":"","background-repeat":"repeat","background-position":"center center","background-size":"auto","background-attachment":"scroll","background-type":"","background-media":"","overlay-type":"","overlay-color":"","overlay-opacity":"","overlay-gradient":""},"tablet":{"background-color":"","background-image":"","background-repeat":"repeat","background-position":"center center","background-size":"auto","background-attachment":"scroll","background-type":"","background-media":"","overlay-type":"","overlay-color":"","overlay-opacity":"","overlay-gradient":""},"mobile":{"background-color":"","background-image":"","background-repeat":"repeat","background-position":"center center","background-size":"auto","background-attachment":"scroll","background-type":"","background-media":"","overlay-type":"","overlay-color":"","overlay-opacity":"","overlay-gradient":""}},"ast-content-background-meta":{"desktop":{"background-color":"var(--ast-global-color-5)","background-image":"","background-repeat":"repeat","background-position":"center center","background-size":"auto","background-attachment":"scroll","background-type":"","background-media":"","overlay-type":"","overlay-color":"","overlay-opacity":"","overlay-gradient":""},"tablet":{"background-color":"var(--ast-global-color-5)","background-image":"","background-repeat":"repeat","background-position":"center center","background-size":"auto","background-attachment":"scroll","background-type":"","background-media":"","overlay-type":"","overlay-color":"","overlay-opacity":"","overlay-gradient":""},"mobile":{"background-color":"var(--ast-global-color-5)","background-image":"","background-repeat":"repeat","background-position":"center center","background-size":"auto","background-attachment":"scroll","background-type":"","background-media":"","overlay-type":"","overlay-color":"","overlay-opacity":"","overlay-gradient":""}},"footnotes":""},"class_list":["post-3296","page","type-page","status-publish","hentry"],"yoast_head":"<!-- This site is optimized with the Yoast SEO plugin v27.4 - https:\/\/yoast.com\/product\/yoast-seo-wordpress\/ -->\n<title>T\u00e9l\u00e9chargez gratuitement nos brochures Equilli | Slaap Concept \u00e0 Ninove<\/title>\n<meta name=\"description\" content=\"Vous cherchez de l&#039;inspiration ? T\u00e9l\u00e9chargez ensuite gratuitement l&#039;une de nos brochures Equilli.\" \/>\n<meta name=\"robots\" content=\"index, follow, max-snippet:-1, max-image-preview:large, max-video-preview:-1\" \/>\n<link rel=\"canonical\" href=\"https:\/\/sc.digimotions.be\/fr\/brochures\/brochures-equilli\/\" \/>\n<meta property=\"og:locale\" content=\"fr_FR\" \/>\n<meta property=\"og:type\" content=\"article\" \/>\n<meta property=\"og:title\" content=\"T\u00e9l\u00e9chargez gratuitement nos brochures Equilli | Slaap Concept \u00e0 Ninove\" \/>\n<meta property=\"og:description\" content=\"Vous cherchez de l&#039;inspiration ? T\u00e9l\u00e9chargez ensuite gratuitement l&#039;une de nos brochures Equilli.\" \/>\n<meta property=\"og:url\" content=\"https:\/\/sc.digimotions.be\/fr\/brochures\/brochures-equilli\/\" \/>\n<meta property=\"og:site_name\" content=\"Slaap Concept\" \/>\n<meta property=\"article:modified_time\" content=\"2024-08-26T10:09:35+00:00\" \/>\n<meta property=\"og:image\" content=\"https:\/\/sc.digimotions.be\/wp-content\/uploads\/2024\/01\/Equilli-slaapbrochure-revisie-2023.jpg\" \/>\n<meta name=\"twitter:card\" content=\"summary_large_image\" \/>\n<meta name=\"twitter:label1\" content=\"Dur\u00e9e de lecture estim\u00e9e\" \/>\n\t<meta name=\"twitter:data1\" content=\"1 minute\" \/>\n<script type=\"application\/ld+json\" class=\"yoast-schema-graph\">{\"@context\":\"https:\\\/\\\/schema.org\",\"@graph\":[{\"@type\":\"WebPage\",\"@id\":\"https:\\\/\\\/sc.digimotions.be\\\/fr\\\/brochures\\\/brochures-equilli\\\/\",\"url\":\"https:\\\/\\\/sc.digimotions.be\\\/fr\\\/brochures\\\/brochures-equilli\\\/\",\"name\":\"T\u00e9l\u00e9chargez gratuitement nos brochures Equilli | Slaap Concept \u00e0 Ninove\",\"isPartOf\":{\"@id\":\"https:\\\/\\\/sc.digimotions.be\\\/fr\\\/#website\"},\"primaryImageOfPage\":{\"@id\":\"https:\\\/\\\/sc.digimotions.be\\\/fr\\\/brochures\\\/brochures-equilli\\\/#primaryimage\"},\"image\":{\"@id\":\"https:\\\/\\\/sc.digimotions.be\\\/fr\\\/brochures\\\/brochures-equilli\\\/#primaryimage\"},\"thumbnailUrl\":\"https:\\\/\\\/sc.digimotions.be\\\/wp-content\\\/uploads\\\/2024\\\/01\\\/Equilli-slaapbrochure-revisie-2023.jpg\",\"datePublished\":\"2022-05-25T08:40:56+00:00\",\"dateModified\":\"2024-08-26T10:09:35+00:00\",\"description\":\"Vous cherchez de l'inspiration ? T\u00e9l\u00e9chargez ensuite gratuitement l'une de nos brochures Equilli.\",\"breadcrumb\":{\"@id\":\"https:\\\/\\\/sc.digimotions.be\\\/fr\\\/brochures\\\/brochures-equilli\\\/#breadcrumb\"},\"inLanguage\":\"fr-FR\",\"potentialAction\":[{\"@type\":\"ReadAction\",\"target\":[\"https:\\\/\\\/sc.digimotions.be\\\/fr\\\/brochures\\\/brochures-equilli\\\/\"]}]},{\"@type\":\"ImageObject\",\"inLanguage\":\"fr-FR\",\"@id\":\"https:\\\/\\\/sc.digimotions.be\\\/fr\\\/brochures\\\/brochures-equilli\\\/#primaryimage\",\"url\":\"https:\\\/\\\/sc.digimotions.be\\\/wp-content\\\/uploads\\\/2024\\\/01\\\/Equilli-slaapbrochure-revisie-2023.jpg\",\"contentUrl\":\"https:\\\/\\\/sc.digimotions.be\\\/wp-content\\\/uploads\\\/2024\\\/01\\\/Equilli-slaapbrochure-revisie-2023.jpg\"},{\"@type\":\"BreadcrumbList\",\"@id\":\"https:\\\/\\\/sc.digimotions.be\\\/fr\\\/brochures\\\/brochures-equilli\\\/#breadcrumb\",\"itemListElement\":[{\"@type\":\"ListItem\",\"position\":1,\"name\":\"Home\",\"item\":\"https:\\\/\\\/sc.digimotions.be\\\/fr\\\/\"},{\"@type\":\"ListItem\",\"position\":2,\"name\":\"Brochures\",\"item\":\"https:\\\/\\\/sc.digimotions.be\\\/fr\\\/brochures\\\/\"},{\"@type\":\"ListItem\",\"position\":3,\"name\":\"Brochures Equilli\"}]},{\"@type\":\"WebSite\",\"@id\":\"https:\\\/\\\/sc.digimotions.be\\\/fr\\\/#website\",\"url\":\"https:\\\/\\\/sc.digimotions.be\\\/fr\\\/\",\"name\":\"Slaap Concept\",\"description\":\"Jouw ultieme slaapervaring vind je bij Slaap Concept\",\"publisher\":{\"@id\":\"https:\\\/\\\/sc.digimotions.be\\\/fr\\\/#organization\"},\"potentialAction\":[{\"@type\":\"SearchAction\",\"target\":{\"@type\":\"EntryPoint\",\"urlTemplate\":\"https:\\\/\\\/sc.digimotions.be\\\/fr\\\/?s={search_term_string}\"},\"query-input\":{\"@type\":\"PropertyValueSpecification\",\"valueRequired\":true,\"valueName\":\"search_term_string\"}}],\"inLanguage\":\"fr-FR\"},{\"@type\":\"Organization\",\"@id\":\"https:\\\/\\\/sc.digimotions.be\\\/fr\\\/#organization\",\"name\":\"Slaap Concept\",\"url\":\"https:\\\/\\\/sc.digimotions.be\\\/fr\\\/\",\"logo\":{\"@type\":\"ImageObject\",\"inLanguage\":\"fr-FR\",\"@id\":\"https:\\\/\\\/sc.digimotions.be\\\/fr\\\/#\\\/schema\\\/logo\\\/image\\\/\",\"url\":\"https:\\\/\\\/sc.digimotions.be\\\/wp-content\\\/uploads\\\/2021\\\/04\\\/logo.png\",\"contentUrl\":\"https:\\\/\\\/sc.digimotions.be\\\/wp-content\\\/uploads\\\/2021\\\/04\\\/logo.png\",\"width\":645,\"height\":241,\"caption\":\"Slaap Concept\"},\"image\":{\"@id\":\"https:\\\/\\\/sc.digimotions.be\\\/fr\\\/#\\\/schema\\\/logo\\\/image\\\/\"}}]}<\/script>\n<!-- \/ Yoast SEO plugin. -->","yoast_head_json":{"title":"T\u00e9l\u00e9chargez gratuitement nos brochures Equilli | Slaap Concept \u00e0 Ninove","description":"Vous cherchez de l'inspiration ? T\u00e9l\u00e9chargez ensuite gratuitement l'une de nos brochures Equilli.","robots":{"index":"index","follow":"follow","max-snippet":"max-snippet:-1","max-image-preview":"max-image-preview:large","max-video-preview":"max-video-preview:-1"},"canonical":"https:\/\/sc.digimotions.be\/fr\/brochures\/brochures-equilli\/","og_locale":"fr_FR","og_type":"article","og_title":"T\u00e9l\u00e9chargez gratuitement nos brochures Equilli | Slaap Concept \u00e0 Ninove","og_description":"Vous cherchez de l'inspiration ? T\u00e9l\u00e9chargez ensuite gratuitement l'une de nos brochures Equilli.","og_url":"https:\/\/sc.digimotions.be\/fr\/brochures\/brochures-equilli\/","og_site_name":"Slaap Concept","article_modified_time":"2024-08-26T10:09:35+00:00","og_image":[{"url":"https:\/\/sc.digimotions.be\/wp-content\/uploads\/2024\/01\/Equilli-slaapbrochure-revisie-2023.jpg","type":"","width":"","height":""}],"twitter_card":"summary_large_image","twitter_misc":{"Dur\u00e9e de lecture estim\u00e9e":"1 minute"},"schema":{"@context":"https:\/\/schema.org","@graph":[{"@type":"WebPage","@id":"https:\/\/sc.digimotions.be\/fr\/brochures\/brochures-equilli\/","url":"https:\/\/sc.digimotions.be\/fr\/brochures\/brochures-equilli\/","name":"T\u00e9l\u00e9chargez gratuitement nos brochures Equilli | Slaap Concept \u00e0 Ninove","isPartOf":{"@id":"https:\/\/sc.digimotions.be\/fr\/#website"},"primaryImageOfPage":{"@id":"https:\/\/sc.digimotions.be\/fr\/brochures\/brochures-equilli\/#primaryimage"},"image":{"@id":"https:\/\/sc.digimotions.be\/fr\/brochures\/brochures-equilli\/#primaryimage"},"thumbnailUrl":"https:\/\/sc.digimotions.be\/wp-content\/uploads\/2024\/01\/Equilli-slaapbrochure-revisie-2023.jpg","datePublished":"2022-05-25T08:40:56+00:00","dateModified":"2024-08-26T10:09:35+00:00","description":"Vous cherchez de l'inspiration ? T\u00e9l\u00e9chargez ensuite gratuitement l'une de nos brochures Equilli.","breadcrumb":{"@id":"https:\/\/sc.digimotions.be\/fr\/brochures\/brochures-equilli\/#breadcrumb"},"inLanguage":"fr-FR","potentialAction":[{"@type":"ReadAction","target":["https:\/\/sc.digimotions.be\/fr\/brochures\/brochures-equilli\/"]}]},{"@type":"ImageObject","inLanguage":"fr-FR","@id":"https:\/\/sc.digimotions.be\/fr\/brochures\/brochures-equilli\/#primaryimage","url":"https:\/\/sc.digimotions.be\/wp-content\/uploads\/2024\/01\/Equilli-slaapbrochure-revisie-2023.jpg","contentUrl":"https:\/\/sc.digimotions.be\/wp-content\/uploads\/2024\/01\/Equilli-slaapbrochure-revisie-2023.jpg"},{"@type":"BreadcrumbList","@id":"https:\/\/sc.digimotions.be\/fr\/brochures\/brochures-equilli\/#breadcrumb","itemListElement":[{"@type":"ListItem","position":1,"name":"Home","item":"https:\/\/sc.digimotions.be\/fr\/"},{"@type":"ListItem","position":2,"name":"Brochures","item":"https:\/\/sc.digimotions.be\/fr\/brochures\/"},{"@type":"ListItem","position":3,"name":"Brochures Equilli"}]},{"@type":"WebSite","@id":"https:\/\/sc.digimotions.be\/fr\/#website","url":"https:\/\/sc.digimotions.be\/fr\/","name":"Slaap Concept","description":"Jouw ultieme slaapervaring vind je bij Slaap Concept","publisher":{"@id":"https:\/\/sc.digimotions.be\/fr\/#organization"},"potentialAction":[{"@type":"SearchAction","target":{"@type":"EntryPoint","urlTemplate":"https:\/\/sc.digimotions.be\/fr\/?s={search_term_string}"},"query-input":{"@type":"PropertyValueSpecification","valueRequired":true,"valueName":"search_term_string"}}],"inLanguage":"fr-FR"},{"@type":"Organization","@id":"https:\/\/sc.digimotions.be\/fr\/#organization","name":"Slaap Concept","url":"https:\/\/sc.digimotions.be\/fr\/","logo":{"@type":"ImageObject","inLanguage":"fr-FR","@id":"https:\/\/sc.digimotions.be\/fr\/#\/schema\/logo\/image\/","url":"https:\/\/sc.digimotions.be\/wp-content\/uploads\/2021\/04\/logo.png","contentUrl":"https:\/\/sc.digimotions.be\/wp-content\/uploads\/2021\/04\/logo.png","width":645,"height":241,"caption":"Slaap Concept"},"image":{"@id":"https:\/\/sc.digimotions.be\/fr\/#\/schema\/logo\/image\/"}}]}},"uagb_featured_image_src":{"full":false,"thumbnail":false,"medium":false,"medium_large":false,"large":false,"1536x1536":false,"2048x2048":false,"gform-image-choice-sm":false,"gform-image-choice-md":false,"gform-image-choice-lg":false,"woocommerce_thumbnail":false,"woocommerce_single":false,"woocommerce_gallery_thumbnail":false},"uagb_author_info":{"display_name":"admin","author_link":"https:\/\/sc.digimotions.be\/fr\/author\/admin\/"},"uagb_comment_info":0,"uagb_excerpt":"Equilli brochures Depuis 2014, l&rsquo;entreprise belge Equilli se base sur la science : comment dormir mieux et plus sainement. Gr\u00e2ce \u00e0 une mesure pr\u00e9cise de la position du dos et du sommeil, elle fabrique des matelas modulaires. Chaque matelas est unique et enti\u00e8rement personnalis\u00e9 pour ceux qui y dorment. Demandez nos brochures Equilli gratuites ci-dessous\u2026","_links":{"self":[{"href":"https:\/\/sc.digimotions.be\/fr\/wp-json\/wp\/v2\/pages\/3296","targetHints":{"allow":["GET"]}}],"collection":[{"href":"https:\/\/sc.digimotions.be\/fr\/wp-json\/wp\/v2\/pages"}],"about":[{"href":"https:\/\/sc.digimotions.be\/fr\/wp-json\/wp\/v2\/types\/page"}],"author":[{"embeddable":true,"href":"https:\/\/sc.digimotions.be\/fr\/wp-json\/wp\/v2\/users\/1"}],"replies":[{"embeddable":true,"href":"https:\/\/sc.digimotions.be\/fr\/wp-json\/wp\/v2\/comments?post=3296"}],"version-history":[{"count":9,"href":"https:\/\/sc.digimotions.be\/fr\/wp-json\/wp\/v2\/pages\/3296\/revisions"}],"predecessor-version":[{"id":6015,"href":"https:\/\/sc.digimotions.be\/fr\/wp-json\/wp\/v2\/pages\/3296\/revisions\/6015"}],"up":[{"embeddable":true,"href":"https:\/\/sc.digimotions.be\/fr\/wp-json\/wp\/v2\/pages\/3328"}],"wp:attachment":[{"href":"https:\/\/sc.digimotions.be\/fr\/wp-json\/wp\/v2\/media?parent=3296"}],"curies":[{"name":"wp","href":"https:\/\/api.w.org\/{rel}","templated":true}]}}