{"id":3268,"date":"2022-05-25T08:22:08","date_gmt":"2022-05-25T08:22:08","guid":{"rendered":"https:\/\/sc.digimotions.be\/brochure-de-sommeil-equilli\/"},"modified":"2023-03-29T08:20:08","modified_gmt":"2023-03-29T08:20:08","slug":"equilli-brochure-de-sommeil","status":"publish","type":"page","link":"https:\/\/sc.digimotions.be\/fr\/brochures\/brochures-equilli\/equilli-brochure-de-sommeil\/","title":{"rendered":"Brochure de sommeil Equilli"},"content":{"rendered":"\n\n\t\t\t\t<img loading=\"lazy\" decoding=\"async\" src=\"https:\/\/sc.digimotions.be\/wp-content\/uploads\/2022\/05\/Equilli-brochure-sommeil.jpg\" alt=\"Equilli-brochure-sommeil\" itemprop=\"image\" height=\"1000\" width=\"700\" title=\"Equilli-brochure-sommeil\" onerror=\"this.style.display='none'\"  \/>\n\t<h3>\n\t\t\t\tBrochure de sommeil Equilli\n\t\t\t<\/h3>\n\t\t\tRemplissez vos coordonn\u00e9es ci-dessous et t\u00e9l\u00e9chargez gratuitement la brochure de sommeil d&rsquo;Equilli.\t\n\t<h3>\n\t\t\t\tVous voulez vous r\u00e9veiller chaque jour en vous sentant bien repos\u00e9 ?\n\t\t\t<\/h3>\n\t\t\t<p>Alors, venez nous rendre une petite visite. Dans une atmosph\u00e8re d\u00e9tendue et conviviale, nous vous aiderons \u00e0 trouver votre confort de sommeil optimal.<\/p>\t\n\t\t\t<a href=\"https:\/\/sc.digimotions.be\/fr\/contactez-nous\/\" target=\"_self\" role=\"button\" aria-label=\"Venez nous voir\" rel=\"noopener\">\n\t\t\t\t\t\t\tVenez nous voir\n\t\t<\/a>\n\n","protected":false},"excerpt":{"rendered":"<p>Brochure de sommeil Equilli Remplissez vos coordonn\u00e9es ci-dessous et t\u00e9l\u00e9chargez gratuitement la brochure de sommeil d&rsquo;Equilli. Vous voulez vous r\u00e9veiller chaque jour en vous sentant bien repos\u00e9 ? Alors, venez nous rendre une petite visite. Dans une atmosph\u00e8re d\u00e9tendue et conviviale, nous vous aiderons \u00e0 trouver votre confort de sommeil optimal. Venez nous voir<\/p>\n","protected":false},"author":1,"featured_media":0,"parent":3296,"menu_order":0,"comment_status":"closed","ping_status":"closed","template":"","meta":{"_uag_custom_page_level_css":"","site-sidebar-layout":"no-sidebar","site-content-layout":"page-builder","ast-site-content-layout":"default","site-content-style":"default","site-sidebar-style":"default","ast-global-header-display":"","ast-banner-title-visibility":"","ast-main-header-display":"","ast-hfb-above-header-display":"","ast-hfb-below-header-display":"","ast-hfb-mobile-header-display":"","site-post-title":"disabled","ast-breadcrumbs-content":"","ast-featured-img":"disabled","footer-sml-layout":"","ast-disable-related-posts":"","theme-transparent-header-meta":"default","adv-header-id-meta":"","stick-header-meta":"default","header-above-stick-meta":"","header-main-stick-meta":"","header-below-stick-meta":"","astra-migrate-meta-layouts":"default","ast-page-background-enabled":"default","ast-page-background-meta":{"desktop":{"background-color":"","background-image":"","background-repeat":"repeat","background-position":"center center","background-size":"auto","background-attachment":"scroll","background-type":"","background-media":"","overlay-type":"","overlay-color":"","overlay-opacity":"","overlay-gradient":""},"tablet":{"background-color":"","background-image":"","background-repeat":"repeat","background-position":"center center","background-size":"auto","background-attachment":"scroll","background-type":"","background-media":"","overlay-type":"","overlay-color":"","overlay-opacity":"","overlay-gradient":""},"mobile":{"background-color":"","background-image":"","background-repeat":"repeat","background-position":"center center","background-size":"auto","background-attachment":"scroll","background-type":"","background-media":"","overlay-type":"","overlay-color":"","overlay-opacity":"","overlay-gradient":""}},"ast-content-background-meta":{"desktop":{"background-color":"var(--ast-global-color-5)","background-image":"","background-repeat":"repeat","background-position":"center center","background-size":"auto","background-attachment":"scroll","background-type":"","background-media":"","overlay-type":"","overlay-color":"","overlay-opacity":"","overlay-gradient":""},"tablet":{"background-color":"var(--ast-global-color-5)","background-image":"","background-repeat":"repeat","background-position":"center center","background-size":"auto","background-attachment":"scroll","background-type":"","background-media":"","overlay-type":"","overlay-color":"","overlay-opacity":"","overlay-gradient":""},"mobile":{"background-color":"var(--ast-global-color-5)","background-image":"","background-repeat":"repeat","background-position":"center center","background-size":"auto","background-attachment":"scroll","background-type":"","background-media":"","overlay-type":"","overlay-color":"","overlay-opacity":"","overlay-gradient":""}},"footnotes":""},"class_list":["post-3268","page","type-page","status-publish","hentry"],"yoast_head":"<!-- This site is optimized with the Yoast SEO plugin v27.4 - https:\/\/yoast.com\/product\/yoast-seo-wordpress\/ -->\n<title>Equilli brochure de sommeil | Slaap Concept \u00e0 Ninove<\/title>\n<meta name=\"description\" content=\"Vous cherchez de l&#039;inspiration ? T\u00e9l\u00e9chargez ensuite gratuitement la brochure de sommeil d&#039;Equilli. Cliquez pour en savoir plus.\" \/>\n<meta name=\"robots\" content=\"index, follow, max-snippet:-1, max-image-preview:large, max-video-preview:-1\" \/>\n<link rel=\"canonical\" href=\"https:\/\/sc.digimotions.be\/fr\/brochures\/brochures-equilli\/equilli-brochure-de-sommeil\/\" \/>\n<meta property=\"og:locale\" content=\"fr_FR\" \/>\n<meta property=\"og:type\" content=\"article\" \/>\n<meta property=\"og:title\" content=\"Equilli brochure de sommeil | Slaap Concept \u00e0 Ninove\" \/>\n<meta property=\"og:description\" content=\"Vous cherchez de l&#039;inspiration ? T\u00e9l\u00e9chargez ensuite gratuitement la brochure de sommeil d&#039;Equilli. Cliquez pour en savoir plus.\" \/>\n<meta property=\"og:url\" content=\"https:\/\/sc.digimotions.be\/fr\/brochures\/brochures-equilli\/equilli-brochure-de-sommeil\/\" \/>\n<meta property=\"og:site_name\" content=\"Slaap Concept\" \/>\n<meta property=\"article:modified_time\" content=\"2023-03-29T08:20:08+00:00\" \/>\n<meta property=\"og:image\" content=\"https:\/\/sc.digimotions.be\/wp-content\/uploads\/2022\/05\/Equilli-brochure-sommeil.jpg\" \/>\n<meta name=\"twitter:card\" content=\"summary_large_image\" \/>\n<script type=\"application\/ld+json\" class=\"yoast-schema-graph\">{\"@context\":\"https:\\\/\\\/schema.org\",\"@graph\":[{\"@type\":\"WebPage\",\"@id\":\"https:\\\/\\\/sc.digimotions.be\\\/fr\\\/brochures\\\/brochures-equilli\\\/equilli-brochure-de-sommeil\\\/\",\"url\":\"https:\\\/\\\/sc.digimotions.be\\\/fr\\\/brochures\\\/brochures-equilli\\\/equilli-brochure-de-sommeil\\\/\",\"name\":\"Equilli brochure de sommeil | Slaap Concept \u00e0 Ninove\",\"isPartOf\":{\"@id\":\"https:\\\/\\\/sc.digimotions.be\\\/fr\\\/#website\"},\"primaryImageOfPage\":{\"@id\":\"https:\\\/\\\/sc.digimotions.be\\\/fr\\\/brochures\\\/brochures-equilli\\\/equilli-brochure-de-sommeil\\\/#primaryimage\"},\"image\":{\"@id\":\"https:\\\/\\\/sc.digimotions.be\\\/fr\\\/brochures\\\/brochures-equilli\\\/equilli-brochure-de-sommeil\\\/#primaryimage\"},\"thumbnailUrl\":\"https:\\\/\\\/sc.digimotions.be\\\/wp-content\\\/uploads\\\/2022\\\/05\\\/Equilli-brochure-sommeil.jpg\",\"datePublished\":\"2022-05-25T08:22:08+00:00\",\"dateModified\":\"2023-03-29T08:20:08+00:00\",\"description\":\"Vous cherchez de l'inspiration ? T\u00e9l\u00e9chargez ensuite gratuitement la brochure de sommeil d'Equilli. Cliquez pour en savoir plus.\",\"breadcrumb\":{\"@id\":\"https:\\\/\\\/sc.digimotions.be\\\/fr\\\/brochures\\\/brochures-equilli\\\/equilli-brochure-de-sommeil\\\/#breadcrumb\"},\"inLanguage\":\"fr-FR\",\"potentialAction\":[{\"@type\":\"ReadAction\",\"target\":[\"https:\\\/\\\/sc.digimotions.be\\\/fr\\\/brochures\\\/brochures-equilli\\\/equilli-brochure-de-sommeil\\\/\"]}]},{\"@type\":\"ImageObject\",\"inLanguage\":\"fr-FR\",\"@id\":\"https:\\\/\\\/sc.digimotions.be\\\/fr\\\/brochures\\\/brochures-equilli\\\/equilli-brochure-de-sommeil\\\/#primaryimage\",\"url\":\"https:\\\/\\\/sc.digimotions.be\\\/wp-content\\\/uploads\\\/2022\\\/05\\\/Equilli-brochure-sommeil.jpg\",\"contentUrl\":\"https:\\\/\\\/sc.digimotions.be\\\/wp-content\\\/uploads\\\/2022\\\/05\\\/Equilli-brochure-sommeil.jpg\"},{\"@type\":\"BreadcrumbList\",\"@id\":\"https:\\\/\\\/sc.digimotions.be\\\/fr\\\/brochures\\\/brochures-equilli\\\/equilli-brochure-de-sommeil\\\/#breadcrumb\",\"itemListElement\":[{\"@type\":\"ListItem\",\"position\":1,\"name\":\"Home\",\"item\":\"https:\\\/\\\/sc.digimotions.be\\\/fr\\\/\"},{\"@type\":\"ListItem\",\"position\":2,\"name\":\"Brochures\",\"item\":\"https:\\\/\\\/sc.digimotions.be\\\/fr\\\/brochures\\\/\"},{\"@type\":\"ListItem\",\"position\":3,\"name\":\"Brochures Equilli\",\"item\":\"https:\\\/\\\/sc.digimotions.be\\\/fr\\\/brochures\\\/brochures-equilli\\\/\"},{\"@type\":\"ListItem\",\"position\":4,\"name\":\"Brochure de sommeil Equilli\"}]},{\"@type\":\"WebSite\",\"@id\":\"https:\\\/\\\/sc.digimotions.be\\\/fr\\\/#website\",\"url\":\"https:\\\/\\\/sc.digimotions.be\\\/fr\\\/\",\"name\":\"Slaap Concept\",\"description\":\"Jouw ultieme slaapervaring vind je bij Slaap Concept\",\"publisher\":{\"@id\":\"https:\\\/\\\/sc.digimotions.be\\\/fr\\\/#organization\"},\"potentialAction\":[{\"@type\":\"SearchAction\",\"target\":{\"@type\":\"EntryPoint\",\"urlTemplate\":\"https:\\\/\\\/sc.digimotions.be\\\/fr\\\/?s={search_term_string}\"},\"query-input\":{\"@type\":\"PropertyValueSpecification\",\"valueRequired\":true,\"valueName\":\"search_term_string\"}}],\"inLanguage\":\"fr-FR\"},{\"@type\":\"Organization\",\"@id\":\"https:\\\/\\\/sc.digimotions.be\\\/fr\\\/#organization\",\"name\":\"Slaap Concept\",\"url\":\"https:\\\/\\\/sc.digimotions.be\\\/fr\\\/\",\"logo\":{\"@type\":\"ImageObject\",\"inLanguage\":\"fr-FR\",\"@id\":\"https:\\\/\\\/sc.digimotions.be\\\/fr\\\/#\\\/schema\\\/logo\\\/image\\\/\",\"url\":\"https:\\\/\\\/sc.digimotions.be\\\/wp-content\\\/uploads\\\/2021\\\/04\\\/logo.png\",\"contentUrl\":\"https:\\\/\\\/sc.digimotions.be\\\/wp-content\\\/uploads\\\/2021\\\/04\\\/logo.png\",\"width\":645,\"height\":241,\"caption\":\"Slaap Concept\"},\"image\":{\"@id\":\"https:\\\/\\\/sc.digimotions.be\\\/fr\\\/#\\\/schema\\\/logo\\\/image\\\/\"}}]}<\/script>\n<!-- \/ Yoast SEO plugin. -->","yoast_head_json":{"title":"Equilli brochure de sommeil | Slaap Concept \u00e0 Ninove","description":"Vous cherchez de l'inspiration ? T\u00e9l\u00e9chargez ensuite gratuitement la brochure de sommeil d'Equilli. Cliquez pour en savoir plus.","robots":{"index":"index","follow":"follow","max-snippet":"max-snippet:-1","max-image-preview":"max-image-preview:large","max-video-preview":"max-video-preview:-1"},"canonical":"https:\/\/sc.digimotions.be\/fr\/brochures\/brochures-equilli\/equilli-brochure-de-sommeil\/","og_locale":"fr_FR","og_type":"article","og_title":"Equilli brochure de sommeil | Slaap Concept \u00e0 Ninove","og_description":"Vous cherchez de l'inspiration ? T\u00e9l\u00e9chargez ensuite gratuitement la brochure de sommeil d'Equilli. Cliquez pour en savoir plus.","og_url":"https:\/\/sc.digimotions.be\/fr\/brochures\/brochures-equilli\/equilli-brochure-de-sommeil\/","og_site_name":"Slaap Concept","article_modified_time":"2023-03-29T08:20:08+00:00","og_image":[{"url":"https:\/\/sc.digimotions.be\/wp-content\/uploads\/2022\/05\/Equilli-brochure-sommeil.jpg","type":"","width":"","height":""}],"twitter_card":"summary_large_image","schema":{"@context":"https:\/\/schema.org","@graph":[{"@type":"WebPage","@id":"https:\/\/sc.digimotions.be\/fr\/brochures\/brochures-equilli\/equilli-brochure-de-sommeil\/","url":"https:\/\/sc.digimotions.be\/fr\/brochures\/brochures-equilli\/equilli-brochure-de-sommeil\/","name":"Equilli brochure de sommeil | Slaap Concept \u00e0 Ninove","isPartOf":{"@id":"https:\/\/sc.digimotions.be\/fr\/#website"},"primaryImageOfPage":{"@id":"https:\/\/sc.digimotions.be\/fr\/brochures\/brochures-equilli\/equilli-brochure-de-sommeil\/#primaryimage"},"image":{"@id":"https:\/\/sc.digimotions.be\/fr\/brochures\/brochures-equilli\/equilli-brochure-de-sommeil\/#primaryimage"},"thumbnailUrl":"https:\/\/sc.digimotions.be\/wp-content\/uploads\/2022\/05\/Equilli-brochure-sommeil.jpg","datePublished":"2022-05-25T08:22:08+00:00","dateModified":"2023-03-29T08:20:08+00:00","description":"Vous cherchez de l'inspiration ? T\u00e9l\u00e9chargez ensuite gratuitement la brochure de sommeil d'Equilli. Cliquez pour en savoir plus.","breadcrumb":{"@id":"https:\/\/sc.digimotions.be\/fr\/brochures\/brochures-equilli\/equilli-brochure-de-sommeil\/#breadcrumb"},"inLanguage":"fr-FR","potentialAction":[{"@type":"ReadAction","target":["https:\/\/sc.digimotions.be\/fr\/brochures\/brochures-equilli\/equilli-brochure-de-sommeil\/"]}]},{"@type":"ImageObject","inLanguage":"fr-FR","@id":"https:\/\/sc.digimotions.be\/fr\/brochures\/brochures-equilli\/equilli-brochure-de-sommeil\/#primaryimage","url":"https:\/\/sc.digimotions.be\/wp-content\/uploads\/2022\/05\/Equilli-brochure-sommeil.jpg","contentUrl":"https:\/\/sc.digimotions.be\/wp-content\/uploads\/2022\/05\/Equilli-brochure-sommeil.jpg"},{"@type":"BreadcrumbList","@id":"https:\/\/sc.digimotions.be\/fr\/brochures\/brochures-equilli\/equilli-brochure-de-sommeil\/#breadcrumb","itemListElement":[{"@type":"ListItem","position":1,"name":"Home","item":"https:\/\/sc.digimotions.be\/fr\/"},{"@type":"ListItem","position":2,"name":"Brochures","item":"https:\/\/sc.digimotions.be\/fr\/brochures\/"},{"@type":"ListItem","position":3,"name":"Brochures Equilli","item":"https:\/\/sc.digimotions.be\/fr\/brochures\/brochures-equilli\/"},{"@type":"ListItem","position":4,"name":"Brochure de sommeil Equilli"}]},{"@type":"WebSite","@id":"https:\/\/sc.digimotions.be\/fr\/#website","url":"https:\/\/sc.digimotions.be\/fr\/","name":"Slaap Concept","description":"Jouw ultieme slaapervaring vind je bij Slaap Concept","publisher":{"@id":"https:\/\/sc.digimotions.be\/fr\/#organization"},"potentialAction":[{"@type":"SearchAction","target":{"@type":"EntryPoint","urlTemplate":"https:\/\/sc.digimotions.be\/fr\/?s={search_term_string}"},"query-input":{"@type":"PropertyValueSpecification","valueRequired":true,"valueName":"search_term_string"}}],"inLanguage":"fr-FR"},{"@type":"Organization","@id":"https:\/\/sc.digimotions.be\/fr\/#organization","name":"Slaap Concept","url":"https:\/\/sc.digimotions.be\/fr\/","logo":{"@type":"ImageObject","inLanguage":"fr-FR","@id":"https:\/\/sc.digimotions.be\/fr\/#\/schema\/logo\/image\/","url":"https:\/\/sc.digimotions.be\/wp-content\/uploads\/2021\/04\/logo.png","contentUrl":"https:\/\/sc.digimotions.be\/wp-content\/uploads\/2021\/04\/logo.png","width":645,"height":241,"caption":"Slaap Concept"},"image":{"@id":"https:\/\/sc.digimotions.be\/fr\/#\/schema\/logo\/image\/"}}]}},"uagb_featured_image_src":{"full":false,"thumbnail":false,"medium":false,"medium_large":false,"large":false,"1536x1536":false,"2048x2048":false,"gform-image-choice-sm":false,"gform-image-choice-md":false,"gform-image-choice-lg":false,"woocommerce_thumbnail":false,"woocommerce_single":false,"woocommerce_gallery_thumbnail":false},"uagb_author_info":{"display_name":"admin","author_link":"https:\/\/sc.digimotions.be\/fr\/author\/admin\/"},"uagb_comment_info":0,"uagb_excerpt":"Brochure de sommeil Equilli Remplissez vos coordonn\u00e9es ci-dessous et t\u00e9l\u00e9chargez gratuitement la brochure de sommeil d&rsquo;Equilli. Vous voulez vous r\u00e9veiller chaque jour en vous sentant bien repos\u00e9 ? Alors, venez nous rendre une petite visite. Dans une atmosph\u00e8re d\u00e9tendue et conviviale, nous vous aiderons \u00e0 trouver votre confort de sommeil optimal. Venez nous voir","_links":{"self":[{"href":"https:\/\/sc.digimotions.be\/fr\/wp-json\/wp\/v2\/pages\/3268","targetHints":{"allow":["GET"]}}],"collection":[{"href":"https:\/\/sc.digimotions.be\/fr\/wp-json\/wp\/v2\/pages"}],"about":[{"href":"https:\/\/sc.digimotions.be\/fr\/wp-json\/wp\/v2\/types\/page"}],"author":[{"embeddable":true,"href":"https:\/\/sc.digimotions.be\/fr\/wp-json\/wp\/v2\/users\/1"}],"replies":[{"embeddable":true,"href":"https:\/\/sc.digimotions.be\/fr\/wp-json\/wp\/v2\/comments?post=3268"}],"version-history":[{"count":3,"href":"https:\/\/sc.digimotions.be\/fr\/wp-json\/wp\/v2\/pages\/3268\/revisions"}],"predecessor-version":[{"id":4535,"href":"https:\/\/sc.digimotions.be\/fr\/wp-json\/wp\/v2\/pages\/3268\/revisions\/4535"}],"up":[{"embeddable":true,"href":"https:\/\/sc.digimotions.be\/fr\/wp-json\/wp\/v2\/pages\/3296"}],"wp:attachment":[{"href":"https:\/\/sc.digimotions.be\/fr\/wp-json\/wp\/v2\/media?parent=3268"}],"curies":[{"name":"wp","href":"https:\/\/api.w.org\/{rel}","templated":true}]}}