{"id":2421,"date":"2021-07-08T07:45:35","date_gmt":"2021-07-08T07:45:35","guid":{"rendered":"https:\/\/sc.digimotions.be\/politique-de-confidentialite\/"},"modified":"2021-07-13T19:14:21","modified_gmt":"2021-07-13T19:14:21","slug":"politique-de-confidentialite","status":"publish","type":"page","link":"https:\/\/sc.digimotions.be\/fr\/politique-de-confidentialite\/","title":{"rendered":"Politique de confidentialit\u00e9"},"content":{"rendered":"\n\n\t<h1>\n\t\t\t\tNotre politique de confidentialit\u00e9\n\t\t\t<\/h1>\n\t<h2>\n\t\t\t\tPolitique de confidentialit\u00e9\n\t\t\t<\/h2>\n\t\t\t\n\n","protected":false},"excerpt":{"rendered":"<p>Notre politique de confidentialit\u00e9 Politique de confidentialit\u00e9<\/p>\n","protected":false},"author":1,"featured_media":0,"parent":0,"menu_order":0,"comment_status":"closed","ping_status":"closed","template":"","meta":{"_uag_custom_page_level_css":"","site-sidebar-layout":"no-sidebar","site-content-layout":"page-builder","ast-site-content-layout":"default","site-content-style":"default","site-sidebar-style":"default","ast-global-header-display":"","ast-banner-title-visibility":"","ast-main-header-display":"","ast-hfb-above-header-display":"","ast-hfb-below-header-display":"","ast-hfb-mobile-header-display":"","site-post-title":"disabled","ast-breadcrumbs-content":"","ast-featured-img":"disabled","footer-sml-layout":"","ast-disable-related-posts":"","theme-transparent-header-meta":"","adv-header-id-meta":"","stick-header-meta":"","header-above-stick-meta":"","header-main-stick-meta":"","header-below-stick-meta":"","astra-migrate-meta-layouts":"default","ast-page-background-enabled":"default","ast-page-background-meta":{"desktop":{"background-color":"","background-image":"","background-repeat":"repeat","background-position":"center center","background-size":"auto","background-attachment":"scroll","background-type":"","background-media":"","overlay-type":"","overlay-color":"","overlay-opacity":"","overlay-gradient":""},"tablet":{"background-color":"","background-image":"","background-repeat":"repeat","background-position":"center center","background-size":"auto","background-attachment":"scroll","background-type":"","background-media":"","overlay-type":"","overlay-color":"","overlay-opacity":"","overlay-gradient":""},"mobile":{"background-color":"","background-image":"","background-repeat":"repeat","background-position":"center center","background-size":"auto","background-attachment":"scroll","background-type":"","background-media":"","overlay-type":"","overlay-color":"","overlay-opacity":"","overlay-gradient":""}},"ast-content-background-meta":{"desktop":{"background-color":"var(--ast-global-color-5)","background-image":"","background-repeat":"repeat","background-position":"center center","background-size":"auto","background-attachment":"scroll","background-type":"","background-media":"","overlay-type":"","overlay-color":"","overlay-opacity":"","overlay-gradient":""},"tablet":{"background-color":"var(--ast-global-color-5)","background-image":"","background-repeat":"repeat","background-position":"center center","background-size":"auto","background-attachment":"scroll","background-type":"","background-media":"","overlay-type":"","overlay-color":"","overlay-opacity":"","overlay-gradient":""},"mobile":{"background-color":"var(--ast-global-color-5)","background-image":"","background-repeat":"repeat","background-position":"center center","background-size":"auto","background-attachment":"scroll","background-type":"","background-media":"","overlay-type":"","overlay-color":"","overlay-opacity":"","overlay-gradient":""}},"footnotes":""},"class_list":["post-2421","page","type-page","status-publish","hentry"],"yoast_head":"<!-- This site is optimized with the Yoast SEO plugin v27.4 - https:\/\/yoast.com\/product\/yoast-seo-wordpress\/ -->\n<title>Politique de confidentialit\u00e9 - Slaap Concept<\/title>\n<meta name=\"robots\" content=\"index, follow, max-snippet:-1, max-image-preview:large, max-video-preview:-1\" \/>\n<link rel=\"canonical\" href=\"https:\/\/sc.digimotions.be\/fr\/politique-de-confidentialite\/\" \/>\n<meta property=\"og:locale\" content=\"fr_FR\" \/>\n<meta property=\"og:type\" content=\"article\" \/>\n<meta property=\"og:title\" content=\"Politique de confidentialit\u00e9 - Slaap Concept\" \/>\n<meta property=\"og:description\" content=\"Notre politique de confidentialit\u00e9 Politique de confidentialit\u00e9\" \/>\n<meta property=\"og:url\" content=\"https:\/\/sc.digimotions.be\/fr\/politique-de-confidentialite\/\" \/>\n<meta property=\"og:site_name\" content=\"Slaap Concept\" \/>\n<meta property=\"article:modified_time\" content=\"2021-07-13T19:14:21+00:00\" \/>\n<meta name=\"twitter:card\" content=\"summary_large_image\" \/>\n<script type=\"application\/ld+json\" class=\"yoast-schema-graph\">{\"@context\":\"https:\\\/\\\/schema.org\",\"@graph\":[{\"@type\":\"WebPage\",\"@id\":\"https:\\\/\\\/sc.digimotions.be\\\/fr\\\/politique-de-confidentialite\\\/\",\"url\":\"https:\\\/\\\/sc.digimotions.be\\\/fr\\\/politique-de-confidentialite\\\/\",\"name\":\"Politique de confidentialit\u00e9 - Slaap Concept\",\"isPartOf\":{\"@id\":\"https:\\\/\\\/sc.digimotions.be\\\/fr\\\/#website\"},\"datePublished\":\"2021-07-08T07:45:35+00:00\",\"dateModified\":\"2021-07-13T19:14:21+00:00\",\"breadcrumb\":{\"@id\":\"https:\\\/\\\/sc.digimotions.be\\\/fr\\\/politique-de-confidentialite\\\/#breadcrumb\"},\"inLanguage\":\"fr-FR\",\"potentialAction\":[{\"@type\":\"ReadAction\",\"target\":[\"https:\\\/\\\/sc.digimotions.be\\\/fr\\\/politique-de-confidentialite\\\/\"]}]},{\"@type\":\"BreadcrumbList\",\"@id\":\"https:\\\/\\\/sc.digimotions.be\\\/fr\\\/politique-de-confidentialite\\\/#breadcrumb\",\"itemListElement\":[{\"@type\":\"ListItem\",\"position\":1,\"name\":\"Home\",\"item\":\"https:\\\/\\\/sc.digimotions.be\\\/fr\\\/\"},{\"@type\":\"ListItem\",\"position\":2,\"name\":\"Politique de confidentialit\u00e9\"}]},{\"@type\":\"WebSite\",\"@id\":\"https:\\\/\\\/sc.digimotions.be\\\/fr\\\/#website\",\"url\":\"https:\\\/\\\/sc.digimotions.be\\\/fr\\\/\",\"name\":\"Slaap Concept\",\"description\":\"Jouw ultieme slaapervaring vind je bij Slaap Concept\",\"publisher\":{\"@id\":\"https:\\\/\\\/sc.digimotions.be\\\/fr\\\/#organization\"},\"potentialAction\":[{\"@type\":\"SearchAction\",\"target\":{\"@type\":\"EntryPoint\",\"urlTemplate\":\"https:\\\/\\\/sc.digimotions.be\\\/fr\\\/?s={search_term_string}\"},\"query-input\":{\"@type\":\"PropertyValueSpecification\",\"valueRequired\":true,\"valueName\":\"search_term_string\"}}],\"inLanguage\":\"fr-FR\"},{\"@type\":\"Organization\",\"@id\":\"https:\\\/\\\/sc.digimotions.be\\\/fr\\\/#organization\",\"name\":\"Slaap Concept\",\"url\":\"https:\\\/\\\/sc.digimotions.be\\\/fr\\\/\",\"logo\":{\"@type\":\"ImageObject\",\"inLanguage\":\"fr-FR\",\"@id\":\"https:\\\/\\\/sc.digimotions.be\\\/fr\\\/#\\\/schema\\\/logo\\\/image\\\/\",\"url\":\"https:\\\/\\\/sc.digimotions.be\\\/wp-content\\\/uploads\\\/2021\\\/04\\\/logo.png\",\"contentUrl\":\"https:\\\/\\\/sc.digimotions.be\\\/wp-content\\\/uploads\\\/2021\\\/04\\\/logo.png\",\"width\":645,\"height\":241,\"caption\":\"Slaap Concept\"},\"image\":{\"@id\":\"https:\\\/\\\/sc.digimotions.be\\\/fr\\\/#\\\/schema\\\/logo\\\/image\\\/\"}}]}<\/script>\n<!-- \/ Yoast SEO plugin. -->","yoast_head_json":{"title":"Politique de confidentialit\u00e9 - Slaap Concept","robots":{"index":"index","follow":"follow","max-snippet":"max-snippet:-1","max-image-preview":"max-image-preview:large","max-video-preview":"max-video-preview:-1"},"canonical":"https:\/\/sc.digimotions.be\/fr\/politique-de-confidentialite\/","og_locale":"fr_FR","og_type":"article","og_title":"Politique de confidentialit\u00e9 - Slaap Concept","og_description":"Notre politique de confidentialit\u00e9 Politique de confidentialit\u00e9","og_url":"https:\/\/sc.digimotions.be\/fr\/politique-de-confidentialite\/","og_site_name":"Slaap Concept","article_modified_time":"2021-07-13T19:14:21+00:00","twitter_card":"summary_large_image","schema":{"@context":"https:\/\/schema.org","@graph":[{"@type":"WebPage","@id":"https:\/\/sc.digimotions.be\/fr\/politique-de-confidentialite\/","url":"https:\/\/sc.digimotions.be\/fr\/politique-de-confidentialite\/","name":"Politique de confidentialit\u00e9 - Slaap Concept","isPartOf":{"@id":"https:\/\/sc.digimotions.be\/fr\/#website"},"datePublished":"2021-07-08T07:45:35+00:00","dateModified":"2021-07-13T19:14:21+00:00","breadcrumb":{"@id":"https:\/\/sc.digimotions.be\/fr\/politique-de-confidentialite\/#breadcrumb"},"inLanguage":"fr-FR","potentialAction":[{"@type":"ReadAction","target":["https:\/\/sc.digimotions.be\/fr\/politique-de-confidentialite\/"]}]},{"@type":"BreadcrumbList","@id":"https:\/\/sc.digimotions.be\/fr\/politique-de-confidentialite\/#breadcrumb","itemListElement":[{"@type":"ListItem","position":1,"name":"Home","item":"https:\/\/sc.digimotions.be\/fr\/"},{"@type":"ListItem","position":2,"name":"Politique de confidentialit\u00e9"}]},{"@type":"WebSite","@id":"https:\/\/sc.digimotions.be\/fr\/#website","url":"https:\/\/sc.digimotions.be\/fr\/","name":"Slaap Concept","description":"Jouw ultieme slaapervaring vind je bij Slaap Concept","publisher":{"@id":"https:\/\/sc.digimotions.be\/fr\/#organization"},"potentialAction":[{"@type":"SearchAction","target":{"@type":"EntryPoint","urlTemplate":"https:\/\/sc.digimotions.be\/fr\/?s={search_term_string}"},"query-input":{"@type":"PropertyValueSpecification","valueRequired":true,"valueName":"search_term_string"}}],"inLanguage":"fr-FR"},{"@type":"Organization","@id":"https:\/\/sc.digimotions.be\/fr\/#organization","name":"Slaap Concept","url":"https:\/\/sc.digimotions.be\/fr\/","logo":{"@type":"ImageObject","inLanguage":"fr-FR","@id":"https:\/\/sc.digimotions.be\/fr\/#\/schema\/logo\/image\/","url":"https:\/\/sc.digimotions.be\/wp-content\/uploads\/2021\/04\/logo.png","contentUrl":"https:\/\/sc.digimotions.be\/wp-content\/uploads\/2021\/04\/logo.png","width":645,"height":241,"caption":"Slaap Concept"},"image":{"@id":"https:\/\/sc.digimotions.be\/fr\/#\/schema\/logo\/image\/"}}]}},"uagb_featured_image_src":{"full":false,"thumbnail":false,"medium":false,"medium_large":false,"large":false,"1536x1536":false,"2048x2048":false,"gform-image-choice-sm":false,"gform-image-choice-md":false,"gform-image-choice-lg":false,"woocommerce_thumbnail":false,"woocommerce_single":false,"woocommerce_gallery_thumbnail":false},"uagb_author_info":{"display_name":"admin","author_link":"https:\/\/sc.digimotions.be\/fr\/author\/admin\/"},"uagb_comment_info":0,"uagb_excerpt":"Notre politique de confidentialit\u00e9 Politique de confidentialit\u00e9","_links":{"self":[{"href":"https:\/\/sc.digimotions.be\/fr\/wp-json\/wp\/v2\/pages\/2421","targetHints":{"allow":["GET"]}}],"collection":[{"href":"https:\/\/sc.digimotions.be\/fr\/wp-json\/wp\/v2\/pages"}],"about":[{"href":"https:\/\/sc.digimotions.be\/fr\/wp-json\/wp\/v2\/types\/page"}],"author":[{"embeddable":true,"href":"https:\/\/sc.digimotions.be\/fr\/wp-json\/wp\/v2\/users\/1"}],"replies":[{"embeddable":true,"href":"https:\/\/sc.digimotions.be\/fr\/wp-json\/wp\/v2\/comments?post=2421"}],"version-history":[{"count":3,"href":"https:\/\/sc.digimotions.be\/fr\/wp-json\/wp\/v2\/pages\/2421\/revisions"}],"predecessor-version":[{"id":2435,"href":"https:\/\/sc.digimotions.be\/fr\/wp-json\/wp\/v2\/pages\/2421\/revisions\/2435"}],"wp:attachment":[{"href":"https:\/\/sc.digimotions.be\/fr\/wp-json\/wp\/v2\/media?parent=2421"}],"curies":[{"name":"wp","href":"https:\/\/api.w.org\/{rel}","templated":true}]}}