{"id":2272,"date":"2021-07-01T09:38:56","date_gmt":"2021-07-01T09:38:56","guid":{"rendered":"https:\/\/sc.digimotions.be\/contactez-nous\/"},"modified":"2025-04-08T06:28:37","modified_gmt":"2025-04-08T06:28:37","slug":"contactez-nous","status":"publish","type":"page","link":"https:\/\/sc.digimotions.be\/fr\/contactez-nous\/","title":{"rendered":"Contactez nous"},"content":{"rendered":"\n\n\t<h1>\n\t\t\t\tBienvenue chez Slaap Concept\n\t\t\t<\/h1>\n\t\t\tQue vous cherchiez un nouveau lit, un nouveau matelas, du linge de lit ou un nouvel oreiller. Chez Slaap Concept, vous \u00eates plus que bienvenu pour partir \u00e0 la recherche de ce qui vous permettra de faire passer votre exp\u00e9rience de sommeil \u00e0 la vitesse sup\u00e9rieure.\t\n\t<h2>\n\t\t\t\tNos heures d&rsquo;ouverture\n\t\t\t<\/h2>\n\t<p>Nous sommes ouverts selon les horaires suivants :<\/p>\n\t<ul>\n<li><strong>Lundi :<\/strong> Ferm\u00e9<\/li>\n<li><strong>Mardi :<\/strong> 10 h &#8211; 18 h<\/li>\n<li><strong>Mercredi :<\/strong> 10 h &#8211; 18 h<\/li>\n<li><strong>Jeudi :<\/strong> 10 h &#8211; 18 h<\/li>\n<li><strong>Vendredi :<\/strong> 10 h &#8211; 18 h<\/li>\n<li><strong>Samedi :<\/strong> 10 h &#8211; 17 h<\/li>\n<li><strong>Dimanche :<\/strong> sur rendez-vous<\/li>\n<\/ul>\n<p>N&rsquo;h\u00e9sitez pas \u00e0 passer nous voir ou \u00e0 prendre rendez-vous sans aucune obligation !<\/p>\n<p>Nous attachons une tr\u00e8s grande importance \u00e0 vous offrir une approche hautement personnalis\u00e9e. Vous n&rsquo;avez pas la possibilit\u00e9 de venir nous voir pendant nos heures d&rsquo;ouverture habituelles ? N&rsquo;h\u00e9sitez pas \u00e0 nous contacter et nous essaierons de lib\u00e9rer un moment qui vous convient davantage.<\/p>\n\n<h3>Nos coordonn\u00e9es :<\/h3>\n\t\t<h3>Adresse<\/h3>\t\t\t\n\t\t\t\t<p>Aalstersesteenweg 8<br \/>9400 Ninove<\/p>\n\t\t<h3>E-mail<\/h3>\t\t\t\n\t\t\t\t<p><a href=\"mailto:info@slaapconcept.be\">info@slaapconcept.be<\/a><\/p>\n\t\t<h3>Num\u00e9ro de t\u00e9l\u00e9phone<\/h3>\t\t\t\n\t\t\t\t<p><a href=\"tel:054240803\">054\/24.08.03<\/a><\/p>\n\t<iframe src=\"https:\/\/www.google.com\/maps\/embed\/v1\/place?q=Aalstersesteenweg+8+-+9400+Ninove&#038;key=AIzaSyD09zQ9PNDNNy9TadMuzRV_UsPUoWKntt8\" aria-hidden=\"true\"><\/iframe>\n\n","protected":false},"excerpt":{"rendered":"<p>Bienvenue chez Slaap Concept Que vous cherchiez un nouveau lit, un nouveau matelas, du linge de lit ou un nouvel oreiller. Chez Slaap Concept, vous \u00eates plus que bienvenu pour partir \u00e0 la recherche de ce qui vous permettra de faire passer votre exp\u00e9rience de sommeil \u00e0 la vitesse sup\u00e9rieure. Nos heures d&rsquo;ouverture Nous sommes [&hellip;]<\/p>\n","protected":false},"author":1,"featured_media":0,"parent":0,"menu_order":0,"comment_status":"closed","ping_status":"closed","template":"","meta":{"_uag_custom_page_level_css":"","site-sidebar-layout":"no-sidebar","site-content-layout":"page-builder","ast-site-content-layout":"full-width-container","site-content-style":"unboxed","site-sidebar-style":"unboxed","ast-global-header-display":"","ast-banner-title-visibility":"","ast-main-header-display":"","ast-hfb-above-header-display":"","ast-hfb-below-header-display":"","ast-hfb-mobile-header-display":"","site-post-title":"disabled","ast-breadcrumbs-content":"","ast-featured-img":"disabled","footer-sml-layout":"","ast-disable-related-posts":"","theme-transparent-header-meta":"default","adv-header-id-meta":"","stick-header-meta":"default","header-above-stick-meta":"","header-main-stick-meta":"","header-below-stick-meta":"","astra-migrate-meta-layouts":"default","ast-page-background-enabled":"default","ast-page-background-meta":{"desktop":{"background-color":"","background-image":"","background-repeat":"repeat","background-position":"center center","background-size":"auto","background-attachment":"scroll","background-type":"","background-media":"","overlay-type":"","overlay-color":"","overlay-opacity":"","overlay-gradient":""},"tablet":{"background-color":"","background-image":"","background-repeat":"repeat","background-position":"center center","background-size":"auto","background-attachment":"scroll","background-type":"","background-media":"","overlay-type":"","overlay-color":"","overlay-opacity":"","overlay-gradient":""},"mobile":{"background-color":"","background-image":"","background-repeat":"repeat","background-position":"center center","background-size":"auto","background-attachment":"scroll","background-type":"","background-media":"","overlay-type":"","overlay-color":"","overlay-opacity":"","overlay-gradient":""}},"ast-content-background-meta":{"desktop":{"background-color":"var(--ast-global-color-5)","background-image":"","background-repeat":"repeat","background-position":"center center","background-size":"auto","background-attachment":"scroll","background-type":"","background-media":"","overlay-type":"","overlay-color":"","overlay-opacity":"","overlay-gradient":""},"tablet":{"background-color":"var(--ast-global-color-5)","background-image":"","background-repeat":"repeat","background-position":"center center","background-size":"auto","background-attachment":"scroll","background-type":"","background-media":"","overlay-type":"","overlay-color":"","overlay-opacity":"","overlay-gradient":""},"mobile":{"background-color":"var(--ast-global-color-5)","background-image":"","background-repeat":"repeat","background-position":"center center","background-size":"auto","background-attachment":"scroll","background-type":"","background-media":"","overlay-type":"","overlay-color":"","overlay-opacity":"","overlay-gradient":""}},"footnotes":""},"class_list":["post-2272","page","type-page","status-publish","hentry"],"yoast_head":"<!-- This site is optimized with the Yoast SEO plugin v27.4 - https:\/\/yoast.com\/product\/yoast-seo-wordpress\/ -->\n<title>Rendez-nous visite ou contactez-nous | Slaap Concept \u00e0 Ninove<\/title>\n<meta name=\"description\" content=\"Chez Slaap Concept, vous \u00eates plus que bienvenu pour partir \u00e0 la recherche de ce qui vous permettra de faire passer votre exp\u00e9rience de sommeil \u00e0 la vitesse sup\u00e9rieure. Cliquez pour en savoir plus.\" \/>\n<meta name=\"robots\" content=\"index, follow, max-snippet:-1, max-image-preview:large, max-video-preview:-1\" \/>\n<link rel=\"canonical\" href=\"https:\/\/sc.digimotions.be\/fr\/contactez-nous\/\" \/>\n<meta property=\"og:locale\" content=\"fr_FR\" \/>\n<meta property=\"og:type\" content=\"article\" \/>\n<meta property=\"og:title\" content=\"Rendez-nous visite ou contactez-nous | Slaap Concept \u00e0 Ninove\" \/>\n<meta property=\"og:description\" content=\"Chez Slaap Concept, vous \u00eates plus que bienvenu pour partir \u00e0 la recherche de ce qui vous permettra de faire passer votre exp\u00e9rience de sommeil \u00e0 la vitesse sup\u00e9rieure. Cliquez pour en savoir plus.\" \/>\n<meta property=\"og:url\" content=\"https:\/\/sc.digimotions.be\/fr\/contactez-nous\/\" \/>\n<meta property=\"og:site_name\" content=\"Slaap Concept\" \/>\n<meta property=\"article:modified_time\" content=\"2025-04-08T06:28:37+00:00\" \/>\n<meta name=\"twitter:card\" content=\"summary_large_image\" \/>\n<meta name=\"twitter:label1\" content=\"Dur\u00e9e de lecture estim\u00e9e\" \/>\n\t<meta name=\"twitter:data1\" content=\"1 minute\" \/>\n<script type=\"application\/ld+json\" class=\"yoast-schema-graph\">{\"@context\":\"https:\\\/\\\/schema.org\",\"@graph\":[{\"@type\":\"WebPage\",\"@id\":\"https:\\\/\\\/sc.digimotions.be\\\/fr\\\/contactez-nous\\\/\",\"url\":\"https:\\\/\\\/sc.digimotions.be\\\/fr\\\/contactez-nous\\\/\",\"name\":\"Rendez-nous visite ou contactez-nous | Slaap Concept \u00e0 Ninove\",\"isPartOf\":{\"@id\":\"https:\\\/\\\/sc.digimotions.be\\\/fr\\\/#website\"},\"datePublished\":\"2021-07-01T09:38:56+00:00\",\"dateModified\":\"2025-04-08T06:28:37+00:00\",\"description\":\"Chez Slaap Concept, vous \u00eates plus que bienvenu pour partir \u00e0 la recherche de ce qui vous permettra de faire passer votre exp\u00e9rience de sommeil \u00e0 la vitesse sup\u00e9rieure. Cliquez pour en savoir plus.\",\"breadcrumb\":{\"@id\":\"https:\\\/\\\/sc.digimotions.be\\\/fr\\\/contactez-nous\\\/#breadcrumb\"},\"inLanguage\":\"fr-FR\",\"potentialAction\":[{\"@type\":\"ReadAction\",\"target\":[\"https:\\\/\\\/sc.digimotions.be\\\/fr\\\/contactez-nous\\\/\"]}]},{\"@type\":\"BreadcrumbList\",\"@id\":\"https:\\\/\\\/sc.digimotions.be\\\/fr\\\/contactez-nous\\\/#breadcrumb\",\"itemListElement\":[{\"@type\":\"ListItem\",\"position\":1,\"name\":\"Home\",\"item\":\"https:\\\/\\\/sc.digimotions.be\\\/fr\\\/\"},{\"@type\":\"ListItem\",\"position\":2,\"name\":\"Contactez nous\"}]},{\"@type\":\"WebSite\",\"@id\":\"https:\\\/\\\/sc.digimotions.be\\\/fr\\\/#website\",\"url\":\"https:\\\/\\\/sc.digimotions.be\\\/fr\\\/\",\"name\":\"Slaap Concept\",\"description\":\"Jouw ultieme slaapervaring vind je bij Slaap Concept\",\"publisher\":{\"@id\":\"https:\\\/\\\/sc.digimotions.be\\\/fr\\\/#organization\"},\"potentialAction\":[{\"@type\":\"SearchAction\",\"target\":{\"@type\":\"EntryPoint\",\"urlTemplate\":\"https:\\\/\\\/sc.digimotions.be\\\/fr\\\/?s={search_term_string}\"},\"query-input\":{\"@type\":\"PropertyValueSpecification\",\"valueRequired\":true,\"valueName\":\"search_term_string\"}}],\"inLanguage\":\"fr-FR\"},{\"@type\":\"Organization\",\"@id\":\"https:\\\/\\\/sc.digimotions.be\\\/fr\\\/#organization\",\"name\":\"Slaap Concept\",\"url\":\"https:\\\/\\\/sc.digimotions.be\\\/fr\\\/\",\"logo\":{\"@type\":\"ImageObject\",\"inLanguage\":\"fr-FR\",\"@id\":\"https:\\\/\\\/sc.digimotions.be\\\/fr\\\/#\\\/schema\\\/logo\\\/image\\\/\",\"url\":\"https:\\\/\\\/sc.digimotions.be\\\/wp-content\\\/uploads\\\/2021\\\/04\\\/logo.png\",\"contentUrl\":\"https:\\\/\\\/sc.digimotions.be\\\/wp-content\\\/uploads\\\/2021\\\/04\\\/logo.png\",\"width\":645,\"height\":241,\"caption\":\"Slaap Concept\"},\"image\":{\"@id\":\"https:\\\/\\\/sc.digimotions.be\\\/fr\\\/#\\\/schema\\\/logo\\\/image\\\/\"}}]}<\/script>\n<!-- \/ Yoast SEO plugin. -->","yoast_head_json":{"title":"Rendez-nous visite ou contactez-nous | Slaap Concept \u00e0 Ninove","description":"Chez Slaap Concept, vous \u00eates plus que bienvenu pour partir \u00e0 la recherche de ce qui vous permettra de faire passer votre exp\u00e9rience de sommeil \u00e0 la vitesse sup\u00e9rieure. Cliquez pour en savoir plus.","robots":{"index":"index","follow":"follow","max-snippet":"max-snippet:-1","max-image-preview":"max-image-preview:large","max-video-preview":"max-video-preview:-1"},"canonical":"https:\/\/sc.digimotions.be\/fr\/contactez-nous\/","og_locale":"fr_FR","og_type":"article","og_title":"Rendez-nous visite ou contactez-nous | Slaap Concept \u00e0 Ninove","og_description":"Chez Slaap Concept, vous \u00eates plus que bienvenu pour partir \u00e0 la recherche de ce qui vous permettra de faire passer votre exp\u00e9rience de sommeil \u00e0 la vitesse sup\u00e9rieure. Cliquez pour en savoir plus.","og_url":"https:\/\/sc.digimotions.be\/fr\/contactez-nous\/","og_site_name":"Slaap Concept","article_modified_time":"2025-04-08T06:28:37+00:00","twitter_card":"summary_large_image","twitter_misc":{"Dur\u00e9e de lecture estim\u00e9e":"1 minute"},"schema":{"@context":"https:\/\/schema.org","@graph":[{"@type":"WebPage","@id":"https:\/\/sc.digimotions.be\/fr\/contactez-nous\/","url":"https:\/\/sc.digimotions.be\/fr\/contactez-nous\/","name":"Rendez-nous visite ou contactez-nous | Slaap Concept \u00e0 Ninove","isPartOf":{"@id":"https:\/\/sc.digimotions.be\/fr\/#website"},"datePublished":"2021-07-01T09:38:56+00:00","dateModified":"2025-04-08T06:28:37+00:00","description":"Chez Slaap Concept, vous \u00eates plus que bienvenu pour partir \u00e0 la recherche de ce qui vous permettra de faire passer votre exp\u00e9rience de sommeil \u00e0 la vitesse sup\u00e9rieure. Cliquez pour en savoir plus.","breadcrumb":{"@id":"https:\/\/sc.digimotions.be\/fr\/contactez-nous\/#breadcrumb"},"inLanguage":"fr-FR","potentialAction":[{"@type":"ReadAction","target":["https:\/\/sc.digimotions.be\/fr\/contactez-nous\/"]}]},{"@type":"BreadcrumbList","@id":"https:\/\/sc.digimotions.be\/fr\/contactez-nous\/#breadcrumb","itemListElement":[{"@type":"ListItem","position":1,"name":"Home","item":"https:\/\/sc.digimotions.be\/fr\/"},{"@type":"ListItem","position":2,"name":"Contactez nous"}]},{"@type":"WebSite","@id":"https:\/\/sc.digimotions.be\/fr\/#website","url":"https:\/\/sc.digimotions.be\/fr\/","name":"Slaap Concept","description":"Jouw ultieme slaapervaring vind je bij Slaap Concept","publisher":{"@id":"https:\/\/sc.digimotions.be\/fr\/#organization"},"potentialAction":[{"@type":"SearchAction","target":{"@type":"EntryPoint","urlTemplate":"https:\/\/sc.digimotions.be\/fr\/?s={search_term_string}"},"query-input":{"@type":"PropertyValueSpecification","valueRequired":true,"valueName":"search_term_string"}}],"inLanguage":"fr-FR"},{"@type":"Organization","@id":"https:\/\/sc.digimotions.be\/fr\/#organization","name":"Slaap Concept","url":"https:\/\/sc.digimotions.be\/fr\/","logo":{"@type":"ImageObject","inLanguage":"fr-FR","@id":"https:\/\/sc.digimotions.be\/fr\/#\/schema\/logo\/image\/","url":"https:\/\/sc.digimotions.be\/wp-content\/uploads\/2021\/04\/logo.png","contentUrl":"https:\/\/sc.digimotions.be\/wp-content\/uploads\/2021\/04\/logo.png","width":645,"height":241,"caption":"Slaap Concept"},"image":{"@id":"https:\/\/sc.digimotions.be\/fr\/#\/schema\/logo\/image\/"}}]}},"uagb_featured_image_src":{"full":false,"thumbnail":false,"medium":false,"medium_large":false,"large":false,"1536x1536":false,"2048x2048":false,"gform-image-choice-sm":false,"gform-image-choice-md":false,"gform-image-choice-lg":false,"woocommerce_thumbnail":false,"woocommerce_single":false,"woocommerce_gallery_thumbnail":false},"uagb_author_info":{"display_name":"admin","author_link":"https:\/\/sc.digimotions.be\/fr\/author\/admin\/"},"uagb_comment_info":0,"uagb_excerpt":"Bienvenue chez Slaap Concept Que vous cherchiez un nouveau lit, un nouveau matelas, du linge de lit ou un nouvel oreiller. Chez Slaap Concept, vous \u00eates plus que bienvenu pour partir \u00e0 la recherche de ce qui vous permettra de faire passer votre exp\u00e9rience de sommeil \u00e0 la vitesse sup\u00e9rieure. Nos heures d&rsquo;ouverture Nous sommes\u2026","_links":{"self":[{"href":"https:\/\/sc.digimotions.be\/fr\/wp-json\/wp\/v2\/pages\/2272","targetHints":{"allow":["GET"]}}],"collection":[{"href":"https:\/\/sc.digimotions.be\/fr\/wp-json\/wp\/v2\/pages"}],"about":[{"href":"https:\/\/sc.digimotions.be\/fr\/wp-json\/wp\/v2\/types\/page"}],"author":[{"embeddable":true,"href":"https:\/\/sc.digimotions.be\/fr\/wp-json\/wp\/v2\/users\/1"}],"replies":[{"embeddable":true,"href":"https:\/\/sc.digimotions.be\/fr\/wp-json\/wp\/v2\/comments?post=2272"}],"version-history":[{"count":16,"href":"https:\/\/sc.digimotions.be\/fr\/wp-json\/wp\/v2\/pages\/2272\/revisions"}],"predecessor-version":[{"id":6428,"href":"https:\/\/sc.digimotions.be\/fr\/wp-json\/wp\/v2\/pages\/2272\/revisions\/6428"}],"wp:attachment":[{"href":"https:\/\/sc.digimotions.be\/fr\/wp-json\/wp\/v2\/media?parent=2272"}],"curies":[{"name":"wp","href":"https:\/\/api.w.org\/{rel}","templated":true}]}}