{"id":2254,"date":"2021-07-01T09:20:28","date_gmt":"2021-07-01T09:20:28","guid":{"rendered":"https:\/\/sc.digimotions.be\/magasin-de-literie\/"},"modified":"2024-10-15T07:51:05","modified_gmt":"2024-10-15T07:51:05","slug":"magasin-de-literie","status":"publish","type":"page","link":"https:\/\/sc.digimotions.be\/fr\/magasin-de-literie\/","title":{"rendered":"Magasin de literie"},"content":{"rendered":"\n\n\t<h1>\n\t\t\t\tSlaap Concept, bien plus qu&rsquo;un simple magasin de literie\n\t\t\t<\/h1>\n\t\t\tLa naissance de notre magasin de literie ne s&rsquo;est pas faite du jour au lendemain. Ce qui n&rsquo;\u00e9tait qu&rsquo;une id\u00e9e en 2020 est devenu un tout nouveau concept de magasin au cours de l&rsquo;\u00e9t\u00e9 2021.\t\n\t\t\t<a href=\"https:\/\/sc.digimotions.be\/fr\/contactez-nous\/\" title=\"Click Here\" target=\"_self\" role=\"button\" aria-label=\"Contact et heures d&#039;ouverture\" rel=\"noopener\">\n\t\t\t\t\t\t\tContact et heures d&rsquo;ouverture\n\t\t<\/a>\n\t<h2>\n\t\t\t\t\u00c0 notre sujet\n\t\t\t<\/h2>\n\t<p>Nous sommes Caroline Windels et Werner Debroye, les initiateurs de Slaap Concept. Dans notre agr\u00e9able magasin de literie \u00e0 Ninove, nous nous concentrons sur l&rsquo;essence du sommeil: vous offrir de bonnes et in\u00e9galables nuits de sommeil. Nous voulons ainsi vous aider \u00e0 renforcer votre mode de vie sain. En effet, une vie saine ne se r\u00e9sume pas \u00e0 une bonne alimentation et \u00e0 de l&rsquo;exercice physique, elle inclut \u00e9galement un bon sommeil.<\/p>\n<blockquote><p>Un lieu o\u00f9 vous n&rsquo;achetez pas seulement un lit, mais aussi un concept de couchage unique et personnel<\/p><\/blockquote>\n<h3>Qualit\u00e9 d&rsquo;origine belge<\/h3>\n<p>Afin de tenir notre promesse &lsquo;Votre exp\u00e9rience de sommeil ultime&rsquo;, nous optons volontairement pour des marques d&rsquo;origine belge. Vous avez le choix parmi une gamme qualitative de lits et sommiers \u00e0 lattes, boxsprings, matelas, oreillers et linge de lit. En bref, tout ce dont vous avez besoin pour dormir comme un loir.<\/p>\n<h3>Des conseils honn\u00eates et personnalis\u00e9s en mati\u00e8re de sommeil<\/h3>\n<p>Chez nous, vous \u00eates central! \u00c0 l&rsquo;aide de quelques questions ouvertes, nous tentons d&rsquo;en savoir plus sur votre situation personnelle, vos pr\u00e9f\u00e9rences et vos besoins en mati\u00e8re de sommeil. De cette mani\u00e8re, nous pouvons formuler des conseils honn\u00eates et personnalis\u00e9s. Nous traduisons ensuite ces conseils en mati\u00e8re de sommeil en une solution de couchage totalement personnalis\u00e9e.<\/p>\n<blockquote><p>Un syst\u00e8me de couchage qui r\u00e9pond \u00e0 vos besoins personnels, fera toute la diff\u00e9rence<\/p><\/blockquote>\n<h3>Un magasin de literie avec un rien de plus qui fait toute la diff\u00e9rence<\/h3>\n<p>Notre accompagnement ne se limite pas \u00e0 d\u00e9finir et \u00e0 s\u00e9lectionner le meilleur syst\u00e8me de couchage. Au travers de diverses conf\u00e9rences et collaborations avec des experts (sur l&rsquo;importance de l&rsquo;alimentation ou du sport, une position de sommeil ergonomique, etc.), nous voulons vous informer du mieux possible de l&rsquo;importance d&rsquo;un esprit sain dans un corps sain, et de ce qui y contribue. Gr\u00e2ce \u00e0 notre page d&rsquo;actualit\u00e9s et aux r\u00e9seaux sociaux, nous vous informons des activit\u00e9s que nous organisons.<\/p>\n\t\t\t\t<img loading=\"lazy\" decoding=\"async\" src=\"https:\/\/sc.digimotions.be\/wp-content\/uploads\/2021\/07\/SlaapConcept_deel2-2-1.jpg\" alt=\"SlaapConcept_deel2-2\" itemprop=\"image\" height=\"2028\" width=\"1500\" title=\"SlaapConcept_deel2-2\" onerror=\"this.style.display='none'\"  \/>\n\t<p><em>Caroline Windels et Werner Debroye, les initiateurs de Slaap Concept, se feront un plaisir de vous fournir des conseils personnalis\u00e9s en mati\u00e8re de sommeil.<\/em><\/p>\n\t<h2>\n\t\t\t\t\u00cates-vous pr\u00eat pour votre exp\u00e9rience de sommeil ultime?\n\t\t\t<\/h2>\n\t<p>Passez nous voir dans notre magasin de literie \u00e0 Ninove. Nous nous r\u00e9jouissons de vous aider dans une atmosph\u00e8re d\u00e9tendue et conviviale \u00e0 trouver un confort de sommeil optimal (sans oublier une bonne tasse de caf\u00e9).<\/p>\n\t\t\t<a href=\"https:\/\/sc.digimotions.be\/fr\/contactez-nous\/\" title=\"Click Here\" target=\"_self\" role=\"button\" aria-label=\"Contact et heures d&#039;ouverture\" rel=\"noopener\">\n\t\t\t\t\t\t\tContact et heures d&rsquo;ouverture\n\t\t<\/a>\n\t<h2>\n\t\t\t\tNos marques\n\t\t\t<\/h2>\n\t\t\t\t<a href=\"https:\/\/sc.digimotions.be\/fr\/matelas-equilli\/\" target=\"_self\" itemprop=\"url\" rel=\"noopener\">\n\t\t\t\t<img decoding=\"async\" src=\"https:\/\/sc.digimotions.be\/wp-content\/uploads\/2021\/04\/equilli.png\" alt=\"equilli\" title=\"equilli\" itemprop=\"image\"  \/>\n\t\t\t\t\t\t<\/a>\n\t\t\t\t<a href=\"https:\/\/sc.digimotions.be\/fr\/recor-bedding\/\" target=\"_self\" itemprop=\"url\" rel=\"noopener\">\n\t\t\t\t<img decoding=\"async\" src=\"https:\/\/sc.digimotions.be\/wp-content\/uploads\/2024\/04\/recor-bedding-logo-nieuw.png\" alt=\"recor-bedding-logo-nieuw\" title=\"recor-bedding-logo-nieuw\" itemprop=\"image\"  \/>\n\t\t\t\t\t\t<\/a>\n\t\t\t\t<a href=\"https:\/\/sc.digimotions.be\/kreamat\/\" target=\"_self\" itemprop=\"url\" rel=\"noopener\">\n\t\t\t\t<img decoding=\"async\" src=\"https:\/\/sc.digimotions.be\/wp-content\/uploads\/2023\/04\/Logo-Kreamat.png\" alt=\"Logo Kreamat\" title=\"Logo Kreamat\" itemprop=\"image\"  \/>\n\t\t\t\t\t\t<\/a>\n\t<h3>\n\t\t\t\tVous voulez vous r\u00e9veiller chaque jour en vous sentant bien repos\u00e9 ?\n\t\t\t<\/h3>\n\t\t\t<p>Alors, venez nous rendre une petite visite. Dans une atmosph\u00e8re d\u00e9tendue et conviviale, nous vous aiderons \u00e0 trouver votre confort de sommeil optimal.<\/p>\t\n\t\t\t<a href=\"https:\/\/sc.digimotions.be\/fr\/contactez-nous\/\" title=\"Click Here\" target=\"_self\" role=\"button\" aria-label=\"Venez nous voir\" rel=\"noopener\">\n\t\t\t\t\t\t\tVenez nous voir\n\t\t<\/a>\n\n","protected":false},"excerpt":{"rendered":"<p>Slaap Concept, bien plus qu&rsquo;un simple magasin de literie La naissance de notre magasin de literie ne s&rsquo;est pas faite du jour au lendemain. Ce qui n&rsquo;\u00e9tait qu&rsquo;une id\u00e9e en 2020 est devenu un tout nouveau concept de magasin au cours de l&rsquo;\u00e9t\u00e9 2021. Contact et heures d&rsquo;ouverture \u00c0 notre sujet Nous sommes Caroline Windels [&hellip;]<\/p>\n","protected":false},"author":1,"featured_media":0,"parent":0,"menu_order":0,"comment_status":"closed","ping_status":"closed","template":"","meta":{"_uag_custom_page_level_css":"","site-sidebar-layout":"no-sidebar","site-content-layout":"page-builder","ast-site-content-layout":"default","site-content-style":"default","site-sidebar-style":"default","ast-global-header-display":"","ast-banner-title-visibility":"","ast-main-header-display":"","ast-hfb-above-header-display":"","ast-hfb-below-header-display":"","ast-hfb-mobile-header-display":"","site-post-title":"disabled","ast-breadcrumbs-content":"","ast-featured-img":"disabled","footer-sml-layout":"","ast-disable-related-posts":"","theme-transparent-header-meta":"default","adv-header-id-meta":"","stick-header-meta":"default","header-above-stick-meta":"","header-main-stick-meta":"","header-below-stick-meta":"","astra-migrate-meta-layouts":"default","ast-page-background-enabled":"default","ast-page-background-meta":{"desktop":{"background-color":"","background-image":"","background-repeat":"repeat","background-position":"center center","background-size":"auto","background-attachment":"scroll","background-type":"","background-media":"","overlay-type":"","overlay-color":"","overlay-opacity":"","overlay-gradient":""},"tablet":{"background-color":"","background-image":"","background-repeat":"repeat","background-position":"center center","background-size":"auto","background-attachment":"scroll","background-type":"","background-media":"","overlay-type":"","overlay-color":"","overlay-opacity":"","overlay-gradient":""},"mobile":{"background-color":"","background-image":"","background-repeat":"repeat","background-position":"center center","background-size":"auto","background-attachment":"scroll","background-type":"","background-media":"","overlay-type":"","overlay-color":"","overlay-opacity":"","overlay-gradient":""}},"ast-content-background-meta":{"desktop":{"background-color":"var(--ast-global-color-5)","background-image":"","background-repeat":"repeat","background-position":"center center","background-size":"auto","background-attachment":"scroll","background-type":"","background-media":"","overlay-type":"","overlay-color":"","overlay-opacity":"","overlay-gradient":""},"tablet":{"background-color":"var(--ast-global-color-5)","background-image":"","background-repeat":"repeat","background-position":"center center","background-size":"auto","background-attachment":"scroll","background-type":"","background-media":"","overlay-type":"","overlay-color":"","overlay-opacity":"","overlay-gradient":""},"mobile":{"background-color":"var(--ast-global-color-5)","background-image":"","background-repeat":"repeat","background-position":"center center","background-size":"auto","background-attachment":"scroll","background-type":"","background-media":"","overlay-type":"","overlay-color":"","overlay-opacity":"","overlay-gradient":""}},"footnotes":""},"class_list":["post-2254","page","type-page","status-publish","hentry"],"yoast_head":"<!-- This site is optimized with the Yoast SEO plugin v27.4 - https:\/\/yoast.com\/product\/yoast-seo-wordpress\/ -->\n<title>Slaap Concept \u00e0 Ninove, bien plus qu&#039;un magasin de literie<\/title>\n<meta name=\"description\" content=\"Dans notre agr\u00e9able magasin de literie \u00e0 Ninove, nous nous concentrons sur l&#039;essence du sommeil: vous offrir de bonnes et in\u00e9galables nuits de sommeil. Cliquez vite ici pour continuer.\" \/>\n<meta name=\"robots\" content=\"index, follow, max-snippet:-1, max-image-preview:large, max-video-preview:-1\" \/>\n<link rel=\"canonical\" href=\"https:\/\/sc.digimotions.be\/fr\/magasin-de-literie\/\" \/>\n<meta property=\"og:locale\" content=\"fr_FR\" \/>\n<meta property=\"og:type\" content=\"article\" \/>\n<meta property=\"og:title\" content=\"Slaap Concept \u00e0 Ninove, bien plus qu&#039;un magasin de literie\" \/>\n<meta property=\"og:description\" content=\"Dans notre agr\u00e9able magasin de literie \u00e0 Ninove, nous nous concentrons sur l&#039;essence du sommeil: vous offrir de bonnes et in\u00e9galables nuits de sommeil. Cliquez vite ici pour continuer.\" \/>\n<meta property=\"og:url\" content=\"https:\/\/sc.digimotions.be\/fr\/magasin-de-literie\/\" \/>\n<meta property=\"og:site_name\" content=\"Slaap Concept\" \/>\n<meta property=\"article:modified_time\" content=\"2024-10-15T07:51:05+00:00\" \/>\n<meta property=\"og:image\" content=\"https:\/\/sc.digimotions.be\/wp-content\/uploads\/2021\/07\/SlaapConcept_deel2-2-1.jpg\" \/>\n<meta name=\"twitter:card\" content=\"summary_large_image\" \/>\n<meta name=\"twitter:label1\" content=\"Dur\u00e9e de lecture estim\u00e9e\" \/>\n\t<meta name=\"twitter:data1\" content=\"3 minutes\" \/>\n<script type=\"application\/ld+json\" class=\"yoast-schema-graph\">{\"@context\":\"https:\\\/\\\/schema.org\",\"@graph\":[{\"@type\":\"WebPage\",\"@id\":\"https:\\\/\\\/sc.digimotions.be\\\/fr\\\/magasin-de-literie\\\/\",\"url\":\"https:\\\/\\\/sc.digimotions.be\\\/fr\\\/magasin-de-literie\\\/\",\"name\":\"Slaap Concept \u00e0 Ninove, bien plus qu'un magasin de literie\",\"isPartOf\":{\"@id\":\"https:\\\/\\\/sc.digimotions.be\\\/fr\\\/#website\"},\"primaryImageOfPage\":{\"@id\":\"https:\\\/\\\/sc.digimotions.be\\\/fr\\\/magasin-de-literie\\\/#primaryimage\"},\"image\":{\"@id\":\"https:\\\/\\\/sc.digimotions.be\\\/fr\\\/magasin-de-literie\\\/#primaryimage\"},\"thumbnailUrl\":\"https:\\\/\\\/sc.digimotions.be\\\/wp-content\\\/uploads\\\/2021\\\/07\\\/SlaapConcept_deel2-2-1.jpg\",\"datePublished\":\"2021-07-01T09:20:28+00:00\",\"dateModified\":\"2024-10-15T07:51:05+00:00\",\"description\":\"Dans notre agr\u00e9able magasin de literie \u00e0 Ninove, nous nous concentrons sur l'essence du sommeil: vous offrir de bonnes et in\u00e9galables nuits de sommeil. Cliquez vite ici pour continuer.\",\"breadcrumb\":{\"@id\":\"https:\\\/\\\/sc.digimotions.be\\\/fr\\\/magasin-de-literie\\\/#breadcrumb\"},\"inLanguage\":\"fr-FR\",\"potentialAction\":[{\"@type\":\"ReadAction\",\"target\":[\"https:\\\/\\\/sc.digimotions.be\\\/fr\\\/magasin-de-literie\\\/\"]}]},{\"@type\":\"ImageObject\",\"inLanguage\":\"fr-FR\",\"@id\":\"https:\\\/\\\/sc.digimotions.be\\\/fr\\\/magasin-de-literie\\\/#primaryimage\",\"url\":\"https:\\\/\\\/sc.digimotions.be\\\/wp-content\\\/uploads\\\/2021\\\/07\\\/SlaapConcept_deel2-2-1.jpg\",\"contentUrl\":\"https:\\\/\\\/sc.digimotions.be\\\/wp-content\\\/uploads\\\/2021\\\/07\\\/SlaapConcept_deel2-2-1.jpg\"},{\"@type\":\"BreadcrumbList\",\"@id\":\"https:\\\/\\\/sc.digimotions.be\\\/fr\\\/magasin-de-literie\\\/#breadcrumb\",\"itemListElement\":[{\"@type\":\"ListItem\",\"position\":1,\"name\":\"Home\",\"item\":\"https:\\\/\\\/sc.digimotions.be\\\/fr\\\/\"},{\"@type\":\"ListItem\",\"position\":2,\"name\":\"Magasin de literie\"}]},{\"@type\":\"WebSite\",\"@id\":\"https:\\\/\\\/sc.digimotions.be\\\/fr\\\/#website\",\"url\":\"https:\\\/\\\/sc.digimotions.be\\\/fr\\\/\",\"name\":\"Slaap Concept\",\"description\":\"Jouw ultieme slaapervaring vind je bij Slaap Concept\",\"publisher\":{\"@id\":\"https:\\\/\\\/sc.digimotions.be\\\/fr\\\/#organization\"},\"potentialAction\":[{\"@type\":\"SearchAction\",\"target\":{\"@type\":\"EntryPoint\",\"urlTemplate\":\"https:\\\/\\\/sc.digimotions.be\\\/fr\\\/?s={search_term_string}\"},\"query-input\":{\"@type\":\"PropertyValueSpecification\",\"valueRequired\":true,\"valueName\":\"search_term_string\"}}],\"inLanguage\":\"fr-FR\"},{\"@type\":\"Organization\",\"@id\":\"https:\\\/\\\/sc.digimotions.be\\\/fr\\\/#organization\",\"name\":\"Slaap Concept\",\"url\":\"https:\\\/\\\/sc.digimotions.be\\\/fr\\\/\",\"logo\":{\"@type\":\"ImageObject\",\"inLanguage\":\"fr-FR\",\"@id\":\"https:\\\/\\\/sc.digimotions.be\\\/fr\\\/#\\\/schema\\\/logo\\\/image\\\/\",\"url\":\"https:\\\/\\\/sc.digimotions.be\\\/wp-content\\\/uploads\\\/2021\\\/04\\\/logo.png\",\"contentUrl\":\"https:\\\/\\\/sc.digimotions.be\\\/wp-content\\\/uploads\\\/2021\\\/04\\\/logo.png\",\"width\":645,\"height\":241,\"caption\":\"Slaap Concept\"},\"image\":{\"@id\":\"https:\\\/\\\/sc.digimotions.be\\\/fr\\\/#\\\/schema\\\/logo\\\/image\\\/\"}}]}<\/script>\n<!-- \/ Yoast SEO plugin. -->","yoast_head_json":{"title":"Slaap Concept \u00e0 Ninove, bien plus qu'un magasin de literie","description":"Dans notre agr\u00e9able magasin de literie \u00e0 Ninove, nous nous concentrons sur l'essence du sommeil: vous offrir de bonnes et in\u00e9galables nuits de sommeil. Cliquez vite ici pour continuer.","robots":{"index":"index","follow":"follow","max-snippet":"max-snippet:-1","max-image-preview":"max-image-preview:large","max-video-preview":"max-video-preview:-1"},"canonical":"https:\/\/sc.digimotions.be\/fr\/magasin-de-literie\/","og_locale":"fr_FR","og_type":"article","og_title":"Slaap Concept \u00e0 Ninove, bien plus qu'un magasin de literie","og_description":"Dans notre agr\u00e9able magasin de literie \u00e0 Ninove, nous nous concentrons sur l'essence du sommeil: vous offrir de bonnes et in\u00e9galables nuits de sommeil. Cliquez vite ici pour continuer.","og_url":"https:\/\/sc.digimotions.be\/fr\/magasin-de-literie\/","og_site_name":"Slaap Concept","article_modified_time":"2024-10-15T07:51:05+00:00","og_image":[{"url":"https:\/\/sc.digimotions.be\/wp-content\/uploads\/2021\/07\/SlaapConcept_deel2-2-1.jpg","type":"","width":"","height":""}],"twitter_card":"summary_large_image","twitter_misc":{"Dur\u00e9e de lecture estim\u00e9e":"3 minutes"},"schema":{"@context":"https:\/\/schema.org","@graph":[{"@type":"WebPage","@id":"https:\/\/sc.digimotions.be\/fr\/magasin-de-literie\/","url":"https:\/\/sc.digimotions.be\/fr\/magasin-de-literie\/","name":"Slaap Concept \u00e0 Ninove, bien plus qu'un magasin de literie","isPartOf":{"@id":"https:\/\/sc.digimotions.be\/fr\/#website"},"primaryImageOfPage":{"@id":"https:\/\/sc.digimotions.be\/fr\/magasin-de-literie\/#primaryimage"},"image":{"@id":"https:\/\/sc.digimotions.be\/fr\/magasin-de-literie\/#primaryimage"},"thumbnailUrl":"https:\/\/sc.digimotions.be\/wp-content\/uploads\/2021\/07\/SlaapConcept_deel2-2-1.jpg","datePublished":"2021-07-01T09:20:28+00:00","dateModified":"2024-10-15T07:51:05+00:00","description":"Dans notre agr\u00e9able magasin de literie \u00e0 Ninove, nous nous concentrons sur l'essence du sommeil: vous offrir de bonnes et in\u00e9galables nuits de sommeil. Cliquez vite ici pour continuer.","breadcrumb":{"@id":"https:\/\/sc.digimotions.be\/fr\/magasin-de-literie\/#breadcrumb"},"inLanguage":"fr-FR","potentialAction":[{"@type":"ReadAction","target":["https:\/\/sc.digimotions.be\/fr\/magasin-de-literie\/"]}]},{"@type":"ImageObject","inLanguage":"fr-FR","@id":"https:\/\/sc.digimotions.be\/fr\/magasin-de-literie\/#primaryimage","url":"https:\/\/sc.digimotions.be\/wp-content\/uploads\/2021\/07\/SlaapConcept_deel2-2-1.jpg","contentUrl":"https:\/\/sc.digimotions.be\/wp-content\/uploads\/2021\/07\/SlaapConcept_deel2-2-1.jpg"},{"@type":"BreadcrumbList","@id":"https:\/\/sc.digimotions.be\/fr\/magasin-de-literie\/#breadcrumb","itemListElement":[{"@type":"ListItem","position":1,"name":"Home","item":"https:\/\/sc.digimotions.be\/fr\/"},{"@type":"ListItem","position":2,"name":"Magasin de literie"}]},{"@type":"WebSite","@id":"https:\/\/sc.digimotions.be\/fr\/#website","url":"https:\/\/sc.digimotions.be\/fr\/","name":"Slaap Concept","description":"Jouw ultieme slaapervaring vind je bij Slaap Concept","publisher":{"@id":"https:\/\/sc.digimotions.be\/fr\/#organization"},"potentialAction":[{"@type":"SearchAction","target":{"@type":"EntryPoint","urlTemplate":"https:\/\/sc.digimotions.be\/fr\/?s={search_term_string}"},"query-input":{"@type":"PropertyValueSpecification","valueRequired":true,"valueName":"search_term_string"}}],"inLanguage":"fr-FR"},{"@type":"Organization","@id":"https:\/\/sc.digimotions.be\/fr\/#organization","name":"Slaap Concept","url":"https:\/\/sc.digimotions.be\/fr\/","logo":{"@type":"ImageObject","inLanguage":"fr-FR","@id":"https:\/\/sc.digimotions.be\/fr\/#\/schema\/logo\/image\/","url":"https:\/\/sc.digimotions.be\/wp-content\/uploads\/2021\/04\/logo.png","contentUrl":"https:\/\/sc.digimotions.be\/wp-content\/uploads\/2021\/04\/logo.png","width":645,"height":241,"caption":"Slaap Concept"},"image":{"@id":"https:\/\/sc.digimotions.be\/fr\/#\/schema\/logo\/image\/"}}]}},"uagb_featured_image_src":{"full":false,"thumbnail":false,"medium":false,"medium_large":false,"large":false,"1536x1536":false,"2048x2048":false,"gform-image-choice-sm":false,"gform-image-choice-md":false,"gform-image-choice-lg":false,"woocommerce_thumbnail":false,"woocommerce_single":false,"woocommerce_gallery_thumbnail":false},"uagb_author_info":{"display_name":"admin","author_link":"https:\/\/sc.digimotions.be\/fr\/author\/admin\/"},"uagb_comment_info":0,"uagb_excerpt":"Slaap Concept, bien plus qu&rsquo;un simple magasin de literie La naissance de notre magasin de literie ne s&rsquo;est pas faite du jour au lendemain. Ce qui n&rsquo;\u00e9tait qu&rsquo;une id\u00e9e en 2020 est devenu un tout nouveau concept de magasin au cours de l&rsquo;\u00e9t\u00e9 2021. Contact et heures d&rsquo;ouverture \u00c0 notre sujet Nous sommes Caroline Windels\u2026","_links":{"self":[{"href":"https:\/\/sc.digimotions.be\/fr\/wp-json\/wp\/v2\/pages\/2254","targetHints":{"allow":["GET"]}}],"collection":[{"href":"https:\/\/sc.digimotions.be\/fr\/wp-json\/wp\/v2\/pages"}],"about":[{"href":"https:\/\/sc.digimotions.be\/fr\/wp-json\/wp\/v2\/types\/page"}],"author":[{"embeddable":true,"href":"https:\/\/sc.digimotions.be\/fr\/wp-json\/wp\/v2\/users\/1"}],"replies":[{"embeddable":true,"href":"https:\/\/sc.digimotions.be\/fr\/wp-json\/wp\/v2\/comments?post=2254"}],"version-history":[{"count":11,"href":"https:\/\/sc.digimotions.be\/fr\/wp-json\/wp\/v2\/pages\/2254\/revisions"}],"predecessor-version":[{"id":6096,"href":"https:\/\/sc.digimotions.be\/fr\/wp-json\/wp\/v2\/pages\/2254\/revisions\/6096"}],"wp:attachment":[{"href":"https:\/\/sc.digimotions.be\/fr\/wp-json\/wp\/v2\/media?parent=2254"}],"curies":[{"name":"wp","href":"https:\/\/api.w.org\/{rel}","templated":true}]}}