{"id":2234,"date":"2021-07-01T08:57:57","date_gmt":"2021-07-01T08:57:57","guid":{"rendered":"https:\/\/sc.digimotions.be\/marques\/"},"modified":"2024-08-08T12:45:29","modified_gmt":"2024-08-08T12:45:29","slug":"marques","status":"publish","type":"page","link":"https:\/\/sc.digimotions.be\/fr\/marques\/","title":{"rendered":"Marques"},"content":{"rendered":"\n\n\t<h1>\n\t\t\t\tDormir en toute s\u00e9r\u00e9nit\u00e9 avec nos marques belges\n\t\t\t<\/h1>\n\t\t\t<p>Notre mission : cr\u00e9er votre exp\u00e9rience de sommeil ultime. Chez Slaap Concept, nous nous concentrons donc sur l&rsquo;essence du sommeil. Concr\u00e8tement, cela signifie que nous voulons vous offrir de bonnes et in\u00e9galables nuits de sommeil. <\/p>\t\n\t\t\t<a href=\"https:\/\/sc.digimotions.be\/fr\/contactez-nous\/\" target=\"_self\" role=\"button\" aria-label=\"Contact et heures d&#039;ouverture\" rel=\"noopener\">\n\t\t\t\t\t\t\tContact et heures d&rsquo;ouverture\n\t\t<\/a>\n\t<h2>\n\t\t\t\tDe bonnes nuits de sommeil ininterrompues\n\t\t\t<\/h2>\n\t<p>Comment faisons-nous pour vous offrir cela ? En recherchant avec vous le syst\u00e8me de couchage qui r\u00e9pond le mieux \u00e0 vos besoins individuels.<\/p>\n<p>Nous optons donc volontairement pour des marques d&rsquo;origine belge. Vous avez ainsi le choix parmi une gamme qualitative de lits et sommiers \u00e0 lattes, boxsprings, matelas, oreillers et linge de lit.<\/p>\n<p>Vous aimeriez en savoir plus sur l&rsquo;une de nos marques ? Cliquez ci-dessous sur le logo !<\/p>\n\t<h2>\n\t\t\t\tLITS ET MATELAS\n\t\t\t<\/h2>\n\t<h2>\n\t\t\t\tOREILLERS ET LINGE DE LIT\n\t\t\t<\/h2>\n\t<h2>\n\t\t\t\tD\u00e9coration int\u00e9rieure\n\t\t\t<\/h2>\n\t\t\t\t<a href=\"http:\/\/menza.be\/\" target=\"_blank\" rel=\"noopener\" itemprop=\"url\">\n\t\t\t\t<img loading=\"lazy\" decoding=\"async\" src=\"https:\/\/sc.digimotions.be\/wp-content\/uploads\/2022\/11\/Logo-Menza.png\" alt=\"Logo-Menza\" itemprop=\"image\" height=\"1030\" width=\"1542\" title=\"Logo-Menza\" onerror=\"this.style.display='none'\"  \/>\n\t\t\t\t<\/a>\n\t<h3>\n\t\t\t\tVous voulez vous r\u00e9veiller chaque jour en vous sentant bien repos\u00e9 ?\n\t\t\t<\/h3>\n\t\t\t<p>Alors, venez nous rendre une petite visite. Dans une atmosph\u00e8re d\u00e9tendue et conviviale, nous vous aiderons \u00e0 trouver votre confort de sommeil optimal.<\/p>\t\n\t\t\t<a href=\"https:\/\/sc.digimotions.be\/fr\/contactez-nous\/\" target=\"_self\" role=\"button\" aria-label=\"Venez nous voir\" rel=\"noopener\">\n\t\t\t\t\t\t\tVenez nous voir\n\t\t<\/a>\n\n","protected":false},"excerpt":{"rendered":"<p>Dormir en toute s\u00e9r\u00e9nit\u00e9 avec nos marques belges Notre mission : cr\u00e9er votre exp\u00e9rience de sommeil ultime. Chez Slaap Concept, nous nous concentrons donc sur l&rsquo;essence du sommeil. Concr\u00e8tement, cela signifie que nous voulons vous offrir de bonnes et in\u00e9galables nuits de sommeil. Contact et heures d&rsquo;ouverture De bonnes nuits de sommeil ininterrompues Comment faisons-nous [&hellip;]<\/p>\n","protected":false},"author":1,"featured_media":0,"parent":0,"menu_order":0,"comment_status":"closed","ping_status":"closed","template":"","meta":{"_uag_custom_page_level_css":"","site-sidebar-layout":"no-sidebar","site-content-layout":"page-builder","ast-site-content-layout":"default","site-content-style":"default","site-sidebar-style":"default","ast-global-header-display":"","ast-banner-title-visibility":"","ast-main-header-display":"","ast-hfb-above-header-display":"","ast-hfb-below-header-display":"","ast-hfb-mobile-header-display":"","site-post-title":"disabled","ast-breadcrumbs-content":"","ast-featured-img":"disabled","footer-sml-layout":"","ast-disable-related-posts":"","theme-transparent-header-meta":"default","adv-header-id-meta":"","stick-header-meta":"default","header-above-stick-meta":"","header-main-stick-meta":"","header-below-stick-meta":"","astra-migrate-meta-layouts":"default","ast-page-background-enabled":"default","ast-page-background-meta":{"desktop":{"background-color":"","background-image":"","background-repeat":"repeat","background-position":"center center","background-size":"auto","background-attachment":"scroll","background-type":"","background-media":"","overlay-type":"","overlay-color":"","overlay-opacity":"","overlay-gradient":""},"tablet":{"background-color":"","background-image":"","background-repeat":"repeat","background-position":"center center","background-size":"auto","background-attachment":"scroll","background-type":"","background-media":"","overlay-type":"","overlay-color":"","overlay-opacity":"","overlay-gradient":""},"mobile":{"background-color":"","background-image":"","background-repeat":"repeat","background-position":"center center","background-size":"auto","background-attachment":"scroll","background-type":"","background-media":"","overlay-type":"","overlay-color":"","overlay-opacity":"","overlay-gradient":""}},"ast-content-background-meta":{"desktop":{"background-color":"var(--ast-global-color-5)","background-image":"","background-repeat":"repeat","background-position":"center center","background-size":"auto","background-attachment":"scroll","background-type":"","background-media":"","overlay-type":"","overlay-color":"","overlay-opacity":"","overlay-gradient":""},"tablet":{"background-color":"var(--ast-global-color-5)","background-image":"","background-repeat":"repeat","background-position":"center center","background-size":"auto","background-attachment":"scroll","background-type":"","background-media":"","overlay-type":"","overlay-color":"","overlay-opacity":"","overlay-gradient":""},"mobile":{"background-color":"var(--ast-global-color-5)","background-image":"","background-repeat":"repeat","background-position":"center center","background-size":"auto","background-attachment":"scroll","background-type":"","background-media":"","overlay-type":"","overlay-color":"","overlay-opacity":"","overlay-gradient":""}},"footnotes":""},"class_list":["post-2234","page","type-page","status-publish","hentry"],"yoast_head":"<!-- This site is optimized with the Yoast SEO plugin v27.4 - https:\/\/yoast.com\/product\/yoast-seo-wordpress\/ -->\n<title>Dormir en toute s\u00e9r\u00e9nit\u00e9 avec nos marques belges | Slaap Concept \u00e0 Ninove<\/title>\n<meta name=\"description\" content=\"Votre exp\u00e9rience de sommeil ultime devient r\u00e9alit\u00e9 gr\u00e2ce \u00e0 nos marques belges (Magnitude, Equilli, Recor Bedding). Cliquez vite ici pour plus d&#039;informations.\" \/>\n<meta name=\"robots\" content=\"index, follow, max-snippet:-1, max-image-preview:large, max-video-preview:-1\" \/>\n<link rel=\"canonical\" href=\"https:\/\/sc.digimotions.be\/fr\/marques\/\" \/>\n<meta property=\"og:locale\" content=\"fr_FR\" \/>\n<meta property=\"og:type\" content=\"article\" \/>\n<meta property=\"og:title\" content=\"Dormir en toute s\u00e9r\u00e9nit\u00e9 avec nos marques belges | Slaap Concept \u00e0 Ninove\" \/>\n<meta property=\"og:description\" content=\"Votre exp\u00e9rience de sommeil ultime devient r\u00e9alit\u00e9 gr\u00e2ce \u00e0 nos marques belges (Magnitude, Equilli, Recor Bedding). Cliquez vite ici pour plus d&#039;informations.\" \/>\n<meta property=\"og:url\" content=\"https:\/\/sc.digimotions.be\/fr\/marques\/\" \/>\n<meta property=\"og:site_name\" content=\"Slaap Concept\" \/>\n<meta property=\"article:modified_time\" content=\"2024-08-08T12:45:29+00:00\" \/>\n<meta property=\"og:image\" content=\"https:\/\/sc.digimotions.be\/wp-content\/uploads\/2022\/11\/Logo-Menza.png\" \/>\n<meta name=\"twitter:card\" content=\"summary_large_image\" \/>\n<meta name=\"twitter:label1\" content=\"Dur\u00e9e de lecture estim\u00e9e\" \/>\n\t<meta name=\"twitter:data1\" content=\"1 minute\" \/>\n<script type=\"application\/ld+json\" class=\"yoast-schema-graph\">{\"@context\":\"https:\\\/\\\/schema.org\",\"@graph\":[{\"@type\":\"WebPage\",\"@id\":\"https:\\\/\\\/sc.digimotions.be\\\/fr\\\/marques\\\/\",\"url\":\"https:\\\/\\\/sc.digimotions.be\\\/fr\\\/marques\\\/\",\"name\":\"Dormir en toute s\u00e9r\u00e9nit\u00e9 avec nos marques belges | Slaap Concept \u00e0 Ninove\",\"isPartOf\":{\"@id\":\"https:\\\/\\\/sc.digimotions.be\\\/fr\\\/#website\"},\"primaryImageOfPage\":{\"@id\":\"https:\\\/\\\/sc.digimotions.be\\\/fr\\\/marques\\\/#primaryimage\"},\"image\":{\"@id\":\"https:\\\/\\\/sc.digimotions.be\\\/fr\\\/marques\\\/#primaryimage\"},\"thumbnailUrl\":\"https:\\\/\\\/sc.digimotions.be\\\/wp-content\\\/uploads\\\/2022\\\/11\\\/Logo-Menza.png\",\"datePublished\":\"2021-07-01T08:57:57+00:00\",\"dateModified\":\"2024-08-08T12:45:29+00:00\",\"description\":\"Votre exp\u00e9rience de sommeil ultime devient r\u00e9alit\u00e9 gr\u00e2ce \u00e0 nos marques belges (Magnitude, Equilli, Recor Bedding). Cliquez vite ici pour plus d'informations.\",\"breadcrumb\":{\"@id\":\"https:\\\/\\\/sc.digimotions.be\\\/fr\\\/marques\\\/#breadcrumb\"},\"inLanguage\":\"fr-FR\",\"potentialAction\":[{\"@type\":\"ReadAction\",\"target\":[\"https:\\\/\\\/sc.digimotions.be\\\/fr\\\/marques\\\/\"]}]},{\"@type\":\"ImageObject\",\"inLanguage\":\"fr-FR\",\"@id\":\"https:\\\/\\\/sc.digimotions.be\\\/fr\\\/marques\\\/#primaryimage\",\"url\":\"https:\\\/\\\/sc.digimotions.be\\\/wp-content\\\/uploads\\\/2022\\\/11\\\/Logo-Menza.png\",\"contentUrl\":\"https:\\\/\\\/sc.digimotions.be\\\/wp-content\\\/uploads\\\/2022\\\/11\\\/Logo-Menza.png\"},{\"@type\":\"BreadcrumbList\",\"@id\":\"https:\\\/\\\/sc.digimotions.be\\\/fr\\\/marques\\\/#breadcrumb\",\"itemListElement\":[{\"@type\":\"ListItem\",\"position\":1,\"name\":\"Home\",\"item\":\"https:\\\/\\\/sc.digimotions.be\\\/fr\\\/\"},{\"@type\":\"ListItem\",\"position\":2,\"name\":\"Marques\"}]},{\"@type\":\"WebSite\",\"@id\":\"https:\\\/\\\/sc.digimotions.be\\\/fr\\\/#website\",\"url\":\"https:\\\/\\\/sc.digimotions.be\\\/fr\\\/\",\"name\":\"Slaap Concept\",\"description\":\"Jouw ultieme slaapervaring vind je bij Slaap Concept\",\"publisher\":{\"@id\":\"https:\\\/\\\/sc.digimotions.be\\\/fr\\\/#organization\"},\"potentialAction\":[{\"@type\":\"SearchAction\",\"target\":{\"@type\":\"EntryPoint\",\"urlTemplate\":\"https:\\\/\\\/sc.digimotions.be\\\/fr\\\/?s={search_term_string}\"},\"query-input\":{\"@type\":\"PropertyValueSpecification\",\"valueRequired\":true,\"valueName\":\"search_term_string\"}}],\"inLanguage\":\"fr-FR\"},{\"@type\":\"Organization\",\"@id\":\"https:\\\/\\\/sc.digimotions.be\\\/fr\\\/#organization\",\"name\":\"Slaap Concept\",\"url\":\"https:\\\/\\\/sc.digimotions.be\\\/fr\\\/\",\"logo\":{\"@type\":\"ImageObject\",\"inLanguage\":\"fr-FR\",\"@id\":\"https:\\\/\\\/sc.digimotions.be\\\/fr\\\/#\\\/schema\\\/logo\\\/image\\\/\",\"url\":\"https:\\\/\\\/sc.digimotions.be\\\/wp-content\\\/uploads\\\/2021\\\/04\\\/logo.png\",\"contentUrl\":\"https:\\\/\\\/sc.digimotions.be\\\/wp-content\\\/uploads\\\/2021\\\/04\\\/logo.png\",\"width\":645,\"height\":241,\"caption\":\"Slaap Concept\"},\"image\":{\"@id\":\"https:\\\/\\\/sc.digimotions.be\\\/fr\\\/#\\\/schema\\\/logo\\\/image\\\/\"}}]}<\/script>\n<!-- \/ Yoast SEO plugin. -->","yoast_head_json":{"title":"Dormir en toute s\u00e9r\u00e9nit\u00e9 avec nos marques belges | Slaap Concept \u00e0 Ninove","description":"Votre exp\u00e9rience de sommeil ultime devient r\u00e9alit\u00e9 gr\u00e2ce \u00e0 nos marques belges (Magnitude, Equilli, Recor Bedding). Cliquez vite ici pour plus d'informations.","robots":{"index":"index","follow":"follow","max-snippet":"max-snippet:-1","max-image-preview":"max-image-preview:large","max-video-preview":"max-video-preview:-1"},"canonical":"https:\/\/sc.digimotions.be\/fr\/marques\/","og_locale":"fr_FR","og_type":"article","og_title":"Dormir en toute s\u00e9r\u00e9nit\u00e9 avec nos marques belges | Slaap Concept \u00e0 Ninove","og_description":"Votre exp\u00e9rience de sommeil ultime devient r\u00e9alit\u00e9 gr\u00e2ce \u00e0 nos marques belges (Magnitude, Equilli, Recor Bedding). Cliquez vite ici pour plus d'informations.","og_url":"https:\/\/sc.digimotions.be\/fr\/marques\/","og_site_name":"Slaap Concept","article_modified_time":"2024-08-08T12:45:29+00:00","og_image":[{"url":"https:\/\/sc.digimotions.be\/wp-content\/uploads\/2022\/11\/Logo-Menza.png","type":"","width":"","height":""}],"twitter_card":"summary_large_image","twitter_misc":{"Dur\u00e9e de lecture estim\u00e9e":"1 minute"},"schema":{"@context":"https:\/\/schema.org","@graph":[{"@type":"WebPage","@id":"https:\/\/sc.digimotions.be\/fr\/marques\/","url":"https:\/\/sc.digimotions.be\/fr\/marques\/","name":"Dormir en toute s\u00e9r\u00e9nit\u00e9 avec nos marques belges | Slaap Concept \u00e0 Ninove","isPartOf":{"@id":"https:\/\/sc.digimotions.be\/fr\/#website"},"primaryImageOfPage":{"@id":"https:\/\/sc.digimotions.be\/fr\/marques\/#primaryimage"},"image":{"@id":"https:\/\/sc.digimotions.be\/fr\/marques\/#primaryimage"},"thumbnailUrl":"https:\/\/sc.digimotions.be\/wp-content\/uploads\/2022\/11\/Logo-Menza.png","datePublished":"2021-07-01T08:57:57+00:00","dateModified":"2024-08-08T12:45:29+00:00","description":"Votre exp\u00e9rience de sommeil ultime devient r\u00e9alit\u00e9 gr\u00e2ce \u00e0 nos marques belges (Magnitude, Equilli, Recor Bedding). Cliquez vite ici pour plus d'informations.","breadcrumb":{"@id":"https:\/\/sc.digimotions.be\/fr\/marques\/#breadcrumb"},"inLanguage":"fr-FR","potentialAction":[{"@type":"ReadAction","target":["https:\/\/sc.digimotions.be\/fr\/marques\/"]}]},{"@type":"ImageObject","inLanguage":"fr-FR","@id":"https:\/\/sc.digimotions.be\/fr\/marques\/#primaryimage","url":"https:\/\/sc.digimotions.be\/wp-content\/uploads\/2022\/11\/Logo-Menza.png","contentUrl":"https:\/\/sc.digimotions.be\/wp-content\/uploads\/2022\/11\/Logo-Menza.png"},{"@type":"BreadcrumbList","@id":"https:\/\/sc.digimotions.be\/fr\/marques\/#breadcrumb","itemListElement":[{"@type":"ListItem","position":1,"name":"Home","item":"https:\/\/sc.digimotions.be\/fr\/"},{"@type":"ListItem","position":2,"name":"Marques"}]},{"@type":"WebSite","@id":"https:\/\/sc.digimotions.be\/fr\/#website","url":"https:\/\/sc.digimotions.be\/fr\/","name":"Slaap Concept","description":"Jouw ultieme slaapervaring vind je bij Slaap Concept","publisher":{"@id":"https:\/\/sc.digimotions.be\/fr\/#organization"},"potentialAction":[{"@type":"SearchAction","target":{"@type":"EntryPoint","urlTemplate":"https:\/\/sc.digimotions.be\/fr\/?s={search_term_string}"},"query-input":{"@type":"PropertyValueSpecification","valueRequired":true,"valueName":"search_term_string"}}],"inLanguage":"fr-FR"},{"@type":"Organization","@id":"https:\/\/sc.digimotions.be\/fr\/#organization","name":"Slaap Concept","url":"https:\/\/sc.digimotions.be\/fr\/","logo":{"@type":"ImageObject","inLanguage":"fr-FR","@id":"https:\/\/sc.digimotions.be\/fr\/#\/schema\/logo\/image\/","url":"https:\/\/sc.digimotions.be\/wp-content\/uploads\/2021\/04\/logo.png","contentUrl":"https:\/\/sc.digimotions.be\/wp-content\/uploads\/2021\/04\/logo.png","width":645,"height":241,"caption":"Slaap Concept"},"image":{"@id":"https:\/\/sc.digimotions.be\/fr\/#\/schema\/logo\/image\/"}}]}},"uagb_featured_image_src":{"full":false,"thumbnail":false,"medium":false,"medium_large":false,"large":false,"1536x1536":false,"2048x2048":false,"gform-image-choice-sm":false,"gform-image-choice-md":false,"gform-image-choice-lg":false,"woocommerce_thumbnail":false,"woocommerce_single":false,"woocommerce_gallery_thumbnail":false},"uagb_author_info":{"display_name":"admin","author_link":"https:\/\/sc.digimotions.be\/fr\/author\/admin\/"},"uagb_comment_info":0,"uagb_excerpt":"Dormir en toute s\u00e9r\u00e9nit\u00e9 avec nos marques belges Notre mission : cr\u00e9er votre exp\u00e9rience de sommeil ultime. Chez Slaap Concept, nous nous concentrons donc sur l&rsquo;essence du sommeil. Concr\u00e8tement, cela signifie que nous voulons vous offrir de bonnes et in\u00e9galables nuits de sommeil. Contact et heures d&rsquo;ouverture De bonnes nuits de sommeil ininterrompues Comment faisons-nous\u2026","_links":{"self":[{"href":"https:\/\/sc.digimotions.be\/fr\/wp-json\/wp\/v2\/pages\/2234","targetHints":{"allow":["GET"]}}],"collection":[{"href":"https:\/\/sc.digimotions.be\/fr\/wp-json\/wp\/v2\/pages"}],"about":[{"href":"https:\/\/sc.digimotions.be\/fr\/wp-json\/wp\/v2\/types\/page"}],"author":[{"embeddable":true,"href":"https:\/\/sc.digimotions.be\/fr\/wp-json\/wp\/v2\/users\/1"}],"replies":[{"embeddable":true,"href":"https:\/\/sc.digimotions.be\/fr\/wp-json\/wp\/v2\/comments?post=2234"}],"version-history":[{"count":13,"href":"https:\/\/sc.digimotions.be\/fr\/wp-json\/wp\/v2\/pages\/2234\/revisions"}],"predecessor-version":[{"id":5942,"href":"https:\/\/sc.digimotions.be\/fr\/wp-json\/wp\/v2\/pages\/2234\/revisions\/5942"}],"wp:attachment":[{"href":"https:\/\/sc.digimotions.be\/fr\/wp-json\/wp\/v2\/media?parent=2234"}],"curies":[{"name":"wp","href":"https:\/\/api.w.org\/{rel}","templated":true}]}}