{"id":2155,"date":"2021-05-14T14:27:39","date_gmt":"2021-05-14T14:27:39","guid":{"rendered":"https:\/\/sc.digimotions.be\/lattenbodems\/"},"modified":"2024-10-15T07:59:52","modified_gmt":"2024-10-15T07:59:52","slug":"sommiers-a-lattes","status":"publish","type":"page","link":"https:\/\/sc.digimotions.be\/fr\/sommiers-a-lattes\/","title":{"rendered":"Sommiers \u00e0 lattes"},"content":{"rendered":"\n\n\t<h1>\n\t\t\t\tDes sommiers \u00e0 lattes pour un \u00e9quilibre de sommeil parfait\n\t\t\t<\/h1>\n\t\t\t<p>Votre sommier actuel doit-il \u00eatre remplac\u00e9 ? Et vous n&rsquo;\u00eates pas tr\u00e8s fan de l&rsquo;aspect d&rsquo;un boxspring ? Dans ce cas, venez d\u00e9couvrir nos diff\u00e9rents sommiers \u00e0 lattes dans notre magasin de literie \u00e0 Ninove. Vous recevrez en prime nos conseils honn\u00eates et individuels en mati\u00e8re du sommeil! <\/p>\t\n\t\t\t<a href=\"https:\/\/sc.digimotions.be\/fr\/contactez-nous\/\" title=\"Click Here\" target=\"_self\" role=\"button\" aria-label=\"Contact et heures d&#039;ouverture\" rel=\"noopener\">\n\t\t\t\t\t\t\tContact et heures d&rsquo;ouverture\n\t\t<\/a>\n\t<h2>\n\t\t\t\tLes sommiers de grande qualit\u00e9 de Recor Bedding\n\t\t\t<\/h2>\n\t<p>Chez Slaap Concept, \u00ab votre exp\u00e9rience de sommeil ultime \u00bb est au centre de nos pr\u00e9occupations. C&rsquo;est exactement pour cela que nous distribuons les sommiers \u00e0 lattes de grande qualit\u00e9 de Recor Bedding. Ces sommiers offrent un soutien parfait au niveau des \u00e9paules, du dos, de la nuque et du bassin. <strong><a href=\"https:\/\/sc.digimotions.be\/fr\/recor-bedding\/\">Lees meer over Recor Bedding.<\/a><\/strong><\/p>\n<h3>Les avantages de nos sommiers \u00e0 lattes<\/h3>\n<p>Quel est leur plus grand avantage pour vous? Gr\u00e2ce \u00e0 la structure \u00e0 lattes compos\u00e9e d&rsquo;\u00e9l\u00e9ments \u00e0 ressorts en 3D, les sommiers de Recor Bedding offrent une r\u00e9partition optimale de la pression, tant sur le plan du soutien que sur celui de la r\u00e9duction de la pression.<\/p>\n<p>De plus, vous pouvez profiter de nombreux autres avantages gr\u00e2ce \u00e0 nos sommiers \u00e0 lattes de haute qualit\u00e9, comme:<\/p>\n<ul>\n<li>une ventilation optimal ;<\/li>\n<li>un niveau \u00e9lev\u00e9 de confort de couchage;<\/li>\n<li>une plus longue dur\u00e9e de vie pour votre matelas.<\/li>\n<\/ul>\n<h3>Totalement personnalis\u00e9<\/h3>\n<p>Afin de r\u00e9pondre \u00e0 vos attentes en tant que client, nous proposons la gamme la plus large possible avec un rapport qualit\u00e9-prix honn\u00eate. Cherchez-vous un sommier pour une ou deux personnes ? Ou un mod\u00e8le adapt\u00e9 \u00e0 votre lit actuel? Allez-vous opter pour un mod\u00e8le \u00e0 r\u00e9glage manuel ou \u00e9lectrique?<\/p>\n<p>Nous discuterons avec vous de toutes les options qui s&rsquo;offrent \u00e0 vous en mati\u00e8re de choix et de personnalisation. En plus du sommier \u00e0 lattes, vous avez \u00e9galement besoin d&rsquo;un nouveau cadre de lit et d&rsquo;un nouveau matelas? Dans ce cas, nous vous proposerons la combinaison la plus id\u00e9ale pour que l&rsquo;ensemble soit tout simplement parfait!<\/p>\n\t\t\t\t<img loading=\"lazy\" decoding=\"async\" src=\"https:\/\/sc.digimotions.be\/wp-content\/uploads\/2021\/06\/Total-Move-Plano.jpg\" alt=\"Total-Move-Plano\" itemprop=\"image\" height=\"998\" width=\"1500\" title=\"Total-Move-Plano\" onerror=\"this.style.display='none'\"  \/>\n\t<h2>\n\t\t\t\tUn \u00e9quilibre de sommeil parfait pour une exp\u00e9rience de sommeil ultime\n\t\t\t<\/h2>\n\t<p>Avec un sommier \u00e0 lattes Recor Bedding, nous vous garantissons un \u00e9quilibre de sommeil parfait. Votre corps est soutenu de mani\u00e8re optimale pendant votre sommeil et vous en r\u00e9coltez les fruits pendant la journ\u00e9e. Vous aimeriez savoir si nous avons la combinaison id\u00e9ale pour vous? N&rsquo;h\u00e9sitez pas \u00e0 venir nous voir dans notre magasin \u00e0 Ninove, essayez nos sommiers \u00e0 lattes en toute tranquillit\u00e9 et faites confiance \u00e0 nos conseils.<\/p>\n\t\t\t<a href=\"https:\/\/sc.digimotions.be\/fr\/contactez-nous\/\" title=\"Click Here\" target=\"_self\" role=\"button\" aria-label=\"Contact et heures d&#039;ouverture\" rel=\"noopener\">\n\t\t\t\t\t\t\tContact et heures d&rsquo;ouverture\n\t\t<\/a>\n\t<h2>\n\t\t\t\tNOS LITS ET SOMMIERS\n\t\t\t<\/h2>\n<style>#jtg-1688 .modula-item .jtg-social a, .lightbox-socials.jtg-social a{ fill: #ffffff; color: #ffffff }#jtg-1688 .modula-item .jtg-social-mobile a{ fill: #ffffff; color: #ffffff }#jtg-1688 .modula-item .jtg-social svg, .lightbox-socials.jtg-social svg { height: 16px; width: 16px }#jtg-1688 .modula-item .jtg-social-mobile svg { height: 16px; width: 16px }#jtg-1688 .modula-item .jtg-social a:not(:last-child), .lightbox-socials.jtg-social a:not(:last-child) { margin-right: 10px }#jtg-1688 .modula-item .jtg-social-mobile .jtg-social-mobile-icons a:not(:last-child){ margin-right: 10px }#jtg-1688 .modula-item .figc {color:#ffffff;}#jtg-1688 .modula-item .modula-item-content { transform: scale(1) }#jtg-1688 { width:100%;}#jtg-1688 .modula-items{height:600px;}@media screen and (max-width: 992px) {#jtg-1688 .modula-items{height:600px;}}@media screen and (max-width: 768px) {#jtg-1688 .modula-items{height:400px;}}#jtg-1688 .modula-items .figc p.description { font-size:14px; }#jtg-1688 .modula-items .figc p.description { color:#ffffff;}#jtg-1688.modula-gallery .modula-item > a, #jtg-1688.modula-gallery .modula-item, #jtg-1688.modula-gallery .modula-item-content > a:not(.modula-no-follow) { cursor:zoom-in; } #jtg-1688.modula-gallery .modula-item-content .modula-no-follow { cursor: default; } @media screen and (max-width:480px){#jtg-1688 .modula-item .figc .jtg-title {  font-size: 12px; }#jtg-1688 .modula-items .figc p.description { color:#ffffff;font-size:10px; }}#jtg-1688 .modula-items .modula-item:hover img{opacity:1;}<\/style>\n<!-- Gallery Container -->\n\t<!-- Items Container -->\n\t\t\t\t\t<a data-image-id=\"1901\" tabindex=\"0\" rel=\"jtg-1688\" data-caption=\"\" aria-label=\"Open image in lightbox\" role=\"button\"><\/a>\n\t\t<img loading=\"lazy\" decoding=\"async\" data-valign=\"middle\" data-halign=\"center\" alt=\"\" data-full=\"https:\/\/sc.digimotions.be\/wp-content\/uploads\/2021\/06\/Total-Move-Duplo.jpg\" title=\"Total-Move-Duplo\" width=\"1500\" height=\"998\" src=\"https:\/\/sc.digimotions.be\/wp-content\/uploads\/2021\/06\/Total-Move-Duplo.jpg\" data-src=\"https:\/\/sc.digimotions.be\/wp-content\/uploads\/2021\/06\/Total-Move-Duplo.jpg\" data-caption=\"\" srcset=\"https:\/\/sc.digimotions.be\/wp-content\/uploads\/2021\/06\/Total-Move-Duplo.jpg 1500w, https:\/\/sc.digimotions.be\/wp-content\/uploads\/2021\/06\/Total-Move-Duplo-300x200.jpg 300w, https:\/\/sc.digimotions.be\/wp-content\/uploads\/2021\/06\/Total-Move-Duplo-1024x681.jpg 1024w, https:\/\/sc.digimotions.be\/wp-content\/uploads\/2021\/06\/Total-Move-Duplo-768x511.jpg 768w\" sizes=\"auto, (max-width: 1500px) 100vw, 1500px\" \/>\n\t\t\t\t\t<a data-image-id=\"1902\" tabindex=\"0\" rel=\"jtg-1688\" data-caption=\"\" aria-label=\"Open image in lightbox\" role=\"button\"><\/a>\n\t\t<img loading=\"lazy\" decoding=\"async\" data-valign=\"middle\" data-halign=\"center\" alt=\"\" data-full=\"https:\/\/sc.digimotions.be\/wp-content\/uploads\/2021\/06\/Total-Move-Plano-1.jpg\" title=\"Total-Move-Plano\" width=\"1500\" height=\"998\" src=\"https:\/\/sc.digimotions.be\/wp-content\/uploads\/2021\/06\/Total-Move-Plano-1.jpg\" data-src=\"https:\/\/sc.digimotions.be\/wp-content\/uploads\/2021\/06\/Total-Move-Plano-1.jpg\" data-caption=\"\" srcset=\"https:\/\/sc.digimotions.be\/wp-content\/uploads\/2021\/06\/Total-Move-Plano-1.jpg 1500w, https:\/\/sc.digimotions.be\/wp-content\/uploads\/2021\/06\/Total-Move-Plano-1-300x200.jpg 300w, https:\/\/sc.digimotions.be\/wp-content\/uploads\/2021\/06\/Total-Move-Plano-1-1024x681.jpg 1024w, https:\/\/sc.digimotions.be\/wp-content\/uploads\/2021\/06\/Total-Move-Plano-1-768x511.jpg 768w\" sizes=\"auto, (max-width: 1500px) 100vw, 1500px\" \/>\n\t\t\t\t\t<a data-image-id=\"1903\" tabindex=\"0\" rel=\"jtg-1688\" data-caption=\"\" aria-label=\"Open image in lightbox\" role=\"button\"><\/a>\n\t\t<img loading=\"lazy\" decoding=\"async\" data-valign=\"middle\" data-halign=\"center\" alt=\"\" data-full=\"https:\/\/sc.digimotions.be\/wp-content\/uploads\/2021\/06\/Total-Move-Te\u0301le\u0301.jpg\" title=\"Total-Move-Te\u0301le\u0301\" width=\"1500\" height=\"1001\" src=\"https:\/\/sc.digimotions.be\/wp-content\/uploads\/2021\/06\/Total-Move-Te\u0301le\u0301.jpg\" data-src=\"https:\/\/sc.digimotions.be\/wp-content\/uploads\/2021\/06\/Total-Move-Te\u0301le\u0301.jpg\" data-caption=\"\" srcset=\"https:\/\/sc.digimotions.be\/wp-content\/uploads\/2021\/06\/Total-Move-Te\u0301le\u0301.jpg 1500w, https:\/\/sc.digimotions.be\/wp-content\/uploads\/2021\/06\/Total-Move-Te\u0301le\u0301-300x200.jpg 300w, https:\/\/sc.digimotions.be\/wp-content\/uploads\/2021\/06\/Total-Move-Te\u0301le\u0301-1024x683.jpg 1024w, https:\/\/sc.digimotions.be\/wp-content\/uploads\/2021\/06\/Total-Move-Te\u0301le\u0301-768x513.jpg 768w\" sizes=\"auto, (max-width: 1500px) 100vw, 1500px\" \/>\n\t\t\t\t\t<a data-image-id=\"1904\" tabindex=\"0\" rel=\"jtg-1688\" data-caption=\"\" aria-label=\"Open image in lightbox\" role=\"button\"><\/a>\n\t\t<img loading=\"lazy\" decoding=\"async\" data-valign=\"middle\" data-halign=\"center\" alt=\"\" data-full=\"https:\/\/sc.digimotions.be\/wp-content\/uploads\/2021\/06\/Triple-Move-duolectric.jpg\" title=\"Triple-Move-duolectric\" width=\"1500\" height=\"1001\" src=\"https:\/\/sc.digimotions.be\/wp-content\/uploads\/2021\/06\/Triple-Move-duolectric.jpg\" data-src=\"https:\/\/sc.digimotions.be\/wp-content\/uploads\/2021\/06\/Triple-Move-duolectric.jpg\" data-caption=\"\" srcset=\"https:\/\/sc.digimotions.be\/wp-content\/uploads\/2021\/06\/Triple-Move-duolectric.jpg 1500w, https:\/\/sc.digimotions.be\/wp-content\/uploads\/2021\/06\/Triple-Move-duolectric-300x200.jpg 300w, https:\/\/sc.digimotions.be\/wp-content\/uploads\/2021\/06\/Triple-Move-duolectric-1024x683.jpg 1024w, https:\/\/sc.digimotions.be\/wp-content\/uploads\/2021\/06\/Triple-Move-duolectric-768x513.jpg 768w\" sizes=\"auto, (max-width: 1500px) 100vw, 1500px\" \/>\n\t\t\t\t\t<a data-image-id=\"1905\" tabindex=\"0\" rel=\"jtg-1688\" data-caption=\"\" aria-label=\"Open image in lightbox\" role=\"button\"><\/a>\n\t\t<img loading=\"lazy\" decoding=\"async\" data-valign=\"middle\" data-halign=\"center\" alt=\"\" data-full=\"https:\/\/sc.digimotions.be\/wp-content\/uploads\/2021\/06\/Triple-Move-plano.jpg\" title=\"Triple-Move-plano\" width=\"1500\" height=\"1001\" src=\"https:\/\/sc.digimotions.be\/wp-content\/uploads\/2021\/06\/Triple-Move-plano.jpg\" data-src=\"https:\/\/sc.digimotions.be\/wp-content\/uploads\/2021\/06\/Triple-Move-plano.jpg\" data-caption=\"\" srcset=\"https:\/\/sc.digimotions.be\/wp-content\/uploads\/2021\/06\/Triple-Move-plano.jpg 1500w, https:\/\/sc.digimotions.be\/wp-content\/uploads\/2021\/06\/Triple-Move-plano-300x200.jpg 300w, https:\/\/sc.digimotions.be\/wp-content\/uploads\/2021\/06\/Triple-Move-plano-1024x683.jpg 1024w, https:\/\/sc.digimotions.be\/wp-content\/uploads\/2021\/06\/Triple-Move-plano-768x513.jpg 768w\" sizes=\"auto, (max-width: 1500px) 100vw, 1500px\" \/>\n\t<a href=\"https:\/\/sc.digimotions.be\/wp-admin\/post.php?post=1688&#038;action=edit&#038;lang=nl#!modula-general\">Edit gallery<\/a>\n\t<h2>\n\t\t\t\tNos marques\n\t\t\t<\/h2>\n\t\t\t\t<a href=\"https:\/\/sc.digimotions.be\/fr\/matelas-equilli\/\" target=\"_self\" itemprop=\"url\" rel=\"noopener\">\n\t\t\t\t<img decoding=\"async\" src=\"https:\/\/sc.digimotions.be\/wp-content\/uploads\/2021\/04\/equilli.png\" alt=\"equilli\" title=\"equilli\" itemprop=\"image\"  \/>\n\t\t\t\t\t\t<\/a>\n\t\t\t\t<a href=\"https:\/\/sc.digimotions.be\/fr\/recor-bedding\/\" target=\"_self\" itemprop=\"url\" rel=\"noopener\">\n\t\t\t\t<img decoding=\"async\" src=\"https:\/\/sc.digimotions.be\/wp-content\/uploads\/2024\/04\/recor-bedding-logo-nieuw.png\" alt=\"recor-bedding-logo-nieuw\" title=\"recor-bedding-logo-nieuw\" itemprop=\"image\"  \/>\n\t\t\t\t\t\t<\/a>\n\t<h3>\n\t\t\t\tVous voulez vous r\u00e9veiller chaque jour en vous sentant bien repos\u00e9 ?\n\t\t\t<\/h3>\n\t\t\t<p>Alors, venez nous rendre une petite visite. Dans une atmosph\u00e8re d\u00e9tendue et conviviale, nous vous aiderons \u00e0 trouver votre confort de sommeil optimal.<\/p>\t\n\t\t\t<a href=\"https:\/\/sc.digimotions.be\/fr\/contactez-nous\/\" title=\"Click Here\" target=\"_self\" role=\"button\" aria-label=\"Venez nous voir\" rel=\"noopener\">\n\t\t\t\t\t\t\tVenez nous voir\n\t\t<\/a>\n\n","protected":false},"excerpt":{"rendered":"<p>Des sommiers \u00e0 lattes pour un \u00e9quilibre de sommeil parfait Votre sommier actuel doit-il \u00eatre remplac\u00e9 ? Et vous n&rsquo;\u00eates pas tr\u00e8s fan de l&rsquo;aspect d&rsquo;un boxspring ? Dans ce cas, venez d\u00e9couvrir nos diff\u00e9rents sommiers \u00e0 lattes dans notre magasin de literie \u00e0 Ninove. Vous recevrez en prime nos conseils honn\u00eates et individuels en [&hellip;]<\/p>\n","protected":false},"author":1,"featured_media":0,"parent":0,"menu_order":0,"comment_status":"closed","ping_status":"closed","template":"","meta":{"_uag_custom_page_level_css":"","site-sidebar-layout":"no-sidebar","site-content-layout":"page-builder","ast-site-content-layout":"default","site-content-style":"default","site-sidebar-style":"default","ast-global-header-display":"","ast-banner-title-visibility":"","ast-main-header-display":"","ast-hfb-above-header-display":"","ast-hfb-below-header-display":"","ast-hfb-mobile-header-display":"","site-post-title":"disabled","ast-breadcrumbs-content":"","ast-featured-img":"disabled","footer-sml-layout":"","ast-disable-related-posts":"","theme-transparent-header-meta":"default","adv-header-id-meta":"","stick-header-meta":"default","header-above-stick-meta":"","header-main-stick-meta":"","header-below-stick-meta":"","astra-migrate-meta-layouts":"default","ast-page-background-enabled":"default","ast-page-background-meta":{"desktop":{"background-color":"","background-image":"","background-repeat":"repeat","background-position":"center center","background-size":"auto","background-attachment":"scroll","background-type":"","background-media":"","overlay-type":"","overlay-color":"","overlay-opacity":"","overlay-gradient":""},"tablet":{"background-color":"","background-image":"","background-repeat":"repeat","background-position":"center center","background-size":"auto","background-attachment":"scroll","background-type":"","background-media":"","overlay-type":"","overlay-color":"","overlay-opacity":"","overlay-gradient":""},"mobile":{"background-color":"","background-image":"","background-repeat":"repeat","background-position":"center center","background-size":"auto","background-attachment":"scroll","background-type":"","background-media":"","overlay-type":"","overlay-color":"","overlay-opacity":"","overlay-gradient":""}},"ast-content-background-meta":{"desktop":{"background-color":"var(--ast-global-color-5)","background-image":"","background-repeat":"repeat","background-position":"center center","background-size":"auto","background-attachment":"scroll","background-type":"","background-media":"","overlay-type":"","overlay-color":"","overlay-opacity":"","overlay-gradient":""},"tablet":{"background-color":"var(--ast-global-color-5)","background-image":"","background-repeat":"repeat","background-position":"center center","background-size":"auto","background-attachment":"scroll","background-type":"","background-media":"","overlay-type":"","overlay-color":"","overlay-opacity":"","overlay-gradient":""},"mobile":{"background-color":"var(--ast-global-color-5)","background-image":"","background-repeat":"repeat","background-position":"center center","background-size":"auto","background-attachment":"scroll","background-type":"","background-media":"","overlay-type":"","overlay-color":"","overlay-opacity":"","overlay-gradient":""}},"footnotes":""},"class_list":["post-2155","page","type-page","status-publish","hentry"],"yoast_head":"<!-- This site is optimized with the Yoast SEO plugin v27.4 - https:\/\/yoast.com\/product\/yoast-seo-wordpress\/ -->\n<title>Des sommiers \u00e0 lattes pour un \u00e9quilibre de sommeil parfait | Slaap Concept \u00e0 Ninove<\/title>\n<meta name=\"description\" content=\"D\u00e9couvrez nos diff\u00e9rents sommiers \u00e0 lattes dans notre magasin de literie \u00e0 Ninove et offrez \u00e0 votre corps un soutien optimal. Cliquez vite ici pour continuer.\" \/>\n<meta name=\"robots\" content=\"index, follow, max-snippet:-1, max-image-preview:large, max-video-preview:-1\" \/>\n<link rel=\"canonical\" href=\"https:\/\/sc.digimotions.be\/fr\/sommiers-a-lattes\/\" \/>\n<meta property=\"og:locale\" content=\"fr_FR\" \/>\n<meta property=\"og:type\" content=\"article\" \/>\n<meta property=\"og:title\" content=\"Des sommiers \u00e0 lattes pour un \u00e9quilibre de sommeil parfait | Slaap Concept \u00e0 Ninove\" \/>\n<meta property=\"og:description\" content=\"D\u00e9couvrez nos diff\u00e9rents sommiers \u00e0 lattes dans notre magasin de literie \u00e0 Ninove et offrez \u00e0 votre corps un soutien optimal. Cliquez vite ici pour continuer.\" \/>\n<meta property=\"og:url\" content=\"https:\/\/sc.digimotions.be\/fr\/sommiers-a-lattes\/\" \/>\n<meta property=\"og:site_name\" content=\"Slaap Concept\" \/>\n<meta property=\"article:modified_time\" content=\"2024-10-15T07:59:52+00:00\" \/>\n<meta property=\"og:image\" content=\"https:\/\/sc.digimotions.be\/wp-content\/uploads\/2021\/06\/Total-Move-Plano.jpg\" \/>\n<meta name=\"twitter:card\" content=\"summary_large_image\" \/>\n<meta name=\"twitter:label1\" content=\"Dur\u00e9e de lecture estim\u00e9e\" \/>\n\t<meta name=\"twitter:data1\" content=\"5 minutes\" \/>\n<script type=\"application\/ld+json\" class=\"yoast-schema-graph\">{\"@context\":\"https:\\\/\\\/schema.org\",\"@graph\":[{\"@type\":\"WebPage\",\"@id\":\"https:\\\/\\\/sc.digimotions.be\\\/fr\\\/sommiers-a-lattes\\\/\",\"url\":\"https:\\\/\\\/sc.digimotions.be\\\/fr\\\/sommiers-a-lattes\\\/\",\"name\":\"Des sommiers \u00e0 lattes pour un \u00e9quilibre de sommeil parfait | Slaap Concept \u00e0 Ninove\",\"isPartOf\":{\"@id\":\"https:\\\/\\\/sc.digimotions.be\\\/fr\\\/#website\"},\"primaryImageOfPage\":{\"@id\":\"https:\\\/\\\/sc.digimotions.be\\\/fr\\\/sommiers-a-lattes\\\/#primaryimage\"},\"image\":{\"@id\":\"https:\\\/\\\/sc.digimotions.be\\\/fr\\\/sommiers-a-lattes\\\/#primaryimage\"},\"thumbnailUrl\":\"https:\\\/\\\/sc.digimotions.be\\\/wp-content\\\/uploads\\\/2021\\\/06\\\/Total-Move-Plano.jpg\",\"datePublished\":\"2021-05-14T14:27:39+00:00\",\"dateModified\":\"2024-10-15T07:59:52+00:00\",\"description\":\"D\u00e9couvrez nos diff\u00e9rents sommiers \u00e0 lattes dans notre magasin de literie \u00e0 Ninove et offrez \u00e0 votre corps un soutien optimal. Cliquez vite ici pour continuer.\",\"breadcrumb\":{\"@id\":\"https:\\\/\\\/sc.digimotions.be\\\/fr\\\/sommiers-a-lattes\\\/#breadcrumb\"},\"inLanguage\":\"fr-FR\",\"potentialAction\":[{\"@type\":\"ReadAction\",\"target\":[\"https:\\\/\\\/sc.digimotions.be\\\/fr\\\/sommiers-a-lattes\\\/\"]}]},{\"@type\":\"ImageObject\",\"inLanguage\":\"fr-FR\",\"@id\":\"https:\\\/\\\/sc.digimotions.be\\\/fr\\\/sommiers-a-lattes\\\/#primaryimage\",\"url\":\"https:\\\/\\\/sc.digimotions.be\\\/wp-content\\\/uploads\\\/2021\\\/06\\\/Total-Move-Plano.jpg\",\"contentUrl\":\"https:\\\/\\\/sc.digimotions.be\\\/wp-content\\\/uploads\\\/2021\\\/06\\\/Total-Move-Plano.jpg\"},{\"@type\":\"BreadcrumbList\",\"@id\":\"https:\\\/\\\/sc.digimotions.be\\\/fr\\\/sommiers-a-lattes\\\/#breadcrumb\",\"itemListElement\":[{\"@type\":\"ListItem\",\"position\":1,\"name\":\"Home\",\"item\":\"https:\\\/\\\/sc.digimotions.be\\\/fr\\\/\"},{\"@type\":\"ListItem\",\"position\":2,\"name\":\"Sommiers \u00e0 lattes\"}]},{\"@type\":\"WebSite\",\"@id\":\"https:\\\/\\\/sc.digimotions.be\\\/fr\\\/#website\",\"url\":\"https:\\\/\\\/sc.digimotions.be\\\/fr\\\/\",\"name\":\"Slaap Concept\",\"description\":\"Jouw ultieme slaapervaring vind je bij Slaap Concept\",\"publisher\":{\"@id\":\"https:\\\/\\\/sc.digimotions.be\\\/fr\\\/#organization\"},\"potentialAction\":[{\"@type\":\"SearchAction\",\"target\":{\"@type\":\"EntryPoint\",\"urlTemplate\":\"https:\\\/\\\/sc.digimotions.be\\\/fr\\\/?s={search_term_string}\"},\"query-input\":{\"@type\":\"PropertyValueSpecification\",\"valueRequired\":true,\"valueName\":\"search_term_string\"}}],\"inLanguage\":\"fr-FR\"},{\"@type\":\"Organization\",\"@id\":\"https:\\\/\\\/sc.digimotions.be\\\/fr\\\/#organization\",\"name\":\"Slaap Concept\",\"url\":\"https:\\\/\\\/sc.digimotions.be\\\/fr\\\/\",\"logo\":{\"@type\":\"ImageObject\",\"inLanguage\":\"fr-FR\",\"@id\":\"https:\\\/\\\/sc.digimotions.be\\\/fr\\\/#\\\/schema\\\/logo\\\/image\\\/\",\"url\":\"https:\\\/\\\/sc.digimotions.be\\\/wp-content\\\/uploads\\\/2021\\\/04\\\/logo.png\",\"contentUrl\":\"https:\\\/\\\/sc.digimotions.be\\\/wp-content\\\/uploads\\\/2021\\\/04\\\/logo.png\",\"width\":645,\"height\":241,\"caption\":\"Slaap Concept\"},\"image\":{\"@id\":\"https:\\\/\\\/sc.digimotions.be\\\/fr\\\/#\\\/schema\\\/logo\\\/image\\\/\"}}]}<\/script>\n<!-- \/ Yoast SEO plugin. -->","yoast_head_json":{"title":"Des sommiers \u00e0 lattes pour un \u00e9quilibre de sommeil parfait | Slaap Concept \u00e0 Ninove","description":"D\u00e9couvrez nos diff\u00e9rents sommiers \u00e0 lattes dans notre magasin de literie \u00e0 Ninove et offrez \u00e0 votre corps un soutien optimal. Cliquez vite ici pour continuer.","robots":{"index":"index","follow":"follow","max-snippet":"max-snippet:-1","max-image-preview":"max-image-preview:large","max-video-preview":"max-video-preview:-1"},"canonical":"https:\/\/sc.digimotions.be\/fr\/sommiers-a-lattes\/","og_locale":"fr_FR","og_type":"article","og_title":"Des sommiers \u00e0 lattes pour un \u00e9quilibre de sommeil parfait | Slaap Concept \u00e0 Ninove","og_description":"D\u00e9couvrez nos diff\u00e9rents sommiers \u00e0 lattes dans notre magasin de literie \u00e0 Ninove et offrez \u00e0 votre corps un soutien optimal. Cliquez vite ici pour continuer.","og_url":"https:\/\/sc.digimotions.be\/fr\/sommiers-a-lattes\/","og_site_name":"Slaap Concept","article_modified_time":"2024-10-15T07:59:52+00:00","og_image":[{"url":"https:\/\/sc.digimotions.be\/wp-content\/uploads\/2021\/06\/Total-Move-Plano.jpg","type":"","width":"","height":""}],"twitter_card":"summary_large_image","twitter_misc":{"Dur\u00e9e de lecture estim\u00e9e":"5 minutes"},"schema":{"@context":"https:\/\/schema.org","@graph":[{"@type":"WebPage","@id":"https:\/\/sc.digimotions.be\/fr\/sommiers-a-lattes\/","url":"https:\/\/sc.digimotions.be\/fr\/sommiers-a-lattes\/","name":"Des sommiers \u00e0 lattes pour un \u00e9quilibre de sommeil parfait | Slaap Concept \u00e0 Ninove","isPartOf":{"@id":"https:\/\/sc.digimotions.be\/fr\/#website"},"primaryImageOfPage":{"@id":"https:\/\/sc.digimotions.be\/fr\/sommiers-a-lattes\/#primaryimage"},"image":{"@id":"https:\/\/sc.digimotions.be\/fr\/sommiers-a-lattes\/#primaryimage"},"thumbnailUrl":"https:\/\/sc.digimotions.be\/wp-content\/uploads\/2021\/06\/Total-Move-Plano.jpg","datePublished":"2021-05-14T14:27:39+00:00","dateModified":"2024-10-15T07:59:52+00:00","description":"D\u00e9couvrez nos diff\u00e9rents sommiers \u00e0 lattes dans notre magasin de literie \u00e0 Ninove et offrez \u00e0 votre corps un soutien optimal. Cliquez vite ici pour continuer.","breadcrumb":{"@id":"https:\/\/sc.digimotions.be\/fr\/sommiers-a-lattes\/#breadcrumb"},"inLanguage":"fr-FR","potentialAction":[{"@type":"ReadAction","target":["https:\/\/sc.digimotions.be\/fr\/sommiers-a-lattes\/"]}]},{"@type":"ImageObject","inLanguage":"fr-FR","@id":"https:\/\/sc.digimotions.be\/fr\/sommiers-a-lattes\/#primaryimage","url":"https:\/\/sc.digimotions.be\/wp-content\/uploads\/2021\/06\/Total-Move-Plano.jpg","contentUrl":"https:\/\/sc.digimotions.be\/wp-content\/uploads\/2021\/06\/Total-Move-Plano.jpg"},{"@type":"BreadcrumbList","@id":"https:\/\/sc.digimotions.be\/fr\/sommiers-a-lattes\/#breadcrumb","itemListElement":[{"@type":"ListItem","position":1,"name":"Home","item":"https:\/\/sc.digimotions.be\/fr\/"},{"@type":"ListItem","position":2,"name":"Sommiers \u00e0 lattes"}]},{"@type":"WebSite","@id":"https:\/\/sc.digimotions.be\/fr\/#website","url":"https:\/\/sc.digimotions.be\/fr\/","name":"Slaap Concept","description":"Jouw ultieme slaapervaring vind je bij Slaap Concept","publisher":{"@id":"https:\/\/sc.digimotions.be\/fr\/#organization"},"potentialAction":[{"@type":"SearchAction","target":{"@type":"EntryPoint","urlTemplate":"https:\/\/sc.digimotions.be\/fr\/?s={search_term_string}"},"query-input":{"@type":"PropertyValueSpecification","valueRequired":true,"valueName":"search_term_string"}}],"inLanguage":"fr-FR"},{"@type":"Organization","@id":"https:\/\/sc.digimotions.be\/fr\/#organization","name":"Slaap Concept","url":"https:\/\/sc.digimotions.be\/fr\/","logo":{"@type":"ImageObject","inLanguage":"fr-FR","@id":"https:\/\/sc.digimotions.be\/fr\/#\/schema\/logo\/image\/","url":"https:\/\/sc.digimotions.be\/wp-content\/uploads\/2021\/04\/logo.png","contentUrl":"https:\/\/sc.digimotions.be\/wp-content\/uploads\/2021\/04\/logo.png","width":645,"height":241,"caption":"Slaap Concept"},"image":{"@id":"https:\/\/sc.digimotions.be\/fr\/#\/schema\/logo\/image\/"}}]}},"uagb_featured_image_src":{"full":false,"thumbnail":false,"medium":false,"medium_large":false,"large":false,"1536x1536":false,"2048x2048":false,"gform-image-choice-sm":false,"gform-image-choice-md":false,"gform-image-choice-lg":false,"woocommerce_thumbnail":false,"woocommerce_single":false,"woocommerce_gallery_thumbnail":false},"uagb_author_info":{"display_name":"admin","author_link":"https:\/\/sc.digimotions.be\/fr\/author\/admin\/"},"uagb_comment_info":0,"uagb_excerpt":"Des sommiers \u00e0 lattes pour un \u00e9quilibre de sommeil parfait Votre sommier actuel doit-il \u00eatre remplac\u00e9 ? Et vous n&rsquo;\u00eates pas tr\u00e8s fan de l&rsquo;aspect d&rsquo;un boxspring ? Dans ce cas, venez d\u00e9couvrir nos diff\u00e9rents sommiers \u00e0 lattes dans notre magasin de literie \u00e0 Ninove. Vous recevrez en prime nos conseils honn\u00eates et individuels en\u2026","_links":{"self":[{"href":"https:\/\/sc.digimotions.be\/fr\/wp-json\/wp\/v2\/pages\/2155","targetHints":{"allow":["GET"]}}],"collection":[{"href":"https:\/\/sc.digimotions.be\/fr\/wp-json\/wp\/v2\/pages"}],"about":[{"href":"https:\/\/sc.digimotions.be\/fr\/wp-json\/wp\/v2\/types\/page"}],"author":[{"embeddable":true,"href":"https:\/\/sc.digimotions.be\/fr\/wp-json\/wp\/v2\/users\/1"}],"replies":[{"embeddable":true,"href":"https:\/\/sc.digimotions.be\/fr\/wp-json\/wp\/v2\/comments?post=2155"}],"version-history":[{"count":12,"href":"https:\/\/sc.digimotions.be\/fr\/wp-json\/wp\/v2\/pages\/2155\/revisions"}],"predecessor-version":[{"id":6099,"href":"https:\/\/sc.digimotions.be\/fr\/wp-json\/wp\/v2\/pages\/2155\/revisions\/6099"}],"wp:attachment":[{"href":"https:\/\/sc.digimotions.be\/fr\/wp-json\/wp\/v2\/media?parent=2155"}],"curies":[{"name":"wp","href":"https:\/\/api.w.org\/{rel}","templated":true}]}}