{"id":2131,"date":"2021-06-29T15:15:38","date_gmt":"2021-06-29T15:15:38","guid":{"rendered":"https:\/\/sc.digimotions.be\/des-lits\/"},"modified":"2024-08-26T10:03:53","modified_gmt":"2024-08-26T10:03:53","slug":"acheter-un-nouveau-lit","status":"publish","type":"page","link":"https:\/\/sc.digimotions.be\/fr\/acheter-un-nouveau-lit\/","title":{"rendered":"Des lits"},"content":{"rendered":"\n\n\t<h1>\n\t\t\t\tVous voulez acheter un nouveau lit ? Slaap Concept vous guide dans votre choix!\n\t\t\t<\/h1>\n\t\t\tL&rsquo;achat d&rsquo;un nouveau lit n&rsquo;est pas toujours facile. Il suffit de penser \u00e0 la diversit\u00e9 de l&rsquo;offre de sommiers, sans parler des \u00e9normes diff\u00e9rences de qualit\u00e9 et de finition. Chez Slaap Concept, vous pouvez compter sur une gamme belge qualitative et s\u00e9lectionn\u00e9e avec soin ainsi que des conseils honn\u00eates et personnalis\u00e9s en mati\u00e8re de sommeil. Et vous avez l&rsquo;occasion d&rsquo;y r\u00e9fl\u00e9chir une nuit!\t\n\t\t\t<a href=\"\/fr\/contact\" title=\"Click Here\" target=\"_self\" role=\"button\" aria-label=\"Visitez notre showroom\" rel=\"noopener\">\n\t\t\t\t\t\t\tVisitez notre showroom\n\t\t<\/a>\n\t<h2>\n\t\t\t\tSommier \u00e0 lattes ou boxspring\n\t\t\t<\/h2>\n\t<p>De quel type de support de lit\/sommier avez-vous besoin? C&rsquo;est la question cl\u00e9! Chez Slaap Concept, vous avez le choix entre deux types, et plus pr\u00e9cis\u00e9ment:<\/p>\n<ul>\n<li>un lit classique compos\u00e9 d&rsquo;un cadre de lit avec un sommier \u00e0<strong> <a href=\"https:\/\/sc.digimotions.be\/fr\/sommiers-a-lattes\/\">lattes assorti<\/a><\/strong><\/li>\n<li>un (lit) <strong><a href=\"https:\/\/sc.digimotions.be\/fr\/acheter-boxspring\/\">boxspring<\/a><\/strong><\/li>\n<\/ul>\n<p>Le meilleur choix pour vous d\u00e9pend de vos go\u00fbts personnels et de ce qui est important pour vous. Est-ce le design du lit ou plut\u00f4t l&rsquo;aspect ergonomique? Et doit-il s&rsquo;agir d&rsquo;une version plate, r\u00e9glable manuellement ou \u00e9lectriquement? Nous vous pr\u00e9sentons la totalit\u00e9 de l&rsquo;offre et nous d\u00e9terminons avec vous votre syst\u00e8me de couchage ultime pour vous offrir votre exp\u00e9rience de sommeil ultime!<\/p>\n<h3>Acheter un nouveau lit en toute tranquillit\u00e9 chez Slaap Concept<\/h3>\nNous passons environ un tiers de notre vie \u00e0 dormir. Acheter un nouveau lit ne peut donc pas se faire \u00e0 la va-vite. Passez nous voir, et nous prendrons le temps d&rsquo;apprendre \u00e0 nous conna\u00eetre. Apr\u00e8s un bref entretien pr\u00e9liminaire, vous pourrez essayer nos diff\u00e9rents lits et <strong><a href=\"https:\/\/sc.digimotions.be\/fr\/acheter-un-nouveau-matelas\/\">matelas<\/a><\/strong> \u00e0 votre guise.<br \/>\nNous vous guidons en vous donnant des conseils professionnels et individuels. Nous tenons \u00e9galement compte de votre morphologie, de vos probl\u00e8mes existants&#8230; tout comme de vos pr\u00e9f\u00e9rences personnelles en mati\u00e8re de version (plate, \u00e9lectrique&#8230;), de design (tissu, cuir&#8230;) et de forme (droite, arrondie&#8230;). En outre, nous travaillons avec des instruments de mesure, tels que<strong> <a href=\"https:\/\/sc.digimotions.be\/fr\/voici-comment-choisir-le-meilleur-matelas-pour-votre-corps\/\">le scanner vert\u00e9bral<\/a><\/strong>, pour d\u00e9terminer le meilleur matelas.\n\t\t\t\t<img loading=\"lazy\" decoding=\"async\" src=\"https:\/\/sc.digimotions.be\/wp-content\/uploads\/2021\/04\/JOY.jpg\" alt=\"JOY\" itemprop=\"image\" height=\"650\" width=\"1280\" title=\"JOY\" onerror=\"this.style.display='none'\"  \/>\n\t<h2>\n\t\t\t\tOptez pour un confort de sommeil optimal\n\t\t\t<\/h2>\n\t<p>Un sommier de qualit\u00e9, associ\u00e9 au bon matelas, d\u00e9termine le niveau de confort de votre sommeil. Cette association doit \u00eatre vraiment tr\u00e8s bonne afin que votre corps soit soutenu de mani\u00e8re optimale pendant votre sommeil. Pour porter votre confort de sommeil \u00e0 un niveau ultime, vous avez \u00e9galement besoin d&rsquo;un oreiller et d&rsquo;une couette adapt\u00e9s. C&rsquo;est pourquoi, dans notre magasin de literie \u00e0 Ninove, vous trouverez une vaste <strong><a href=\"https:\/\/sc.digimotions.be\/fr\/meilleur-oreiller\/\">collection d&rsquo;oreillers<\/a><\/strong> et de <strong><a href=\"https:\/\/sc.digimotions.be\/fr\/linge-de-lit\/\">linge de lit<\/a><\/strong> pour composer l&rsquo;ensemble id\u00e9al.<\/p>\n\t\t\t<a href=\"\/fr\/contact\" title=\"Click Here\" target=\"_self\" role=\"button\" aria-label=\"Contact et heures d&#039;ouverture\" rel=\"noopener\">\n\t\t\t\t\t\t\tContact et heures d&rsquo;ouverture\n\t\t<\/a>\n\t<h2>\n\t\t\t\tNOS LITS\n\t\t\t<\/h2>\n\t\t\t\t<a href=\"https:\/\/sc.digimotions.be\/fr\/sommiers-a-lattes\/\" target=\"_self\" itemprop=\"url\" rel=\"noopener\">\n\t\t\t\t<img loading=\"lazy\" decoding=\"async\" src=\"https:\/\/sc.digimotions.be\/wp-content\/uploads\/2021\/07\/Bedden-en-lattenbodems.jpg\" alt=\"Bedden-en-lattenbodems\" itemprop=\"image\" height=\"1335\" width=\"2000\" title=\"Bedden-en-lattenbodems\" onerror=\"this.style.display='none'\"  \/>\n\t\t\t\t<\/a>\n\t<h3>\n\t\t\t\tLits et sommiers \u00e0 lattes\n\t\t\t<\/h3>\n\t\t\t<p>Offrez \u00e0 votre corps et \u00e0 votre matelas le soutien parfait gr\u00e2ce \u00e0 nos sommiers \u00e0 lattes de qualit\u00e9.<\/p>\t\n\t\t\t\t<a href=\"https:\/\/sc.digimotions.be\/fr\/acheter-boxspring\/\" target=\"_self\" itemprop=\"url\" rel=\"noopener\">\n\t\t\t\t<img loading=\"lazy\" decoding=\"async\" src=\"https:\/\/sc.digimotions.be\/wp-content\/uploads\/2021\/07\/25-M_Donatello_HR.jpg\" alt=\"25---M_Donatello_HR\" itemprop=\"image\" height=\"1331\" width=\"2000\" title=\"25---M_Donatello_HR\" onerror=\"this.style.display='none'\"  \/>\n\t\t\t\t<\/a>\n\t<h3>\n\t\t\t\tBoxsprings\n\t\t\t<\/h3>\n\t\t\tGr\u00e2ce \u00e0 l&rsquo;un de nos \u00e9l\u00e9gants boxsprings, r\u00e9veillez-vous chaque matin dans votre propre lit d&rsquo;h\u00f4tel de luxe.\t\n\t<h2>\n\t\t\t\tD\u00c9COUVREZ NOS LITS DANS NOTRE SALLE D&rsquo;EXPOSITION\n\t\t\t<\/h2>\n\t\t\t<a href=\"\/fr\/contact\" title=\"Click Here\" target=\"_self\" role=\"button\" aria-label=\"Contact et heures d&#039;ouverture\" rel=\"noopener\">\n\t\t\t\t\t\t\tContact et heures d&rsquo;ouverture\n\t\t<\/a>\n\t<h2>\n\t\t\t\tNos marques\n\t\t\t<\/h2>\n\t\t\t\t<a href=\"https:\/\/sc.digimotions.be\/Equilli-matras\" target=\"_self\" itemprop=\"url\" rel=\"noopener\">\n\t\t\t\t<img decoding=\"async\" src=\"https:\/\/sc.digimotions.be\/wp-content\/uploads\/2021\/04\/equilli.png\" alt=\"equilli\" title=\"equilli\" itemprop=\"image\"  \/>\n\t\t\t\t\t\t<\/a>\n\t\t\t\t<a href=\"https:\/\/sc.digimotions.be\/recor-bedding\/\" target=\"_self\" itemprop=\"url\" rel=\"noopener\">\n\t\t\t\t<img decoding=\"async\" src=\"https:\/\/sc.digimotions.be\/wp-content\/uploads\/2024\/04\/recor-bedding-logo-nieuw.png\" alt=\"recor-bedding-logo-nieuw\" title=\"recor-bedding-logo-nieuw\" itemprop=\"image\"  \/>\n\t\t\t\t\t\t<\/a>\n\t\t\t\t<img decoding=\"async\" src=\"https:\/\/sc.digimotions.be\/wp-content\/uploads\/2023\/04\/Logo-Kreamat.png\" alt=\"Logo Kreamat\" title=\"Logo Kreamat\" itemprop=\"image\"  \/>\n\t<h3>\n\t\t\t\tVous voulez vous r\u00e9veiller chaque jour en vous sentant bien repos\u00e9 ?\n\t\t\t<\/h3>\n\t\t\t<p>Alors, venez nous rendre une petite visite. Dans une atmosph\u00e8re d\u00e9tendue et conviviale, nous vous aiderons \u00e0 trouver votre confort de sommeil optimal.<\/p>\t\n\t\t\t<a href=\"https:\/\/sc.digimotions.be\/fr\/contactez-nous\/\" title=\"Click Here\" target=\"_self\" role=\"button\" aria-label=\"Venez nous voir\" rel=\"noopener\">\n\t\t\t\t\t\t\tVenez nous voir\n\t\t<\/a>\n\n","protected":false},"excerpt":{"rendered":"<p>Vous voulez acheter un nouveau lit ? Slaap Concept vous guide dans votre choix! L&rsquo;achat d&rsquo;un nouveau lit n&rsquo;est pas toujours facile. Il suffit de penser \u00e0 la diversit\u00e9 de l&rsquo;offre de sommiers, sans parler des \u00e9normes diff\u00e9rences de qualit\u00e9 et de finition. Chez Slaap Concept, vous pouvez compter sur une gamme belge qualitative et [&hellip;]<\/p>\n","protected":false},"author":1,"featured_media":0,"parent":0,"menu_order":0,"comment_status":"closed","ping_status":"closed","template":"","meta":{"_uag_custom_page_level_css":"","site-sidebar-layout":"no-sidebar","site-content-layout":"page-builder","ast-site-content-layout":"full-width-container","site-content-style":"unboxed","site-sidebar-style":"unboxed","ast-global-header-display":"","ast-banner-title-visibility":"","ast-main-header-display":"","ast-hfb-above-header-display":"","ast-hfb-below-header-display":"","ast-hfb-mobile-header-display":"","site-post-title":"disabled","ast-breadcrumbs-content":"","ast-featured-img":"disabled","footer-sml-layout":"","ast-disable-related-posts":"","theme-transparent-header-meta":"default","adv-header-id-meta":"","stick-header-meta":"default","header-above-stick-meta":"","header-main-stick-meta":"","header-below-stick-meta":"","astra-migrate-meta-layouts":"default","ast-page-background-enabled":"default","ast-page-background-meta":{"desktop":{"background-color":"","background-image":"","background-repeat":"repeat","background-position":"center center","background-size":"auto","background-attachment":"scroll","background-type":"","background-media":"","overlay-type":"","overlay-color":"","overlay-opacity":"","overlay-gradient":""},"tablet":{"background-color":"","background-image":"","background-repeat":"repeat","background-position":"center center","background-size":"auto","background-attachment":"scroll","background-type":"","background-media":"","overlay-type":"","overlay-color":"","overlay-opacity":"","overlay-gradient":""},"mobile":{"background-color":"","background-image":"","background-repeat":"repeat","background-position":"center center","background-size":"auto","background-attachment":"scroll","background-type":"","background-media":"","overlay-type":"","overlay-color":"","overlay-opacity":"","overlay-gradient":""}},"ast-content-background-meta":{"desktop":{"background-color":"var(--ast-global-color-5)","background-image":"","background-repeat":"repeat","background-position":"center center","background-size":"auto","background-attachment":"scroll","background-type":"","background-media":"","overlay-type":"","overlay-color":"","overlay-opacity":"","overlay-gradient":""},"tablet":{"background-color":"var(--ast-global-color-5)","background-image":"","background-repeat":"repeat","background-position":"center center","background-size":"auto","background-attachment":"scroll","background-type":"","background-media":"","overlay-type":"","overlay-color":"","overlay-opacity":"","overlay-gradient":""},"mobile":{"background-color":"var(--ast-global-color-5)","background-image":"","background-repeat":"repeat","background-position":"center center","background-size":"auto","background-attachment":"scroll","background-type":"","background-media":"","overlay-type":"","overlay-color":"","overlay-opacity":"","overlay-gradient":""}},"footnotes":""},"class_list":["post-2131","page","type-page","status-publish","hentry"],"yoast_head":"<!-- This site is optimized with the Yoast SEO plugin v27.4 - https:\/\/yoast.com\/product\/yoast-seo-wordpress\/ -->\n<title>Vous voulez acheter un nouveau lit ? Vous pouvez compter sur les conseils de Slaap Concept!<\/title>\n<meta name=\"description\" content=\"Acheter un nouveau lit ne peut pas \u00eatre une d\u00e9cision pr\u00e9cipit\u00e9e. Nous prenons volontiers le temps d&#039;identifier vos besoins personnels en mati\u00e8re de sommeil. Cliquez pour en savoir plus.\" \/>\n<meta name=\"robots\" content=\"index, follow, max-snippet:-1, max-image-preview:large, max-video-preview:-1\" \/>\n<link rel=\"canonical\" href=\"https:\/\/sc.digimotions.be\/fr\/acheter-un-nouveau-lit\/\" \/>\n<meta property=\"og:locale\" content=\"fr_FR\" \/>\n<meta property=\"og:type\" content=\"article\" \/>\n<meta property=\"og:title\" content=\"Vous voulez acheter un nouveau lit ? Vous pouvez compter sur les conseils de Slaap Concept!\" \/>\n<meta property=\"og:description\" content=\"Acheter un nouveau lit ne peut pas \u00eatre une d\u00e9cision pr\u00e9cipit\u00e9e. Nous prenons volontiers le temps d&#039;identifier vos besoins personnels en mati\u00e8re de sommeil. Cliquez pour en savoir plus.\" \/>\n<meta property=\"og:url\" content=\"https:\/\/sc.digimotions.be\/fr\/acheter-un-nouveau-lit\/\" \/>\n<meta property=\"og:site_name\" content=\"Slaap Concept\" \/>\n<meta property=\"article:modified_time\" content=\"2024-08-26T10:03:53+00:00\" \/>\n<meta property=\"og:image\" content=\"https:\/\/sc.digimotions.be\/wp-content\/uploads\/2021\/04\/JOY.jpg\" \/>\n<meta name=\"twitter:card\" content=\"summary_large_image\" \/>\n<meta name=\"twitter:label1\" content=\"Dur\u00e9e de lecture estim\u00e9e\" \/>\n\t<meta name=\"twitter:data1\" content=\"4 minutes\" \/>\n<script type=\"application\/ld+json\" class=\"yoast-schema-graph\">{\"@context\":\"https:\\\/\\\/schema.org\",\"@graph\":[{\"@type\":\"WebPage\",\"@id\":\"https:\\\/\\\/sc.digimotions.be\\\/fr\\\/acheter-un-nouveau-lit\\\/\",\"url\":\"https:\\\/\\\/sc.digimotions.be\\\/fr\\\/acheter-un-nouveau-lit\\\/\",\"name\":\"Vous voulez acheter un nouveau lit ? Vous pouvez compter sur les conseils de Slaap Concept!\",\"isPartOf\":{\"@id\":\"https:\\\/\\\/sc.digimotions.be\\\/fr\\\/#website\"},\"primaryImageOfPage\":{\"@id\":\"https:\\\/\\\/sc.digimotions.be\\\/fr\\\/acheter-un-nouveau-lit\\\/#primaryimage\"},\"image\":{\"@id\":\"https:\\\/\\\/sc.digimotions.be\\\/fr\\\/acheter-un-nouveau-lit\\\/#primaryimage\"},\"thumbnailUrl\":\"https:\\\/\\\/sc.digimotions.be\\\/wp-content\\\/uploads\\\/2021\\\/04\\\/JOY.jpg\",\"datePublished\":\"2021-06-29T15:15:38+00:00\",\"dateModified\":\"2024-08-26T10:03:53+00:00\",\"description\":\"Acheter un nouveau lit ne peut pas \u00eatre une d\u00e9cision pr\u00e9cipit\u00e9e. Nous prenons volontiers le temps d'identifier vos besoins personnels en mati\u00e8re de sommeil. Cliquez pour en savoir plus.\",\"breadcrumb\":{\"@id\":\"https:\\\/\\\/sc.digimotions.be\\\/fr\\\/acheter-un-nouveau-lit\\\/#breadcrumb\"},\"inLanguage\":\"fr-FR\",\"potentialAction\":[{\"@type\":\"ReadAction\",\"target\":[\"https:\\\/\\\/sc.digimotions.be\\\/fr\\\/acheter-un-nouveau-lit\\\/\"]}]},{\"@type\":\"ImageObject\",\"inLanguage\":\"fr-FR\",\"@id\":\"https:\\\/\\\/sc.digimotions.be\\\/fr\\\/acheter-un-nouveau-lit\\\/#primaryimage\",\"url\":\"https:\\\/\\\/sc.digimotions.be\\\/wp-content\\\/uploads\\\/2021\\\/04\\\/JOY.jpg\",\"contentUrl\":\"https:\\\/\\\/sc.digimotions.be\\\/wp-content\\\/uploads\\\/2021\\\/04\\\/JOY.jpg\"},{\"@type\":\"BreadcrumbList\",\"@id\":\"https:\\\/\\\/sc.digimotions.be\\\/fr\\\/acheter-un-nouveau-lit\\\/#breadcrumb\",\"itemListElement\":[{\"@type\":\"ListItem\",\"position\":1,\"name\":\"Home\",\"item\":\"https:\\\/\\\/sc.digimotions.be\\\/fr\\\/\"},{\"@type\":\"ListItem\",\"position\":2,\"name\":\"Des lits\"}]},{\"@type\":\"WebSite\",\"@id\":\"https:\\\/\\\/sc.digimotions.be\\\/fr\\\/#website\",\"url\":\"https:\\\/\\\/sc.digimotions.be\\\/fr\\\/\",\"name\":\"Slaap Concept\",\"description\":\"Jouw ultieme slaapervaring vind je bij Slaap Concept\",\"publisher\":{\"@id\":\"https:\\\/\\\/sc.digimotions.be\\\/fr\\\/#organization\"},\"potentialAction\":[{\"@type\":\"SearchAction\",\"target\":{\"@type\":\"EntryPoint\",\"urlTemplate\":\"https:\\\/\\\/sc.digimotions.be\\\/fr\\\/?s={search_term_string}\"},\"query-input\":{\"@type\":\"PropertyValueSpecification\",\"valueRequired\":true,\"valueName\":\"search_term_string\"}}],\"inLanguage\":\"fr-FR\"},{\"@type\":\"Organization\",\"@id\":\"https:\\\/\\\/sc.digimotions.be\\\/fr\\\/#organization\",\"name\":\"Slaap Concept\",\"url\":\"https:\\\/\\\/sc.digimotions.be\\\/fr\\\/\",\"logo\":{\"@type\":\"ImageObject\",\"inLanguage\":\"fr-FR\",\"@id\":\"https:\\\/\\\/sc.digimotions.be\\\/fr\\\/#\\\/schema\\\/logo\\\/image\\\/\",\"url\":\"https:\\\/\\\/sc.digimotions.be\\\/wp-content\\\/uploads\\\/2021\\\/04\\\/logo.png\",\"contentUrl\":\"https:\\\/\\\/sc.digimotions.be\\\/wp-content\\\/uploads\\\/2021\\\/04\\\/logo.png\",\"width\":645,\"height\":241,\"caption\":\"Slaap Concept\"},\"image\":{\"@id\":\"https:\\\/\\\/sc.digimotions.be\\\/fr\\\/#\\\/schema\\\/logo\\\/image\\\/\"}}]}<\/script>\n<!-- \/ Yoast SEO plugin. -->","yoast_head_json":{"title":"Vous voulez acheter un nouveau lit ? Vous pouvez compter sur les conseils de Slaap Concept!","description":"Acheter un nouveau lit ne peut pas \u00eatre une d\u00e9cision pr\u00e9cipit\u00e9e. Nous prenons volontiers le temps d'identifier vos besoins personnels en mati\u00e8re de sommeil. Cliquez pour en savoir plus.","robots":{"index":"index","follow":"follow","max-snippet":"max-snippet:-1","max-image-preview":"max-image-preview:large","max-video-preview":"max-video-preview:-1"},"canonical":"https:\/\/sc.digimotions.be\/fr\/acheter-un-nouveau-lit\/","og_locale":"fr_FR","og_type":"article","og_title":"Vous voulez acheter un nouveau lit ? Vous pouvez compter sur les conseils de Slaap Concept!","og_description":"Acheter un nouveau lit ne peut pas \u00eatre une d\u00e9cision pr\u00e9cipit\u00e9e. Nous prenons volontiers le temps d'identifier vos besoins personnels en mati\u00e8re de sommeil. Cliquez pour en savoir plus.","og_url":"https:\/\/sc.digimotions.be\/fr\/acheter-un-nouveau-lit\/","og_site_name":"Slaap Concept","article_modified_time":"2024-08-26T10:03:53+00:00","og_image":[{"url":"https:\/\/sc.digimotions.be\/wp-content\/uploads\/2021\/04\/JOY.jpg","type":"","width":"","height":""}],"twitter_card":"summary_large_image","twitter_misc":{"Dur\u00e9e de lecture estim\u00e9e":"4 minutes"},"schema":{"@context":"https:\/\/schema.org","@graph":[{"@type":"WebPage","@id":"https:\/\/sc.digimotions.be\/fr\/acheter-un-nouveau-lit\/","url":"https:\/\/sc.digimotions.be\/fr\/acheter-un-nouveau-lit\/","name":"Vous voulez acheter un nouveau lit ? Vous pouvez compter sur les conseils de Slaap Concept!","isPartOf":{"@id":"https:\/\/sc.digimotions.be\/fr\/#website"},"primaryImageOfPage":{"@id":"https:\/\/sc.digimotions.be\/fr\/acheter-un-nouveau-lit\/#primaryimage"},"image":{"@id":"https:\/\/sc.digimotions.be\/fr\/acheter-un-nouveau-lit\/#primaryimage"},"thumbnailUrl":"https:\/\/sc.digimotions.be\/wp-content\/uploads\/2021\/04\/JOY.jpg","datePublished":"2021-06-29T15:15:38+00:00","dateModified":"2024-08-26T10:03:53+00:00","description":"Acheter un nouveau lit ne peut pas \u00eatre une d\u00e9cision pr\u00e9cipit\u00e9e. Nous prenons volontiers le temps d'identifier vos besoins personnels en mati\u00e8re de sommeil. Cliquez pour en savoir plus.","breadcrumb":{"@id":"https:\/\/sc.digimotions.be\/fr\/acheter-un-nouveau-lit\/#breadcrumb"},"inLanguage":"fr-FR","potentialAction":[{"@type":"ReadAction","target":["https:\/\/sc.digimotions.be\/fr\/acheter-un-nouveau-lit\/"]}]},{"@type":"ImageObject","inLanguage":"fr-FR","@id":"https:\/\/sc.digimotions.be\/fr\/acheter-un-nouveau-lit\/#primaryimage","url":"https:\/\/sc.digimotions.be\/wp-content\/uploads\/2021\/04\/JOY.jpg","contentUrl":"https:\/\/sc.digimotions.be\/wp-content\/uploads\/2021\/04\/JOY.jpg"},{"@type":"BreadcrumbList","@id":"https:\/\/sc.digimotions.be\/fr\/acheter-un-nouveau-lit\/#breadcrumb","itemListElement":[{"@type":"ListItem","position":1,"name":"Home","item":"https:\/\/sc.digimotions.be\/fr\/"},{"@type":"ListItem","position":2,"name":"Des lits"}]},{"@type":"WebSite","@id":"https:\/\/sc.digimotions.be\/fr\/#website","url":"https:\/\/sc.digimotions.be\/fr\/","name":"Slaap Concept","description":"Jouw ultieme slaapervaring vind je bij Slaap Concept","publisher":{"@id":"https:\/\/sc.digimotions.be\/fr\/#organization"},"potentialAction":[{"@type":"SearchAction","target":{"@type":"EntryPoint","urlTemplate":"https:\/\/sc.digimotions.be\/fr\/?s={search_term_string}"},"query-input":{"@type":"PropertyValueSpecification","valueRequired":true,"valueName":"search_term_string"}}],"inLanguage":"fr-FR"},{"@type":"Organization","@id":"https:\/\/sc.digimotions.be\/fr\/#organization","name":"Slaap Concept","url":"https:\/\/sc.digimotions.be\/fr\/","logo":{"@type":"ImageObject","inLanguage":"fr-FR","@id":"https:\/\/sc.digimotions.be\/fr\/#\/schema\/logo\/image\/","url":"https:\/\/sc.digimotions.be\/wp-content\/uploads\/2021\/04\/logo.png","contentUrl":"https:\/\/sc.digimotions.be\/wp-content\/uploads\/2021\/04\/logo.png","width":645,"height":241,"caption":"Slaap Concept"},"image":{"@id":"https:\/\/sc.digimotions.be\/fr\/#\/schema\/logo\/image\/"}}]}},"uagb_featured_image_src":{"full":false,"thumbnail":false,"medium":false,"medium_large":false,"large":false,"1536x1536":false,"2048x2048":false,"gform-image-choice-sm":false,"gform-image-choice-md":false,"gform-image-choice-lg":false,"woocommerce_thumbnail":false,"woocommerce_single":false,"woocommerce_gallery_thumbnail":false},"uagb_author_info":{"display_name":"admin","author_link":"https:\/\/sc.digimotions.be\/fr\/author\/admin\/"},"uagb_comment_info":0,"uagb_excerpt":"Vous voulez acheter un nouveau lit ? Slaap Concept vous guide dans votre choix! L&rsquo;achat d&rsquo;un nouveau lit n&rsquo;est pas toujours facile. Il suffit de penser \u00e0 la diversit\u00e9 de l&rsquo;offre de sommiers, sans parler des \u00e9normes diff\u00e9rences de qualit\u00e9 et de finition. Chez Slaap Concept, vous pouvez compter sur une gamme belge qualitative et\u2026","_links":{"self":[{"href":"https:\/\/sc.digimotions.be\/fr\/wp-json\/wp\/v2\/pages\/2131","targetHints":{"allow":["GET"]}}],"collection":[{"href":"https:\/\/sc.digimotions.be\/fr\/wp-json\/wp\/v2\/pages"}],"about":[{"href":"https:\/\/sc.digimotions.be\/fr\/wp-json\/wp\/v2\/types\/page"}],"author":[{"embeddable":true,"href":"https:\/\/sc.digimotions.be\/fr\/wp-json\/wp\/v2\/users\/1"}],"replies":[{"embeddable":true,"href":"https:\/\/sc.digimotions.be\/fr\/wp-json\/wp\/v2\/comments?post=2131"}],"version-history":[{"count":25,"href":"https:\/\/sc.digimotions.be\/fr\/wp-json\/wp\/v2\/pages\/2131\/revisions"}],"predecessor-version":[{"id":6014,"href":"https:\/\/sc.digimotions.be\/fr\/wp-json\/wp\/v2\/pages\/2131\/revisions\/6014"}],"wp:attachment":[{"href":"https:\/\/sc.digimotions.be\/fr\/wp-json\/wp\/v2\/media?parent=2131"}],"curies":[{"name":"wp","href":"https:\/\/api.w.org\/{rel}","templated":true}]}}