{"id":2050,"date":"2021-06-29T14:12:16","date_gmt":"2021-06-29T14:12:16","guid":{"rendered":"https:\/\/sc.digimotions.be\/home\/"},"modified":"2024-08-26T10:02:30","modified_gmt":"2024-08-26T10:02:30","slug":"home","status":"publish","type":"page","link":"https:\/\/sc.digimotions.be\/fr\/","title":{"rendered":"Home"},"content":{"rendered":"\n\n\t<h1>\n\t\t\t\tChez nous, vous n&rsquo;achetez pas seulement un lit&#8230; vous achetez un CONCEPT DE COUCHAGE unique et personnalis\u00e9\n\t\t\t<\/h1>\n\t\t\t<em>\u00ab\u00a0Un syst\u00e8me de couchage qui r\u00e9pond \u00e0 vos besoins personnels fera toute la diff\u00e9rence.\u00a0\u00bb<\/em>\t\n\t\t\t<a href=\"\/fr\/contact\" target=\"_self\" rel=\"noopener\">\n\t\t\t\t\t\t\tVISITEZ NOTRE SHOWROOM\n\t\t\t<\/a>\n\t<h2>\n\t\t\t\tVous trouverez votre exp\u00e9rience de sommeil ultime chez Slaap Concept\n\t\t\t<\/h2>\n\t\t\tNous sommes Caroline Windels et Werner Debroye, les initiateurs de Slaap Concept. Dans notre agr\u00e9able magasin de literie \u00e0 Ninove, nous nous concentrons sur l&rsquo;essence du sommeil : vous offrir de bonnes et in\u00e9galables nuits de sommeil. Nous voulons ainsi vous aider \u00e0 renforcer votre mode de vie sain. En effet, une vie saine ne se r\u00e9sume pas \u00e0 une bonne alimentation et \u00e0 de l&rsquo;exercice physique, elle inclut \u00e9galement un bon sommeil.\t\n\t\t\t<a href=\"https:\/\/sc.digimotions.be\/fr\/magasin-de-literie\/\" title=\"Click Here\" target=\"_self\" role=\"button\" aria-label=\"Lire plus\" rel=\"noopener\">\n\t\t\t\t\t\t\tLire plus\n\t\t<\/a>\n\t\t\t\t<img loading=\"lazy\" decoding=\"async\" src=\"https:\/\/sc.digimotions.be\/wp-content\/uploads\/2023\/03\/SlaapConcept-home.jpg\" alt=\"SlaapConcept-home\" itemprop=\"image\" height=\"1000\" width=\"1500\" title=\"SlaapConcept-home\" onerror=\"this.style.display='none'\"  \/>\n\t<h2>\n\t\t\t\tNos solutions de sommeil\n\t\t\t<\/h2>\n\t\t\t\t<a href=\"https:\/\/sc.digimotions.be\/fr\/acheter-un-nouveau-lit\/\" target=\"_self\" itemprop=\"url\" rel=\"noopener\">\n\t\t\t\t<img loading=\"lazy\" decoding=\"async\" src=\"https:\/\/sc.digimotions.be\/wp-content\/uploads\/2023\/04\/bedden.jpg\" alt=\"bedden\" itemprop=\"image\" height=\"1331\" width=\"2000\" title=\"bedden\" onerror=\"this.style.display='none'\"  \/>\n\t\t\t\t<\/a>\n\t<h3>\n\t\t\t\t<a href=\"https:\/\/sc.digimotions.be\/fr\/acheter-un-nouveau-lit\/\" title=\"Lits\" target=\"_self\" rel=\"noopener\">\n\t\t\t\tLits\n\t\t\t\t<\/a>\n\t\t\t<\/h3>\n\t\t\t<p>Gr\u00e2ce \u00e0 notre gamme de marques de lits belges de qualit\u00e9, vous pouvez dormir sur vos deux oreilles.<\/p>\t\n\t\t\t\t<a href=\"https:\/\/sc.digimotions.be\/fr\/acheter-boxspring\/\" target=\"_self\" itemprop=\"url\" rel=\"noopener\">\n\t\t\t\t<img loading=\"lazy\" decoding=\"async\" src=\"https:\/\/sc.digimotions.be\/wp-content\/uploads\/2021\/04\/15-M_Classico_Comfort-Lift_HR-2.jpg\" alt=\"15---M_Classico_Comfort-Lift_HR\" itemprop=\"image\" height=\"1331\" width=\"2000\" title=\"15---M_Classico_Comfort-Lift_HR\" onerror=\"this.style.display='none'\"  \/>\n\t\t\t\t<\/a>\n\t<h3>\n\t\t\t\t<a href=\"https:\/\/sc.digimotions.be\/fr\/acheter-boxspring\/\" title=\"Boxsprings\" target=\"_self\" rel=\"noopener\">\n\t\t\t\tBoxsprings\n\t\t\t\t<\/a>\n\t\t\t<\/h3>\n\t\t\t<p>R\u00e9veillez-vous dans votre propre lit d&rsquo;h\u00f4tel luxueux avec l&rsquo;un de nos sommiers \u00e9l\u00e9gants.<\/p>\t\n\t\t\t\t<a href=\"https:\/\/sc.digimotions.be\/fr\/acheter-un-nouveau-matelas\/\" target=\"_self\" itemprop=\"url\" rel=\"noopener\">\n\t\t\t\t<img loading=\"lazy\" decoding=\"async\" src=\"https:\/\/sc.digimotions.be\/wp-content\/uploads\/2022\/08\/Matrassen_Equilli-1.jpg\" alt=\"Matrassen_Equilli\" itemprop=\"image\" height=\"1331\" width=\"2000\" title=\"Matrassen_Equilli\" onerror=\"this.style.display='none'\"  \/>\n\t\t\t\t<\/a>\n\t<h3>\n\t\t\t\t<a href=\"https:\/\/sc.digimotions.be\/fr\/acheter-un-nouveau-matelas\/\" title=\"Matelas\" target=\"_self\" rel=\"noopener\">\n\t\t\t\tMatelas\n\t\t\t\t<\/a>\n\t\t\t<\/h3>\n\t\t\t<p>Le matelas d\u00e9termine en grande partie le confort de votre couchage. Choisissez donc la qualit\u00e9 et un matelas adapt\u00e9 \u00e0 votre corps et \u00e0 votre position de sommeil.<\/p>\t\n\t\t\t\t<a href=\"https:\/\/sc.digimotions.be\/fr\/sommiers-a-lattes\/\" target=\"_self\" itemprop=\"url\" rel=\"noopener\">\n\t\t\t\t<img loading=\"lazy\" decoding=\"async\" src=\"https:\/\/sc.digimotions.be\/wp-content\/uploads\/2021\/06\/lattenbodems.jpg\" alt=\"lattenbodems\" itemprop=\"image\" height=\"1331\" width=\"2000\" title=\"lattenbodems\" onerror=\"this.style.display='none'\"  \/>\n\t\t\t\t<\/a>\n\t<h3>\n\t\t\t\t<a href=\"https:\/\/sc.digimotions.be\/fr\/sommiers-a-lattes\/\" title=\"Sommiers \u00e0 lattes\" target=\"_self\" rel=\"noopener\">\n\t\t\t\tSommiers \u00e0 lattes\n\t\t\t\t<\/a>\n\t\t\t<\/h3>\n\t\t\t<p>Donnez \u00e0 votre corps et \u00e0 votre matelas le soutien parfait gr\u00e2ce \u00e0 nos sommiers \u00e0 lattes de qualit\u00e9.<\/p>\t\n\t\t\t\t<img loading=\"lazy\" decoding=\"async\" src=\"https:\/\/sc.digimotions.be\/wp-content\/uploads\/2021\/04\/aanhalingstekens.png\" alt=\"aanhalingstekens\" itemprop=\"image\" height=\"139\" width=\"250\" title=\"aanhalingstekens\" onerror=\"this.style.display='none'\"  \/>\n\t<h2>\n\t\t\t\tT\u00e9moignages\n\t\t\t<\/h2>\n\t\t\t\t\t\t\t<p>\u00ab\u00a0Nous allons ce soir nous coucher sans peur de nous r\u00e9veiller demain, apr\u00e8s une nuit difficile et douloureuse. Le dos est parfaitement soutenu, ni trop, ni trop peu. Apr\u00e8s un mois de rodage, tout semble bien se d\u00e9rouler, m\u00eame pour un multi op\u00e9r\u00e9 du dos. Merci de vos conseils, nous ne manquerons pas de vous tenir inform\u00e9s dans les mois \u00e0 venir.\u00a0\u00bb<\/p>\n\t\t\t\t\t\t\t\t<h3 class='uabb-testimonial-author-name testimonial-author-name'>Ren\u00e9 et Dorothy<\/h3>\t\t\t\t\t\t\t\t\n\t<h3>\n\t\t\t\tVous voulez vous r\u00e9veiller chaque jour en vous sentant bien repos\u00e9 ?\n\t\t\t<\/h3>\n\t\t\t<p>Alors, venez nous rendre une petite visite. Dans une atmosph\u00e8re d\u00e9tendue et conviviale, nous vous aiderons \u00e0 trouver votre confort de sommeil optimal.<\/p>\t\n\t\t\t<a href=\"https:\/\/sc.digimotions.be\/fr\/contactez-nous\/\" title=\"Click Here\" target=\"_self\" role=\"button\" aria-label=\"Venez nous voir\" rel=\"noopener\">\n\t\t\t\t\t\t\tVenez nous voir\n\t\t<\/a>\n\n","protected":false},"excerpt":{"rendered":"<p>Chez nous, vous n&rsquo;achetez pas seulement un lit&#8230; vous achetez un CONCEPT DE COUCHAGE unique et personnalis\u00e9 \u00ab\u00a0Un syst\u00e8me de couchage qui r\u00e9pond \u00e0 vos besoins personnels fera toute la diff\u00e9rence.\u00a0\u00bb VISITEZ NOTRE SHOWROOM Vous trouverez votre exp\u00e9rience de sommeil ultime chez Slaap Concept Nous sommes Caroline Windels et Werner Debroye, les initiateurs de Slaap [&hellip;]<\/p>\n","protected":false},"author":1,"featured_media":0,"parent":0,"menu_order":0,"comment_status":"closed","ping_status":"closed","template":"","meta":{"_uag_custom_page_level_css":"","site-sidebar-layout":"no-sidebar","site-content-layout":"page-builder","ast-site-content-layout":"default","site-content-style":"default","site-sidebar-style":"default","ast-global-header-display":"","ast-banner-title-visibility":"","ast-main-header-display":"","ast-hfb-above-header-display":"","ast-hfb-below-header-display":"","ast-hfb-mobile-header-display":"","site-post-title":"disabled","ast-breadcrumbs-content":"","ast-featured-img":"disabled","footer-sml-layout":"","ast-disable-related-posts":"","theme-transparent-header-meta":"default","adv-header-id-meta":"","stick-header-meta":"default","header-above-stick-meta":"","header-main-stick-meta":"","header-below-stick-meta":"","astra-migrate-meta-layouts":"default","ast-page-background-enabled":"default","ast-page-background-meta":{"desktop":{"background-color":"","background-image":"","background-repeat":"repeat","background-position":"center center","background-size":"auto","background-attachment":"scroll","background-type":"","background-media":"","overlay-type":"","overlay-color":"","overlay-opacity":"","overlay-gradient":""},"tablet":{"background-color":"","background-image":"","background-repeat":"repeat","background-position":"center center","background-size":"auto","background-attachment":"scroll","background-type":"","background-media":"","overlay-type":"","overlay-color":"","overlay-opacity":"","overlay-gradient":""},"mobile":{"background-color":"","background-image":"","background-repeat":"repeat","background-position":"center center","background-size":"auto","background-attachment":"scroll","background-type":"","background-media":"","overlay-type":"","overlay-color":"","overlay-opacity":"","overlay-gradient":""}},"ast-content-background-meta":{"desktop":{"background-color":"var(--ast-global-color-5)","background-image":"","background-repeat":"repeat","background-position":"center center","background-size":"auto","background-attachment":"scroll","background-type":"","background-media":"","overlay-type":"","overlay-color":"","overlay-opacity":"","overlay-gradient":""},"tablet":{"background-color":"var(--ast-global-color-5)","background-image":"","background-repeat":"repeat","background-position":"center center","background-size":"auto","background-attachment":"scroll","background-type":"","background-media":"","overlay-type":"","overlay-color":"","overlay-opacity":"","overlay-gradient":""},"mobile":{"background-color":"var(--ast-global-color-5)","background-image":"","background-repeat":"repeat","background-position":"center center","background-size":"auto","background-attachment":"scroll","background-type":"","background-media":"","overlay-type":"","overlay-color":"","overlay-opacity":"","overlay-gradient":""}},"footnotes":""},"class_list":["post-2050","page","type-page","status-publish","hentry"],"yoast_head":"<!-- This site is optimized with the Yoast SEO plugin v27.4 - https:\/\/yoast.com\/product\/yoast-seo-wordpress\/ -->\n<title>Vous trouverez votre exp\u00e9rience de sommeil ultime chez Slaap Concept \u00e0 Ninove<\/title>\n<meta name=\"description\" content=\"Dans notre agr\u00e9able magasin de literie \u00e0 Ninove, nous nous concentrons sur l&#039;essence du sommeil : vous offrir de bonnes et in\u00e9galables nuits de sommeil. D\u00e9couvrez-en vite davantage.\" \/>\n<meta name=\"robots\" content=\"index, follow, max-snippet:-1, max-image-preview:large, max-video-preview:-1\" \/>\n<link rel=\"canonical\" href=\"https:\/\/sc.digimotions.be\/fr\/\" \/>\n<meta property=\"og:locale\" content=\"fr_FR\" \/>\n<meta property=\"og:type\" content=\"article\" \/>\n<meta property=\"og:title\" content=\"Vous trouverez votre exp\u00e9rience de sommeil ultime chez Slaap Concept \u00e0 Ninove\" \/>\n<meta property=\"og:description\" content=\"Dans notre agr\u00e9able magasin de literie \u00e0 Ninove, nous nous concentrons sur l&#039;essence du sommeil : vous offrir de bonnes et in\u00e9galables nuits de sommeil. D\u00e9couvrez-en vite davantage.\" \/>\n<meta property=\"og:url\" content=\"https:\/\/sc.digimotions.be\/fr\/\" \/>\n<meta property=\"og:site_name\" content=\"Slaap Concept\" \/>\n<meta property=\"article:modified_time\" content=\"2024-08-26T10:02:30+00:00\" \/>\n<meta property=\"og:image\" content=\"https:\/\/sc.digimotions.be\/wp-content\/uploads\/2023\/03\/SlaapConcept-home.jpg\" \/>\n<meta name=\"twitter:card\" content=\"summary_large_image\" \/>\n<meta name=\"twitter:label1\" content=\"Dur\u00e9e de lecture estim\u00e9e\" \/>\n\t<meta name=\"twitter:data1\" content=\"3 minutes\" \/>\n<script type=\"application\/ld+json\" class=\"yoast-schema-graph\">{\"@context\":\"https:\\\/\\\/schema.org\",\"@graph\":[{\"@type\":\"WebPage\",\"@id\":\"https:\\\/\\\/sc.digimotions.be\\\/fr\\\/\",\"url\":\"https:\\\/\\\/sc.digimotions.be\\\/fr\\\/\",\"name\":\"Vous trouverez votre exp\u00e9rience de sommeil ultime chez Slaap Concept \u00e0 Ninove\",\"isPartOf\":{\"@id\":\"https:\\\/\\\/sc.digimotions.be\\\/fr\\\/#website\"},\"primaryImageOfPage\":{\"@id\":\"https:\\\/\\\/sc.digimotions.be\\\/fr\\\/#primaryimage\"},\"image\":{\"@id\":\"https:\\\/\\\/sc.digimotions.be\\\/fr\\\/#primaryimage\"},\"thumbnailUrl\":\"https:\\\/\\\/sc.digimotions.be\\\/wp-content\\\/uploads\\\/2023\\\/03\\\/SlaapConcept-home.jpg\",\"datePublished\":\"2021-06-29T14:12:16+00:00\",\"dateModified\":\"2024-08-26T10:02:30+00:00\",\"description\":\"Dans notre agr\u00e9able magasin de literie \u00e0 Ninove, nous nous concentrons sur l'essence du sommeil : vous offrir de bonnes et in\u00e9galables nuits de sommeil. D\u00e9couvrez-en vite davantage.\",\"breadcrumb\":{\"@id\":\"https:\\\/\\\/sc.digimotions.be\\\/fr\\\/#breadcrumb\"},\"inLanguage\":\"fr-FR\",\"potentialAction\":[{\"@type\":\"ReadAction\",\"target\":[\"https:\\\/\\\/sc.digimotions.be\\\/fr\\\/\"]}]},{\"@type\":\"ImageObject\",\"inLanguage\":\"fr-FR\",\"@id\":\"https:\\\/\\\/sc.digimotions.be\\\/fr\\\/#primaryimage\",\"url\":\"https:\\\/\\\/sc.digimotions.be\\\/wp-content\\\/uploads\\\/2023\\\/03\\\/SlaapConcept-home.jpg\",\"contentUrl\":\"https:\\\/\\\/sc.digimotions.be\\\/wp-content\\\/uploads\\\/2023\\\/03\\\/SlaapConcept-home.jpg\"},{\"@type\":\"BreadcrumbList\",\"@id\":\"https:\\\/\\\/sc.digimotions.be\\\/fr\\\/#breadcrumb\",\"itemListElement\":[{\"@type\":\"ListItem\",\"position\":1,\"name\":\"Home\",\"item\":\"https:\\\/\\\/sc.digimotions.be\\\/fr\\\/\"},{\"@type\":\"ListItem\",\"position\":2,\"name\":\"Home\"}]},{\"@type\":\"WebSite\",\"@id\":\"https:\\\/\\\/sc.digimotions.be\\\/fr\\\/#website\",\"url\":\"https:\\\/\\\/sc.digimotions.be\\\/fr\\\/\",\"name\":\"Slaap Concept\",\"description\":\"Jouw ultieme slaapervaring vind je bij Slaap Concept\",\"publisher\":{\"@id\":\"https:\\\/\\\/sc.digimotions.be\\\/fr\\\/#organization\"},\"potentialAction\":[{\"@type\":\"SearchAction\",\"target\":{\"@type\":\"EntryPoint\",\"urlTemplate\":\"https:\\\/\\\/sc.digimotions.be\\\/fr\\\/?s={search_term_string}\"},\"query-input\":{\"@type\":\"PropertyValueSpecification\",\"valueRequired\":true,\"valueName\":\"search_term_string\"}}],\"inLanguage\":\"fr-FR\"},{\"@type\":\"Organization\",\"@id\":\"https:\\\/\\\/sc.digimotions.be\\\/fr\\\/#organization\",\"name\":\"Slaap Concept\",\"url\":\"https:\\\/\\\/sc.digimotions.be\\\/fr\\\/\",\"logo\":{\"@type\":\"ImageObject\",\"inLanguage\":\"fr-FR\",\"@id\":\"https:\\\/\\\/sc.digimotions.be\\\/fr\\\/#\\\/schema\\\/logo\\\/image\\\/\",\"url\":\"https:\\\/\\\/sc.digimotions.be\\\/wp-content\\\/uploads\\\/2021\\\/04\\\/logo.png\",\"contentUrl\":\"https:\\\/\\\/sc.digimotions.be\\\/wp-content\\\/uploads\\\/2021\\\/04\\\/logo.png\",\"width\":645,\"height\":241,\"caption\":\"Slaap Concept\"},\"image\":{\"@id\":\"https:\\\/\\\/sc.digimotions.be\\\/fr\\\/#\\\/schema\\\/logo\\\/image\\\/\"}}]}<\/script>\n<!-- \/ Yoast SEO plugin. -->","yoast_head_json":{"title":"Vous trouverez votre exp\u00e9rience de sommeil ultime chez Slaap Concept \u00e0 Ninove","description":"Dans notre agr\u00e9able magasin de literie \u00e0 Ninove, nous nous concentrons sur l'essence du sommeil : vous offrir de bonnes et in\u00e9galables nuits de sommeil. D\u00e9couvrez-en vite davantage.","robots":{"index":"index","follow":"follow","max-snippet":"max-snippet:-1","max-image-preview":"max-image-preview:large","max-video-preview":"max-video-preview:-1"},"canonical":"https:\/\/sc.digimotions.be\/fr\/","og_locale":"fr_FR","og_type":"article","og_title":"Vous trouverez votre exp\u00e9rience de sommeil ultime chez Slaap Concept \u00e0 Ninove","og_description":"Dans notre agr\u00e9able magasin de literie \u00e0 Ninove, nous nous concentrons sur l'essence du sommeil : vous offrir de bonnes et in\u00e9galables nuits de sommeil. D\u00e9couvrez-en vite davantage.","og_url":"https:\/\/sc.digimotions.be\/fr\/","og_site_name":"Slaap Concept","article_modified_time":"2024-08-26T10:02:30+00:00","og_image":[{"url":"https:\/\/sc.digimotions.be\/wp-content\/uploads\/2023\/03\/SlaapConcept-home.jpg","type":"","width":"","height":""}],"twitter_card":"summary_large_image","twitter_misc":{"Dur\u00e9e de lecture estim\u00e9e":"3 minutes"},"schema":{"@context":"https:\/\/schema.org","@graph":[{"@type":"WebPage","@id":"https:\/\/sc.digimotions.be\/fr\/","url":"https:\/\/sc.digimotions.be\/fr\/","name":"Vous trouverez votre exp\u00e9rience de sommeil ultime chez Slaap Concept \u00e0 Ninove","isPartOf":{"@id":"https:\/\/sc.digimotions.be\/fr\/#website"},"primaryImageOfPage":{"@id":"https:\/\/sc.digimotions.be\/fr\/#primaryimage"},"image":{"@id":"https:\/\/sc.digimotions.be\/fr\/#primaryimage"},"thumbnailUrl":"https:\/\/sc.digimotions.be\/wp-content\/uploads\/2023\/03\/SlaapConcept-home.jpg","datePublished":"2021-06-29T14:12:16+00:00","dateModified":"2024-08-26T10:02:30+00:00","description":"Dans notre agr\u00e9able magasin de literie \u00e0 Ninove, nous nous concentrons sur l'essence du sommeil : vous offrir de bonnes et in\u00e9galables nuits de sommeil. D\u00e9couvrez-en vite davantage.","breadcrumb":{"@id":"https:\/\/sc.digimotions.be\/fr\/#breadcrumb"},"inLanguage":"fr-FR","potentialAction":[{"@type":"ReadAction","target":["https:\/\/sc.digimotions.be\/fr\/"]}]},{"@type":"ImageObject","inLanguage":"fr-FR","@id":"https:\/\/sc.digimotions.be\/fr\/#primaryimage","url":"https:\/\/sc.digimotions.be\/wp-content\/uploads\/2023\/03\/SlaapConcept-home.jpg","contentUrl":"https:\/\/sc.digimotions.be\/wp-content\/uploads\/2023\/03\/SlaapConcept-home.jpg"},{"@type":"BreadcrumbList","@id":"https:\/\/sc.digimotions.be\/fr\/#breadcrumb","itemListElement":[{"@type":"ListItem","position":1,"name":"Home","item":"https:\/\/sc.digimotions.be\/fr\/"},{"@type":"ListItem","position":2,"name":"Home"}]},{"@type":"WebSite","@id":"https:\/\/sc.digimotions.be\/fr\/#website","url":"https:\/\/sc.digimotions.be\/fr\/","name":"Slaap Concept","description":"Jouw ultieme slaapervaring vind je bij Slaap Concept","publisher":{"@id":"https:\/\/sc.digimotions.be\/fr\/#organization"},"potentialAction":[{"@type":"SearchAction","target":{"@type":"EntryPoint","urlTemplate":"https:\/\/sc.digimotions.be\/fr\/?s={search_term_string}"},"query-input":{"@type":"PropertyValueSpecification","valueRequired":true,"valueName":"search_term_string"}}],"inLanguage":"fr-FR"},{"@type":"Organization","@id":"https:\/\/sc.digimotions.be\/fr\/#organization","name":"Slaap Concept","url":"https:\/\/sc.digimotions.be\/fr\/","logo":{"@type":"ImageObject","inLanguage":"fr-FR","@id":"https:\/\/sc.digimotions.be\/fr\/#\/schema\/logo\/image\/","url":"https:\/\/sc.digimotions.be\/wp-content\/uploads\/2021\/04\/logo.png","contentUrl":"https:\/\/sc.digimotions.be\/wp-content\/uploads\/2021\/04\/logo.png","width":645,"height":241,"caption":"Slaap Concept"},"image":{"@id":"https:\/\/sc.digimotions.be\/fr\/#\/schema\/logo\/image\/"}}]}},"uagb_featured_image_src":{"full":false,"thumbnail":false,"medium":false,"medium_large":false,"large":false,"1536x1536":false,"2048x2048":false,"gform-image-choice-sm":false,"gform-image-choice-md":false,"gform-image-choice-lg":false,"woocommerce_thumbnail":false,"woocommerce_single":false,"woocommerce_gallery_thumbnail":false},"uagb_author_info":{"display_name":"admin","author_link":"https:\/\/sc.digimotions.be\/fr\/author\/admin\/"},"uagb_comment_info":0,"uagb_excerpt":"Chez nous, vous n&rsquo;achetez pas seulement un lit&#8230; vous achetez un CONCEPT DE COUCHAGE unique et personnalis\u00e9 \u00ab\u00a0Un syst\u00e8me de couchage qui r\u00e9pond \u00e0 vos besoins personnels fera toute la diff\u00e9rence.\u00a0\u00bb VISITEZ NOTRE SHOWROOM Vous trouverez votre exp\u00e9rience de sommeil ultime chez Slaap Concept Nous sommes Caroline Windels et Werner Debroye, les initiateurs de Slaap\u2026","_links":{"self":[{"href":"https:\/\/sc.digimotions.be\/fr\/wp-json\/wp\/v2\/pages\/2050","targetHints":{"allow":["GET"]}}],"collection":[{"href":"https:\/\/sc.digimotions.be\/fr\/wp-json\/wp\/v2\/pages"}],"about":[{"href":"https:\/\/sc.digimotions.be\/fr\/wp-json\/wp\/v2\/types\/page"}],"author":[{"embeddable":true,"href":"https:\/\/sc.digimotions.be\/fr\/wp-json\/wp\/v2\/users\/1"}],"replies":[{"embeddable":true,"href":"https:\/\/sc.digimotions.be\/fr\/wp-json\/wp\/v2\/comments?post=2050"}],"version-history":[{"count":34,"href":"https:\/\/sc.digimotions.be\/fr\/wp-json\/wp\/v2\/pages\/2050\/revisions"}],"predecessor-version":[{"id":6011,"href":"https:\/\/sc.digimotions.be\/fr\/wp-json\/wp\/v2\/pages\/2050\/revisions\/6011"}],"wp:attachment":[{"href":"https:\/\/sc.digimotions.be\/fr\/wp-json\/wp\/v2\/media?parent=2050"}],"curies":[{"name":"wp","href":"https:\/\/api.w.org\/{rel}","templated":true}]}}